{"id":9059,"date":"2024-05-17T19:15:51","date_gmt":"2024-05-17T17:15:51","guid":{"rendered":"https:\/\/catalogue.biofabmed.com\/?product=mindray-m-53-lyse-lh-500-ml-2"},"modified":"2024-07-29T14:03:28","modified_gmt":"2024-07-29T12:03:28","slug":"mindray-m-53-lyse-lh-500-ml-2","status":"publish","type":"product","link":"https:\/\/catalogue.biofabmed.com\/?product=mindray-m-53-lyse-lh-500-ml-2","title":{"rendered":"MINDRAY M-53 LYSE LH 500 ML"},"content":{"rendered":"<p>11. MINDRAY M-53 LYSE LH 500 ML : Identique au num\u00e9ro 6, ce r\u00e9actif d&#8217;h\u00e9molyse est utilis\u00e9 pour le dosage de l&#8217;h\u00e9moglobine dans l&#8217;analyseur h\u00e9matologique Mindray BC 5380, assurant des r\u00e9sultats pr\u00e9cis et reproductibles.<\/p>\n","protected":false},"excerpt":{"rendered":"<p>11. MINDRAY M-53 LYSE LH 500 ML : Identique au num\u00e9ro 6, ce r\u00e9actif d&#8217;h\u00e9molyse est utilis\u00e9 pour le dosage de l&#8217;h\u00e9moglobine dans l&#8217;analyseur h\u00e9matologique Mindray BC 5380, assurant des r\u00e9sultats pr\u00e9cis et reproductibles.<\/p>\n","protected":false},"featured_media":10331,"comment_status":"open","ping_status":"closed","template":"","meta":[],"pwb-brand":[],"product_brand":[],"product_cat":[15],"product_tag":[],"class_list":{"0":"post-9059","1":"product","2":"type-product","3":"status-publish","4":"has-post-thumbnail","6":"product_cat-non-classe","8":"first","9":"instock","10":"shipping-taxable","11":"purchasable","12":"product-type-simple","13":"add-to-wishlist-after_add_to_cart"},"brands":[],"_links":{"self":[{"href":"https:\/\/catalogue.biofabmed.com\/index.php?rest_route=\/wp\/v2\/product\/9059","targetHints":{"allow":["GET"]}}],"collection":[{"href":"https:\/\/catalogue.biofabmed.com\/index.php?rest_route=\/wp\/v2\/product"}],"about":[{"href":"https:\/\/catalogue.biofabmed.com\/index.php?rest_route=\/wp\/v2\/types\/product"}],"replies":[{"embeddable":true,"href":"https:\/\/catalogue.biofabmed.com\/index.php?rest_route=%2Fwp%2Fv2%2Fcomments&post=9059"}],"wp:featuredmedia":[{"embeddable":true,"href":"https:\/\/catalogue.biofabmed.com\/index.php?rest_route=\/wp\/v2\/media\/10331"}],"wp:attachment":[{"href":"https:\/\/catalogue.biofabmed.com\/index.php?rest_route=%2Fwp%2Fv2%2Fmedia&parent=9059"}],"wp:term":[{"taxonomy":"pwb-brand","embeddable":true,"href":"https:\/\/catalogue.biofabmed.com\/index.php?rest_route=%2Fwp%2Fv2%2Fpwb-brand&post=9059"},{"taxonomy":"product_brand","embeddable":true,"href":"https:\/\/catalogue.biofabmed.com\/index.php?rest_route=%2Fwp%2Fv2%2Fproduct_brand&post=9059"},{"taxonomy":"product_cat","embeddable":true,"href":"https:\/\/catalogue.biofabmed.com\/index.php?rest_route=%2Fwp%2Fv2%2Fproduct_cat&post=9059"},{"taxonomy":"product_tag","embeddable":true,"href":"https:\/\/catalogue.biofabmed.com\/index.php?rest_route=%2Fwp%2Fv2%2Fproduct_tag&post=9059"}],"curies":[{"name":"wp","href":"https:\/\/api.w.org\/{rel}","templated":true}]}}