{"id":9054,"date":"2024-05-17T19:15:50","date_gmt":"2024-05-17T17:15:50","guid":{"rendered":"https:\/\/catalogue.biofabmed.com\/?product=mindray-m-53-lyse-lh-500-ml"},"modified":"2024-07-29T14:03:28","modified_gmt":"2024-07-29T12:03:28","slug":"mindray-m-53-lyse-lh-500-ml","status":"publish","type":"product","link":"https:\/\/catalogue.biofabmed.com\/?product=mindray-m-53-lyse-lh-500-ml","title":{"rendered":"MINDRAY M-53 LYSE LH 500 ML"},"content":{"rendered":"<p>6. MINDRAY M-53 LYSE LH 500 ML : R\u00e9actif d&#8217;h\u00e9molyse pour l&#8217;analyseur h\u00e9matologique Mindray BC 5380, utilis\u00e9 pour le dosage pr\u00e9cis de l&#8217;h\u00e9moglobine apr\u00e8s la lyse des globules rouges. Ce r\u00e9actif est essentiel pour obtenir des mesures fiables de l&#8217;h\u00e9moglobine, un composant cl\u00e9 dans l&#8217;\u00e9valuation de diverses conditions m\u00e9dicales, y compris l&#8217;an\u00e9mie et d&#8217;autres troubles sanguins.<\/p>\n","protected":false},"excerpt":{"rendered":"<p>6. MINDRAY M-53 LYSE LH 500 ML : R\u00e9actif d&#8217;h\u00e9molyse pour l&#8217;analyseur h\u00e9matologique Mindray BC 5380, utilis\u00e9 pour le dosage pr\u00e9cis de l&#8217;h\u00e9moglobine apr\u00e8s la lyse des globules rouges. Ce r\u00e9actif est essentiel pour obtenir des mesures fiables de l&#8217;h\u00e9moglobine, un composant cl\u00e9 dans l&#8217;\u00e9valuation de diverses conditions m\u00e9dicales, y compris l&#8217;an\u00e9mie et d&#8217;autres troubles [&hellip;]<\/p>\n","protected":false},"featured_media":10331,"comment_status":"open","ping_status":"closed","template":"","meta":[],"pwb-brand":[],"product_brand":[],"product_cat":[15],"product_tag":[],"class_list":{"0":"post-9054","1":"product","2":"type-product","3":"status-publish","4":"has-post-thumbnail","6":"product_cat-non-classe","8":"first","9":"instock","10":"shipping-taxable","11":"purchasable","12":"product-type-simple","13":"add-to-wishlist-after_add_to_cart"},"brands":[],"_links":{"self":[{"href":"https:\/\/catalogue.biofabmed.com\/index.php?rest_route=\/wp\/v2\/product\/9054","targetHints":{"allow":["GET"]}}],"collection":[{"href":"https:\/\/catalogue.biofabmed.com\/index.php?rest_route=\/wp\/v2\/product"}],"about":[{"href":"https:\/\/catalogue.biofabmed.com\/index.php?rest_route=\/wp\/v2\/types\/product"}],"replies":[{"embeddable":true,"href":"https:\/\/catalogue.biofabmed.com\/index.php?rest_route=%2Fwp%2Fv2%2Fcomments&post=9054"}],"wp:featuredmedia":[{"embeddable":true,"href":"https:\/\/catalogue.biofabmed.com\/index.php?rest_route=\/wp\/v2\/media\/10331"}],"wp:attachment":[{"href":"https:\/\/catalogue.biofabmed.com\/index.php?rest_route=%2Fwp%2Fv2%2Fmedia&parent=9054"}],"wp:term":[{"taxonomy":"pwb-brand","embeddable":true,"href":"https:\/\/catalogue.biofabmed.com\/index.php?rest_route=%2Fwp%2Fv2%2Fpwb-brand&post=9054"},{"taxonomy":"product_brand","embeddable":true,"href":"https:\/\/catalogue.biofabmed.com\/index.php?rest_route=%2Fwp%2Fv2%2Fproduct_brand&post=9054"},{"taxonomy":"product_cat","embeddable":true,"href":"https:\/\/catalogue.biofabmed.com\/index.php?rest_route=%2Fwp%2Fv2%2Fproduct_cat&post=9054"},{"taxonomy":"product_tag","embeddable":true,"href":"https:\/\/catalogue.biofabmed.com\/index.php?rest_route=%2Fwp%2Fv2%2Fproduct_tag&post=9054"}],"curies":[{"name":"wp","href":"https:\/\/api.w.org\/{rel}","templated":true}]}}