{"id":9053,"date":"2024-05-17T19:15:50","date_gmt":"2024-05-17T17:15:50","guid":{"rendered":"https:\/\/catalogue.biofabmed.com\/?product=mindray-m-53-lyse-leo-ii-200-ml"},"modified":"2024-07-29T14:03:29","modified_gmt":"2024-07-29T12:03:29","slug":"mindray-m-53-lyse-leo-ii-200-ml","status":"publish","type":"product","link":"https:\/\/catalogue.biofabmed.com\/?product=mindray-m-53-lyse-leo-ii-200-ml","title":{"rendered":"MINDRAY M-53 LYSE LEO II 200 ML"},"content":{"rendered":"<p>5. MINDRAY M-53 LYSE LEO II 200 ML : R\u00e9actif de lyse con\u00e7u pour l&#8217;analyse approfondie des leucocytes et de leur diff\u00e9renciation sur les analyseurs d&#8217;h\u00e9matologie Mindray. Il permet une \u00e9valuation pr\u00e9cise des sous-populations de cellules blanches, ce qui est vital pour le diagnostic et le suivi de nombreuses conditions m\u00e9dicales<\/p>\n","protected":false},"excerpt":{"rendered":"<p>5. MINDRAY M-53 LYSE LEO II 200 ML : R\u00e9actif de lyse con\u00e7u pour l&#8217;analyse approfondie des leucocytes et de leur diff\u00e9renciation sur les analyseurs d&#8217;h\u00e9matologie Mindray. Il permet une \u00e9valuation pr\u00e9cise des sous-populations de cellules blanches, ce qui est vital pour le diagnostic et le suivi de nombreuses conditions m\u00e9dicales<\/p>\n","protected":false},"featured_media":10331,"comment_status":"open","ping_status":"closed","template":"","meta":[],"pwb-brand":[],"product_brand":[],"product_cat":[15],"product_tag":[],"class_list":{"0":"post-9053","1":"product","2":"type-product","3":"status-publish","4":"has-post-thumbnail","6":"product_cat-non-classe","8":"first","9":"instock","10":"shipping-taxable","11":"purchasable","12":"product-type-simple","13":"add-to-wishlist-after_add_to_cart"},"brands":[],"_links":{"self":[{"href":"https:\/\/catalogue.biofabmed.com\/index.php?rest_route=\/wp\/v2\/product\/9053","targetHints":{"allow":["GET"]}}],"collection":[{"href":"https:\/\/catalogue.biofabmed.com\/index.php?rest_route=\/wp\/v2\/product"}],"about":[{"href":"https:\/\/catalogue.biofabmed.com\/index.php?rest_route=\/wp\/v2\/types\/product"}],"replies":[{"embeddable":true,"href":"https:\/\/catalogue.biofabmed.com\/index.php?rest_route=%2Fwp%2Fv2%2Fcomments&post=9053"}],"wp:featuredmedia":[{"embeddable":true,"href":"https:\/\/catalogue.biofabmed.com\/index.php?rest_route=\/wp\/v2\/media\/10331"}],"wp:attachment":[{"href":"https:\/\/catalogue.biofabmed.com\/index.php?rest_route=%2Fwp%2Fv2%2Fmedia&parent=9053"}],"wp:term":[{"taxonomy":"pwb-brand","embeddable":true,"href":"https:\/\/catalogue.biofabmed.com\/index.php?rest_route=%2Fwp%2Fv2%2Fpwb-brand&post=9053"},{"taxonomy":"product_brand","embeddable":true,"href":"https:\/\/catalogue.biofabmed.com\/index.php?rest_route=%2Fwp%2Fv2%2Fproduct_brand&post=9053"},{"taxonomy":"product_cat","embeddable":true,"href":"https:\/\/catalogue.biofabmed.com\/index.php?rest_route=%2Fwp%2Fv2%2Fproduct_cat&post=9053"},{"taxonomy":"product_tag","embeddable":true,"href":"https:\/\/catalogue.biofabmed.com\/index.php?rest_route=%2Fwp%2Fv2%2Fproduct_tag&post=9053"}],"curies":[{"name":"wp","href":"https:\/\/api.w.org\/{rel}","templated":true}]}}