{"id":9052,"date":"2024-05-17T19:15:50","date_gmt":"2024-05-17T17:15:50","guid":{"rendered":"https:\/\/catalogue.biofabmed.com\/?product=mindray-cd80-detergent-1-l"},"modified":"2025-12-17T09:35:06","modified_gmt":"2025-12-17T08:35:06","slug":"mindray-cd80-detergent-1-l","status":"publish","type":"product","link":"https:\/\/catalogue.biofabmed.com\/?product=mindray-cd80-detergent-1-l","title":{"rendered":"MINDRAY CD80 DETERGENT 1 L"},"content":{"rendered":"<p>4. MINDRAY CD80 DETERGENT 1 L : Solution d\u00e9tergente sp\u00e9cialement formul\u00e9e pour le nettoyage en profondeur des sondes d&#8217;\u00e9chantillons et de r\u00e9actifs, des m\u00e9langeurs et des cuvettes dans les analyseurs de chimie Mindray. Ce d\u00e9tergent garantit l&#8217;\u00e9limination des contaminants et la pr\u00e9vention des interf\u00e9rences de test, assurant ainsi l&#8217;int\u00e9grit\u00e9 des r\u00e9sultats.<\/p>\n","protected":false},"excerpt":{"rendered":"<p>4. MINDRAY CD80 DETERGENT 1 L : Solution d\u00e9tergente sp\u00e9cialement formul\u00e9e pour le nettoyage en profondeur des sondes d&#8217;\u00e9chantillons et de r\u00e9actifs, des m\u00e9langeurs et des cuvettes dans les analyseurs de chimie Mindray. Ce d\u00e9tergent garantit l&#8217;\u00e9limination des contaminants et la pr\u00e9vention des interf\u00e9rences de test, assurant ainsi l&#8217;int\u00e9grit\u00e9 des r\u00e9sultats.<\/p>\n","protected":false},"featured_media":10331,"comment_status":"open","ping_status":"closed","template":"","meta":[],"pwb-brand":[],"product_brand":[],"product_cat":[359,356],"product_tag":[],"class_list":{"0":"post-9052","1":"product","2":"type-product","3":"status-publish","4":"has-post-thumbnail","6":"product_cat-hematologie","7":"product_cat-laboratoire-danalyses-medicales","8":"ts_product_brand-reactifs-et-solutions","10":"first","11":"instock","12":"shipping-taxable","13":"purchasable","14":"product-type-simple","15":"add-to-wishlist-after_add_to_cart"},"brands":[],"_links":{"self":[{"href":"https:\/\/catalogue.biofabmed.com\/index.php?rest_route=\/wp\/v2\/product\/9052","targetHints":{"allow":["GET"]}}],"collection":[{"href":"https:\/\/catalogue.biofabmed.com\/index.php?rest_route=\/wp\/v2\/product"}],"about":[{"href":"https:\/\/catalogue.biofabmed.com\/index.php?rest_route=\/wp\/v2\/types\/product"}],"replies":[{"embeddable":true,"href":"https:\/\/catalogue.biofabmed.com\/index.php?rest_route=%2Fwp%2Fv2%2Fcomments&post=9052"}],"wp:featuredmedia":[{"embeddable":true,"href":"https:\/\/catalogue.biofabmed.com\/index.php?rest_route=\/wp\/v2\/media\/10331"}],"wp:attachment":[{"href":"https:\/\/catalogue.biofabmed.com\/index.php?rest_route=%2Fwp%2Fv2%2Fmedia&parent=9052"}],"wp:term":[{"taxonomy":"pwb-brand","embeddable":true,"href":"https:\/\/catalogue.biofabmed.com\/index.php?rest_route=%2Fwp%2Fv2%2Fpwb-brand&post=9052"},{"taxonomy":"product_brand","embeddable":true,"href":"https:\/\/catalogue.biofabmed.com\/index.php?rest_route=%2Fwp%2Fv2%2Fproduct_brand&post=9052"},{"taxonomy":"product_cat","embeddable":true,"href":"https:\/\/catalogue.biofabmed.com\/index.php?rest_route=%2Fwp%2Fv2%2Fproduct_cat&post=9052"},{"taxonomy":"product_tag","embeddable":true,"href":"https:\/\/catalogue.biofabmed.com\/index.php?rest_route=%2Fwp%2Fv2%2Fproduct_tag&post=9052"}],"curies":[{"name":"wp","href":"https:\/\/api.w.org\/{rel}","templated":true}]}}