{"id":9051,"date":"2024-05-17T19:15:50","date_gmt":"2024-05-17T17:15:50","guid":{"rendered":"https:\/\/catalogue.biofabmed.com\/?product=mindray-crp-140-ml-110-ml"},"modified":"2025-12-17T09:35:37","modified_gmt":"2025-12-17T08:35:37","slug":"mindray-crp-140-ml-110-ml","status":"publish","type":"product","link":"https:\/\/catalogue.biofabmed.com\/?product=mindray-crp-140-ml-110-ml","title":{"rendered":"MINDRAY CRP  1*40 ML + 1*10 ML"},"content":{"rendered":"<p>3. MINDRAY CRP 1*40 ML + 1*10 ML : Kit de r\u00e9actifs de pointe pour la mesure pr\u00e9cise de la prot\u00e9ine C-r\u00e9active (CRP), un biomarqueur essentiel pour la d\u00e9tection rapide de l&#8217;inflammation et le suivi de l&#8217;efficacit\u00e9 du traitement th\u00e9rapeutique. Ce kit est con\u00e7u pour offrir une sensibilit\u00e9 et une sp\u00e9cificit\u00e9 \u00e9lev\u00e9es dans les tests de CRP.<\/p>\n","protected":false},"excerpt":{"rendered":"<p>3. MINDRAY CRP 1*40 ML + 1*10 ML : Kit de r\u00e9actifs de pointe pour la mesure pr\u00e9cise de la prot\u00e9ine C-r\u00e9active (CRP), un biomarqueur essentiel pour la d\u00e9tection rapide de l&#8217;inflammation et le suivi de l&#8217;efficacit\u00e9 du traitement th\u00e9rapeutique. Ce kit est con\u00e7u pour offrir une sensibilit\u00e9 et une sp\u00e9cificit\u00e9 \u00e9lev\u00e9es dans les tests [&hellip;]<\/p>\n","protected":false},"featured_media":10331,"comment_status":"open","ping_status":"closed","template":"","meta":[],"pwb-brand":[],"product_brand":[],"product_cat":[359,356],"product_tag":[],"class_list":{"0":"post-9051","1":"product","2":"type-product","3":"status-publish","4":"has-post-thumbnail","6":"product_cat-hematologie","7":"product_cat-laboratoire-danalyses-medicales","8":"ts_product_brand-reactifs-et-solutions","10":"first","11":"instock","12":"shipping-taxable","13":"purchasable","14":"product-type-simple","15":"add-to-wishlist-after_add_to_cart"},"brands":[],"_links":{"self":[{"href":"https:\/\/catalogue.biofabmed.com\/index.php?rest_route=\/wp\/v2\/product\/9051","targetHints":{"allow":["GET"]}}],"collection":[{"href":"https:\/\/catalogue.biofabmed.com\/index.php?rest_route=\/wp\/v2\/product"}],"about":[{"href":"https:\/\/catalogue.biofabmed.com\/index.php?rest_route=\/wp\/v2\/types\/product"}],"replies":[{"embeddable":true,"href":"https:\/\/catalogue.biofabmed.com\/index.php?rest_route=%2Fwp%2Fv2%2Fcomments&post=9051"}],"wp:featuredmedia":[{"embeddable":true,"href":"https:\/\/catalogue.biofabmed.com\/index.php?rest_route=\/wp\/v2\/media\/10331"}],"wp:attachment":[{"href":"https:\/\/catalogue.biofabmed.com\/index.php?rest_route=%2Fwp%2Fv2%2Fmedia&parent=9051"}],"wp:term":[{"taxonomy":"pwb-brand","embeddable":true,"href":"https:\/\/catalogue.biofabmed.com\/index.php?rest_route=%2Fwp%2Fv2%2Fpwb-brand&post=9051"},{"taxonomy":"product_brand","embeddable":true,"href":"https:\/\/catalogue.biofabmed.com\/index.php?rest_route=%2Fwp%2Fv2%2Fproduct_brand&post=9051"},{"taxonomy":"product_cat","embeddable":true,"href":"https:\/\/catalogue.biofabmed.com\/index.php?rest_route=%2Fwp%2Fv2%2Fproduct_cat&post=9051"},{"taxonomy":"product_tag","embeddable":true,"href":"https:\/\/catalogue.biofabmed.com\/index.php?rest_route=%2Fwp%2Fv2%2Fproduct_tag&post=9051"}],"curies":[{"name":"wp","href":"https:\/\/api.w.org\/{rel}","templated":true}]}}