{"id":8829,"date":"2024-05-13T15:19:28","date_gmt":"2024-05-13T13:19:28","guid":{"rendered":"https:\/\/catalogue.biofabmed.com\/?post_type=product&#038;p=8829"},"modified":"2025-12-20T23:05:52","modified_gmt":"2025-12-20T22:05:52","slug":"biossays-bc2200-automatic-clinical-chemistry-analyzer","status":"publish","type":"product","link":"https:\/\/catalogue.biofabmed.com\/?product=biossays-bc2200-automatic-clinical-chemistry-analyzer","title":{"rendered":"Biossays BC2200 Automatic clinical chemistry analyzer"},"content":{"rendered":"<p>Caract\u00e9ristique : \u25cf D\u00e9bit : 1600 tests constants\/heure \u25cf 24 heures pr\u00eats \u00e0 l&#8217;emploi Sp\u00e9cification Module d&#8217;\u00e9chantillon \u25cf 280 positions d&#8217;\u00e9chantillon peuvent \u00eatre charg\u00e9es en continu sur le disque d&#8217;\u00e9chantillon avec reconnaissance de l&#8217;\u00e9tiquette de code \u00e0 barres \u25cf Technologie de micropipette, volume d&#8217;\u00e9chantillon par test peut \u00eatre r\u00e9duit \u00e0 2,0 \u03bcL \u25cf Lot, acc\u00e8s al\u00e9atoire, canal STAT disponible Reagent Handing \u25cf Disque \u00e0 deux r\u00e9actifs R1&amp;R2, chacun a 45 positions de r\u00e9actif, temp\u00e9rature 5\u2103-15\u2103, avec lecteur de codes-barres de r\u00e9actif \u25cf Inventaire de r\u00e9actif d\u00e9tection en temps r\u00e9el, afficher le nombre restant de tests \u25cf Fonction de remplacement automatique du r\u00e9actif, chargement continu, appliqu\u00e9 au syst\u00e8me d&#8217;examen pour l&#8217;inspection de masse Syst\u00e8me de photom\u00e9trie \u25cf Concavit\u00e9 holographique Grille de champ plat, technologie de spectroscopie arri\u00e8re \u25cf Plage de longueur d&#8217;onde : 340-800 nm, simultan\u00e9ment sur les 16 longueurs d&#8217;onde pour la d\u00e9tection, \u25cf Syst\u00e8me de d\u00e9tection de chemin optique stable, large plage lin\u00e9aire d&#8217;absorbance, rapport haute r\u00e9solution Syst\u00e8me de temp\u00e9rature constante \u25cf 330 tasses de r\u00e9action totalement \u25cf Temp\u00e9rature constante par syst\u00e8me de bain d&#8217;eau, rend la temp\u00e9rature stable \u25cf Fonction de surveillance de la temp\u00e9rature en temps r\u00e9el, d&#8217;affichage et d&#8217;alerte Syst\u00e8me d&#8217;exploitation \u25cf Surveillance compl\u00e8te, flexibilit\u00e9 et commodit\u00e9, \u00e9cran tactile \u25cf Interface LIS, via ethernet, communication bidirectionnelle Dimensions Poids \u25cf 122x119x140cm, 440Kg<\/p>\n","protected":false},"excerpt":{"rendered":"<p>Caract\u00e9ristique : \u25cf D\u00e9bit : 1600 tests constants\/heure \u25cf 24 heures pr\u00eats \u00e0 l&#8217;emploi Sp\u00e9cification Module d&#8217;\u00e9chantillon \u25cf 280 positions d&#8217;\u00e9chantillon peuvent \u00eatre charg\u00e9es en continu sur le disque d&#8217;\u00e9chantillon avec reconnaissance de l&#8217;\u00e9tiquette de code \u00e0 barres \u25cf Technologie de micropipette, volume d&#8217;\u00e9chantillon par test peut \u00eatre r\u00e9duit \u00e0 2,0 \u03bcL \u25cf Lot, acc\u00e8s [&hellip;]<\/p>\n","protected":false},"featured_media":10458,"comment_status":"open","ping_status":"closed","template":"","meta":[],"pwb-brand":[513],"product_brand":[],"product_cat":[363],"product_tag":[],"class_list":{"0":"post-8829","1":"product","2":"type-product","3":"status-publish","4":"has-post-thumbnail","6":"pwb-brand-automates","7":"product_cat-appareils-et-equipements","9":"first","10":"instock","11":"shipping-taxable","12":"product-type-simple","13":"add-to-wishlist-after_add_to_cart"},"brands":[{"id":513,"name":"Automates","slug":"automates"}],"_links":{"self":[{"href":"https:\/\/catalogue.biofabmed.com\/index.php?rest_route=\/wp\/v2\/product\/8829","targetHints":{"allow":["GET"]}}],"collection":[{"href":"https:\/\/catalogue.biofabmed.com\/index.php?rest_route=\/wp\/v2\/product"}],"about":[{"href":"https:\/\/catalogue.biofabmed.com\/index.php?rest_route=\/wp\/v2\/types\/product"}],"replies":[{"embeddable":true,"href":"https:\/\/catalogue.biofabmed.com\/index.php?rest_route=%2Fwp%2Fv2%2Fcomments&post=8829"}],"wp:featuredmedia":[{"embeddable":true,"href":"https:\/\/catalogue.biofabmed.com\/index.php?rest_route=\/wp\/v2\/media\/10458"}],"wp:attachment":[{"href":"https:\/\/catalogue.biofabmed.com\/index.php?rest_route=%2Fwp%2Fv2%2Fmedia&parent=8829"}],"wp:term":[{"taxonomy":"pwb-brand","embeddable":true,"href":"https:\/\/catalogue.biofabmed.com\/index.php?rest_route=%2Fwp%2Fv2%2Fpwb-brand&post=8829"},{"taxonomy":"product_brand","embeddable":true,"href":"https:\/\/catalogue.biofabmed.com\/index.php?rest_route=%2Fwp%2Fv2%2Fproduct_brand&post=8829"},{"taxonomy":"product_cat","embeddable":true,"href":"https:\/\/catalogue.biofabmed.com\/index.php?rest_route=%2Fwp%2Fv2%2Fproduct_cat&post=8829"},{"taxonomy":"product_tag","embeddable":true,"href":"https:\/\/catalogue.biofabmed.com\/index.php?rest_route=%2Fwp%2Fv2%2Fproduct_tag&post=8829"}],"curies":[{"name":"wp","href":"https:\/\/api.w.org\/{rel}","templated":true}]}}