{"id":8202,"date":"2024-04-19T20:10:05","date_gmt":"2024-04-19T18:10:05","guid":{"rendered":"https:\/\/catalogue.biofabmed.com\/?post_type=product&#038;p=8202"},"modified":"2025-12-16T13:00:43","modified_gmt":"2025-12-16T12:00:43","slug":"embout-jaune-s-1000","status":"publish","type":"product","link":"https:\/\/catalogue.biofabmed.com\/?product=embout-jaune-s-1000","title":{"rendered":"EMBOUT JAUNE (S\/1000)&#8212;&#8212;&#8212;&#8212;&#8212;&#8212;&#8212;&#8212;&#8211;"},"content":{"rendered":"<div class=\"flex flex-grow flex-col max-w-full\">\n<div class=\"min-h-[20px] text-message flex flex-col items-start whitespace-pre-wrap break-words [.text-message+&amp;]:mt-5 juice:w-full juice:items-end overflow-x-auto gap-2\" dir=\"auto\" data-message-author-role=\"assistant\" data-message-id=\"b8e23d2a-0e3f-4f94-8cc4-28433052657e\">\n<div class=\"flex w-full flex-col gap-1 juice:empty:hidden juice:first:pt-[3px]\">\n<div class=\"markdown prose w-full break-words dark:prose-invert light\">\n<p>D\u00e9couvrez nos embouts jaunes de haute pr\u00e9cision, con\u00e7us pour r\u00e9pondre aux exigences des professionnels de la science. Gr\u00e2ce \u00e0 leur fabrication de haute qualit\u00e9, ces embouts assurent une manipulation pr\u00e9cise et s\u00e9curis\u00e9e des liquides, minimisant les risques de contamination et maximisant la qualit\u00e9 des r\u00e9sultats. Id\u00e9aux pour les environnements de recherche, de diagnostic et d\u2019enseignement.<\/p>\n<h3>Caract\u00e9ristiques Principales :<\/h3>\n<ul>\n<li><strong>Dimensions<\/strong> : Adapt\u00e9s pour les micropipettes standard<\/li>\n<li><strong>St\u00e9rilisation<\/strong> : Pr\u00eats \u00e0 l\u2019emploi<\/li>\n<li><strong>Utilisation<\/strong> : Compatibles avec une large gamme de liquides<\/li>\n<li><strong>Packaging<\/strong> : Disponible en lot de 1000 unit\u00e9s par sachet<\/li>\n<\/ul>\n<h3>Avantages :<\/h3>\n<ul>\n<li><strong>Durabilit\u00e9<\/strong> : Mat\u00e9riau robuste r\u00e9sistant aux manipulations fr\u00e9quentes.<\/li>\n<li><strong>Hygi\u00e8ne<\/strong> : St\u00e9rilisation garantie pour \u00e9viter toute contamination.<\/li>\n<li><strong>Praticit\u00e9<\/strong> : Empilables et faciles \u00e0 manipuler, id\u00e9aux pour un espace de travail organis\u00e9.<\/li>\n<\/ul>\n<h3>Applications :<\/h3>\n<ul>\n<li>Recherche en microbiologie<\/li>\n<li>Tests cliniques<\/li>\n<li>Contr\u00f4le qualit\u00e9 dans les industries pharmaceutiques et alimentaires<\/li>\n<\/ul>\n<h3>Prix :<\/h3>\n<ul>\n<li><strong>700 DA par sachet<\/strong> (lot de 1000 unit\u00e9s)<\/li>\n<\/ul>\n<h3>Pourquoi Choisir Nos Embouts Jaunes ?<\/h3>\n<p>Avec nos embouts jaunes, vous b\u00e9n\u00e9ficiez d\u2019un produit fiable et performant, con\u00e7u pour optimiser vos travaux de laboratoire. Leur conception minutieuse et leurs mat\u00e9riaux de qualit\u00e9 sup\u00e9rieure font de ces embouts un choix de confiance pour les scientifiques et les chercheurs exigeants.<\/p>\n<\/div>\n<\/div>\n<\/div>\n<\/div>\n<div class=\"mt-1 flex gap-3 empty:hidden juice:-ml-3\">\n<div class=\"items-center justify-start rounded-xl p-1 flex\">\n<div class=\"flex items-center\">\n<p>&nbsp;<\/p>\n<div class=\"flex\"><\/div>\n<div class=\"flex items-center pb-0.5 juice:pb-0\"><\/div>\n<\/div>\n<\/div>\n<\/div>\n","protected":false},"excerpt":{"rendered":"<p>D\u00e9couvrez nos embouts jaunes de haute pr\u00e9cision, con\u00e7us pour r\u00e9pondre aux exigences des professionnels de la science. Gr\u00e2ce \u00e0 leur fabrication de haute qualit\u00e9, ces embouts assurent une manipulation pr\u00e9cise et s\u00e9curis\u00e9e des liquides, minimisant les risques de contamination et maximisant la qualit\u00e9 des r\u00e9sultats. Id\u00e9aux pour les environnements de recherche, de diagnostic et d\u2019enseignement. [&hellip;]<\/p>\n","protected":false},"featured_media":10442,"comment_status":"open","ping_status":"closed","template":"","meta":[],"pwb-brand":[],"product_brand":[],"product_cat":[357,352,356],"product_tag":[],"class_list":{"0":"post-8202","1":"product","2":"type-product","3":"status-publish","4":"has-post-thumbnail","6":"product_cat-consommables-de-laboratoire","7":"product_cat-hygiene-et-protection","8":"product_cat-laboratoire-danalyses-medicales","10":"first","11":"instock","12":"shipping-taxable","13":"purchasable","14":"product-type-simple","15":"add-to-wishlist-after_add_to_cart"},"brands":[],"_links":{"self":[{"href":"https:\/\/catalogue.biofabmed.com\/index.php?rest_route=\/wp\/v2\/product\/8202","targetHints":{"allow":["GET"]}}],"collection":[{"href":"https:\/\/catalogue.biofabmed.com\/index.php?rest_route=\/wp\/v2\/product"}],"about":[{"href":"https:\/\/catalogue.biofabmed.com\/index.php?rest_route=\/wp\/v2\/types\/product"}],"replies":[{"embeddable":true,"href":"https:\/\/catalogue.biofabmed.com\/index.php?rest_route=%2Fwp%2Fv2%2Fcomments&post=8202"}],"wp:featuredmedia":[{"embeddable":true,"href":"https:\/\/catalogue.biofabmed.com\/index.php?rest_route=\/wp\/v2\/media\/10442"}],"wp:attachment":[{"href":"https:\/\/catalogue.biofabmed.com\/index.php?rest_route=%2Fwp%2Fv2%2Fmedia&parent=8202"}],"wp:term":[{"taxonomy":"pwb-brand","embeddable":true,"href":"https:\/\/catalogue.biofabmed.com\/index.php?rest_route=%2Fwp%2Fv2%2Fpwb-brand&post=8202"},{"taxonomy":"product_brand","embeddable":true,"href":"https:\/\/catalogue.biofabmed.com\/index.php?rest_route=%2Fwp%2Fv2%2Fproduct_brand&post=8202"},{"taxonomy":"product_cat","embeddable":true,"href":"https:\/\/catalogue.biofabmed.com\/index.php?rest_route=%2Fwp%2Fv2%2Fproduct_cat&post=8202"},{"taxonomy":"product_tag","embeddable":true,"href":"https:\/\/catalogue.biofabmed.com\/index.php?rest_route=%2Fwp%2Fv2%2Fproduct_tag&post=8202"}],"curies":[{"name":"wp","href":"https:\/\/api.w.org\/{rel}","templated":true}]}}