{"id":8138,"date":"2024-04-19T18:04:15","date_gmt":"2024-04-19T16:04:15","guid":{"rendered":"https:\/\/catalogue.biofabmed.com\/?post_type=product&#038;p=8138"},"modified":"2025-12-12T18:09:39","modified_gmt":"2025-12-12T17:09:39","slug":"cholesterol-total-2100-ml","status":"publish","type":"product","link":"https:\/\/catalogue.biofabmed.com\/?product=cholesterol-total-2100-ml","title":{"rendered":"CHOLESTEROL TOTAL 2*100 ML"},"content":{"rendered":"<p>Ce test quantitatif permet de d\u00e9terminer la quantit\u00e9 de cholest\u00e9rol total dans le s\u00e9rum ou le plasma humain.<br \/>\nCe r\u00e9actif est r\u00e9serv\u00e9 \u00e0 un usage professionnel en laboratoire. Il peut \u00eatre utilis\u00e9 en technique manuelle sur spectrophotom\u00e8tre ou sur analyseur de biochimie clinique<\/p>\n<p>Monor\u00e9actif<br \/>\nPoudre s\u00e8che<br \/>\nReconstitution rapide (2 minutes)<br \/>\nStandard inclus<\/p>\n<p><strong>Caract\u00e9ristiques<\/strong><br \/>\nLin\u00e9arit\u00e9 : jusqu\u2019\u00e0 5 g\/L (12,9 mmol\/L).<br \/>\nStabilit\u00e9 et conservation \u00e0 2-8\u00b0C :<br \/>\nAvant ouverture : 3 ans.<br \/>\nR\u00e9actif de travail : 2 ans<\/p>\n<p><strong>Principe<\/strong><br \/>\nM\u00e9thode enzymatique CHOD \u2013 PAP(Allain et al).<br \/>\nR\u00e9actif pour le dosage quantitatif du cholest\u00e9rol total dans le plasma ou le s\u00e9rum humain.<br \/>\nR\u00e9action en 5 minutes \u00e0 37\u00b0C.<br \/>\nLecture en point final \u00e0 500 nm (480-520)<\/p>\n","protected":false},"excerpt":{"rendered":"<p>Ce test quantitatif permet de d\u00e9terminer la quantit\u00e9 de cholest\u00e9rol total dans le s\u00e9rum ou le plasma humain. Ce r\u00e9actif est r\u00e9serv\u00e9 \u00e0 un usage professionnel en laboratoire. Il peut \u00eatre utilis\u00e9 en technique manuelle sur spectrophotom\u00e8tre ou sur analyseur de biochimie clinique Monor\u00e9actif Poudre s\u00e8che Reconstitution rapide (2 minutes) Standard inclus Caract\u00e9ristiques Lin\u00e9arit\u00e9 : [&hellip;]<\/p>\n","protected":false},"featured_media":10426,"comment_status":"open","ping_status":"closed","template":"","meta":[],"pwb-brand":[],"product_brand":[],"product_cat":[15],"product_tag":[],"class_list":{"0":"post-8138","1":"product","2":"type-product","3":"status-publish","4":"has-post-thumbnail","6":"product_cat-non-classe","8":"first","9":"instock","10":"shipping-taxable","11":"purchasable","12":"product-type-simple","13":"add-to-wishlist-after_add_to_cart"},"brands":[],"_links":{"self":[{"href":"https:\/\/catalogue.biofabmed.com\/index.php?rest_route=\/wp\/v2\/product\/8138","targetHints":{"allow":["GET"]}}],"collection":[{"href":"https:\/\/catalogue.biofabmed.com\/index.php?rest_route=\/wp\/v2\/product"}],"about":[{"href":"https:\/\/catalogue.biofabmed.com\/index.php?rest_route=\/wp\/v2\/types\/product"}],"replies":[{"embeddable":true,"href":"https:\/\/catalogue.biofabmed.com\/index.php?rest_route=%2Fwp%2Fv2%2Fcomments&post=8138"}],"wp:featuredmedia":[{"embeddable":true,"href":"https:\/\/catalogue.biofabmed.com\/index.php?rest_route=\/wp\/v2\/media\/10426"}],"wp:attachment":[{"href":"https:\/\/catalogue.biofabmed.com\/index.php?rest_route=%2Fwp%2Fv2%2Fmedia&parent=8138"}],"wp:term":[{"taxonomy":"pwb-brand","embeddable":true,"href":"https:\/\/catalogue.biofabmed.com\/index.php?rest_route=%2Fwp%2Fv2%2Fpwb-brand&post=8138"},{"taxonomy":"product_brand","embeddable":true,"href":"https:\/\/catalogue.biofabmed.com\/index.php?rest_route=%2Fwp%2Fv2%2Fproduct_brand&post=8138"},{"taxonomy":"product_cat","embeddable":true,"href":"https:\/\/catalogue.biofabmed.com\/index.php?rest_route=%2Fwp%2Fv2%2Fproduct_cat&post=8138"},{"taxonomy":"product_tag","embeddable":true,"href":"https:\/\/catalogue.biofabmed.com\/index.php?rest_route=%2Fwp%2Fv2%2Fproduct_tag&post=8138"}],"curies":[{"name":"wp","href":"https:\/\/api.w.org\/{rel}","templated":true}]}}