{"id":7969,"date":"2024-04-16T16:34:02","date_gmt":"2024-04-16T14:34:02","guid":{"rendered":"https:\/\/catalogue.biofabmed.com\/?post_type=product&#038;p=7969"},"modified":"2025-12-12T18:09:35","modified_gmt":"2025-12-12T17:09:35","slug":"althea-automatic-coagulation-analyzer","status":"publish","type":"product","link":"https:\/\/catalogue.biofabmed.com\/?product=althea-automatic-coagulation-analyzer","title":{"rendered":"ALTHEA Automatic Coagulation Analyzer"},"content":{"rendered":"<p>Analyseur d\u2019auto coagulation ALTHEA<br \/>\nM\u00e9thodologie : Coagulation, Chromog\u00e9nique, Immunologie<br \/>\nD\u00e9bit : 60 tests\/heure pour le TP<br \/>\n50 tests\/heure pour le TP et le TCA<br \/>\nParam\u00e8tres : TP, TCA, TT, FIB, AT-W, PLG, D-DIMER, etc\u2026<br \/>\nM\u00e9moire : 100.000 r\u00e9sultats de tests et 10000 courbes de r\u00e9action<br \/>\nContr\u00f4le de qualit\u00e9 : 12 fichiers QC\u00d710 \u00e9l\u00e9ments de test\u00d730 courbes<br \/>\nCalibrage : 6 points\u00d710 \u00e9l\u00e9ments<br \/>\nAutomatique, acc\u00e8s al\u00e9atoire<br \/>\nPriorit\u00e9 des \u00e9chantillons STAT<br \/>\nAuto re-dilution\/ re-test<br \/>\nLecture de code-barres (en option)<br \/>\nPlateau d\u2019\u00e9chantillons : 27 positions<br \/>\nPlateau de r\u00e9actifs : 23 positions<br \/>\nPlateau de r\u00e9actions : 72 cuvettes \u00e0 bord<br \/>\nVolume de r\u00e9action minimum : 10 \u00b5l<br \/>\nTemp\u00e9rature de r\u00e9action : 37+-0.5\u00b0C<br \/>\nDimensions : 660 mm \u00d7 580 mm \u00d7 510 mm (L\u00d7l\u00d7H)<br \/>\nPoids : 53 kg<\/p>\n","protected":false},"excerpt":{"rendered":"<p>Analyseur d\u2019auto coagulation ALTHEA M\u00e9thodologie : Coagulation, Chromog\u00e9nique, Immunologie D\u00e9bit : 60 tests\/heure pour le TP 50 tests\/heure pour le TP et le TCA Param\u00e8tres : TP, TCA, TT, FIB, AT-W, PLG, D-DIMER, etc\u2026 M\u00e9moire : 100.000 r\u00e9sultats de tests et 10000 courbes de r\u00e9action Contr\u00f4le de qualit\u00e9 : 12 fichiers QC\u00d710 \u00e9l\u00e9ments de test\u00d730 [&hellip;]<\/p>\n","protected":false},"featured_media":10418,"comment_status":"open","ping_status":"closed","template":"","meta":[],"pwb-brand":[],"product_brand":[],"product_cat":[15],"product_tag":[],"class_list":{"0":"post-7969","1":"product","2":"type-product","3":"status-publish","4":"has-post-thumbnail","6":"product_cat-non-classe","8":"first","9":"instock","10":"shipping-taxable","11":"product-type-simple","12":"add-to-wishlist-after_add_to_cart"},"brands":[],"_links":{"self":[{"href":"https:\/\/catalogue.biofabmed.com\/index.php?rest_route=\/wp\/v2\/product\/7969","targetHints":{"allow":["GET"]}}],"collection":[{"href":"https:\/\/catalogue.biofabmed.com\/index.php?rest_route=\/wp\/v2\/product"}],"about":[{"href":"https:\/\/catalogue.biofabmed.com\/index.php?rest_route=\/wp\/v2\/types\/product"}],"replies":[{"embeddable":true,"href":"https:\/\/catalogue.biofabmed.com\/index.php?rest_route=%2Fwp%2Fv2%2Fcomments&post=7969"}],"wp:featuredmedia":[{"embeddable":true,"href":"https:\/\/catalogue.biofabmed.com\/index.php?rest_route=\/wp\/v2\/media\/10418"}],"wp:attachment":[{"href":"https:\/\/catalogue.biofabmed.com\/index.php?rest_route=%2Fwp%2Fv2%2Fmedia&parent=7969"}],"wp:term":[{"taxonomy":"pwb-brand","embeddable":true,"href":"https:\/\/catalogue.biofabmed.com\/index.php?rest_route=%2Fwp%2Fv2%2Fpwb-brand&post=7969"},{"taxonomy":"product_brand","embeddable":true,"href":"https:\/\/catalogue.biofabmed.com\/index.php?rest_route=%2Fwp%2Fv2%2Fproduct_brand&post=7969"},{"taxonomy":"product_cat","embeddable":true,"href":"https:\/\/catalogue.biofabmed.com\/index.php?rest_route=%2Fwp%2Fv2%2Fproduct_cat&post=7969"},{"taxonomy":"product_tag","embeddable":true,"href":"https:\/\/catalogue.biofabmed.com\/index.php?rest_route=%2Fwp%2Fv2%2Fproduct_tag&post=7969"}],"curies":[{"name":"wp","href":"https:\/\/api.w.org\/{rel}","templated":true}]}}