{"id":6777,"date":"2023-10-25T10:15:13","date_gmt":"2023-10-25T03:15:13","guid":{"rendered":"https:\/\/catalogue.biofabmed.com\/?post_type=product&#038;p=6777"},"modified":"2025-12-12T18:09:33","modified_gmt":"2025-12-12T17:09:33","slug":"apple-ipad-10-9-4gb-64gb-blue","status":"publish","type":"product","link":"https:\/\/catalogue.biofabmed.com\/?product=apple-ipad-10-9-4gb-64gb-blue","title":{"rendered":"Biolis i24 Premium"},"content":{"rendered":"\t\t<div data-elementor-type=\"wp-post\" data-elementor-id=\"6777\" class=\"elementor elementor-6777\" data-elementor-post-type=\"product\">\n\t\t\t\t<div class=\"elementor-element elementor-element-619edd3c e-flex e-con-boxed e-con e-parent\" data-id=\"619edd3c\" data-element_type=\"container\">\n\t\t\t\t\t<div class=\"e-con-inner\">\n\t\t\t\t<div class=\"elementor-element elementor-element-6ecafce0 elementor-widget elementor-widget-text-editor\" data-id=\"6ecafce0\" data-element_type=\"widget\" data-widget_type=\"text-editor.default\">\n\t\t\t\t<div class=\"elementor-widget-container\">\n\t\t\t\t\t\t\t\t\t<p>This Apple MacBook Pro (MPXQ2LL\/A) has a high-resolution LED-backlit 13.3-inch widescreen Retina display (2560 x 1600 native resolution). Powered by Intel Core i5 (2.3GHz) and Intel Iris Plus Graphics 640. Solid State Drive capacity of 256GB with 8GB of RAM. Supports Mac OS. Bundle includes Black Case, Wireless Mouse, and Bluetooth Headset! This device has been tested to be in great working condition. It will show signs of use and cosmetic blemishes which may included some scratched\/dings, all of which do not affect the usability of this device. (Refurbished)\t\t\t\t\t\t\t\t<\/div>\n\t\t\t\t<\/div>\n\t\t\t\t\t<\/div>\n\t\t\t\t<\/div>\n\t\t<div class=\"elementor-element elementor-element-25f5be81 e-flex e-con-boxed e-con e-parent\" data-id=\"25f5be81\" data-element_type=\"container\">\n\t\t\t\t\t<div class=\"e-con-inner\">\n\t\t<div class=\"elementor-element elementor-element-62477782 e-con-full e-flex e-con e-child\" data-id=\"62477782\" data-element_type=\"container\">\n\t\t\t\t<div class=\"elementor-element elementor-element-2dc173b elementor-widget elementor-widget-heading\" data-id=\"2dc173b\" data-element_type=\"widget\" data-widget_type=\"heading.default\">\n\t\t\t\t<div class=\"elementor-widget-container\">\n\t\t\t\t\t<h3 class=\"elementor-heading-title elementor-size-default\">Dimensions &amp; Weight<\/h3>\t\t\t\t<\/div>\n\t\t\t\t<\/div>\n\t\t\t\t<div class=\"elementor-element elementor-element-167b7200 elementor-widget elementor-widget-text-editor\" data-id=\"167b7200\" data-element_type=\"widget\" data-widget_type=\"text-editor.default\">\n\t\t\t\t<div class=\"elementor-widget-container\">\n\t\t\t\t\t\t\t\t\t<ol><li>Width: 356.78 mm (14.05 in.)<li>Height: 15.67 mm &#8211; 18.30 mm (0.62 in. &#8211; 0.72 in.)<li>Depth: 251.90 mm (9.92 in.)<li>Weight (minimum): 1.90 kg (4.19 lbs.)\t\t\t\t\t\t\t\t<\/div>\n\t\t\t\t<\/div>\n\t\t\t\t<\/div>\n\t\t<div class=\"elementor-element elementor-element-8c03b1b e-con-full e-flex e-con e-child\" data-id=\"8c03b1b\" data-element_type=\"container\">\n\t\t\t\t<div class=\"elementor-element elementor-element-7a477975 elementor-widget elementor-widget-image\" data-id=\"7a477975\" data-element_type=\"widget\" data-widget_type=\"image.default\">\n\t\t\t\t<div class=\"elementor-widget-container\">\n\t\t\t\t\t\t\t\t\t\t\t\t\t\t\t<img decoding=\"async\" src=\"https:\/\/biofabmed.com\/wp-content\/uploads\/2023\/10\/product-detail-1.png\" title=\"\" alt=\"\" loading=\"lazy\" \/>\t\t\t\t\t\t\t\t\t\t\t\t\t\t\t<\/div>\n\t\t\t\t<\/div>\n\t\t\t\t<\/div>\n\t\t\t\t\t<\/div>\n\t\t\t\t<\/div>\n\t\t<div class=\"elementor-element elementor-element-3a3c05f3 e-flex e-con-boxed e-con e-parent\" data-id=\"3a3c05f3\" data-element_type=\"container\">\n\t\t\t\t\t<div class=\"e-con-inner\">\n\t\t<div class=\"elementor-element elementor-element-7428cca3 e-con-full e-flex e-con e-child\" data-id=\"7428cca3\" data-element_type=\"container\">\n\t\t\t\t<div class=\"elementor-element elementor-element-5bfa62c0 elementor-widget elementor-widget-image\" data-id=\"5bfa62c0\" data-element_type=\"widget\" data-widget_type=\"image.default\">\n\t\t\t\t<div class=\"elementor-widget-container\">\n\t\t\t\t\t\t\t\t\t\t\t\t\t\t\t<img fetchpriority=\"high\" decoding=\"async\" width=\"582\" height=\"362\" src=\"https:\/\/catalogue.biofabmed.com\/wp-content\/uploads\/2023\/10\/product-detail-2-1.png\" class=\"attachment-full size-full wp-image-6981\" alt=\"product-detail-2\" srcset=\"https:\/\/catalogue.biofabmed.com\/wp-content\/uploads\/2023\/10\/product-detail-2-1.png 582w, https:\/\/catalogue.biofabmed.com\/wp-content\/uploads\/2023\/10\/product-detail-2-1-300x187.png 300w\" sizes=\"(max-width: 582px) 100vw, 582px\" \/>\t\t\t\t\t\t\t\t\t\t\t\t\t\t\t<\/div>\n\t\t\t\t<\/div>\n\t\t\t\t<\/div>\n\t\t<div class=\"elementor-element elementor-element-352b64cd e-con-full e-flex e-con e-child\" data-id=\"352b64cd\" data-element_type=\"container\">\n\t\t\t\t<div class=\"elementor-element elementor-element-5ab576ab elementor-widget elementor-widget-heading\" data-id=\"5ab576ab\" data-element_type=\"widget\" data-widget_type=\"heading.default\">\n\t\t\t\t<div class=\"elementor-widget-container\">\n\t\t\t\t\t<h3 class=\"elementor-heading-title elementor-size-default\">Better performance. More productivity.<\/h3>\t\t\t\t<\/div>\n\t\t\t\t<\/div>\n\t\t\t\t<div class=\"elementor-element elementor-element-30ed204c elementor-widget elementor-widget-text-editor\" data-id=\"30ed204c\" data-element_type=\"widget\" data-widget_type=\"text-editor.default\">\n\t\t\t\t<div class=\"elementor-widget-container\">\n\t\t\t\t\t\t\t\t\t<p>Thanks to 13th Gen Intel\u00ae Core\u2122 processors, this laptop runs at peak performance to get you through the day. Doing some graphics-heavy work? Optional NVIDIA\u00ae RTX 2050 Graphics (coming soon) give you the boost you need.<p>Enjoy a fast, smooth PC performance without sacrificing power thanks to LPDDR5 memory. And with dual heat pipes your device stays nice, cool and performing at its best. Meanwhile, adaptive thermals optimize power according to your device&#8217;s location, whether it&#8217;s on a stable surface like a desk or an unstable surface like your lap. Using advanced algorithms and accelerometers, your device intelligently adapts its power and thermal profiles to the situation to keep your device running smoothly.<p>Stay focused with 4 sided narrow borders and FHD+ display with DC Dimming, which reduces flicker for a comfortable viewing experience. Plus, this T\u00dcV Rheinland certified laptop with Dell ComfortView software technology helps reduce harmful blue light emissions to optimize eye comfort over extended screen time.\t\t\t\t\t\t\t\t<\/div>\n\t\t\t\t<\/div>\n\t\t\t\t<\/div>\n\t\t\t\t\t<\/div>\n\t\t\t\t<\/div>\n\t\t<div class=\"elementor-element elementor-element-a42a1eb e-flex e-con-boxed e-con e-parent\" data-id=\"a42a1eb\" data-element_type=\"container\">\n\t\t\t\t\t<div class=\"e-con-inner\">\n\t\t<div class=\"elementor-element elementor-element-70f1a0f e-con-full e-flex e-con e-child\" data-id=\"70f1a0f\" data-element_type=\"container\">\n\t\t\t\t<div class=\"elementor-element elementor-element-61374aaa elementor-widget elementor-widget-heading\" data-id=\"61374aaa\" data-element_type=\"widget\" data-widget_type=\"heading.default\">\n\t\t\t\t<div class=\"elementor-widget-container\">\n\t\t\t\t\t<h3 class=\"elementor-heading-title elementor-size-default\">Stay secure.<\/h3>\t\t\t\t<\/div>\n\t\t\t\t<\/div>\n\t\t\t\t<div class=\"elementor-element elementor-element-1402dedb elementor-widget elementor-widget-text-editor\" data-id=\"1402dedb\" data-element_type=\"widget\" data-widget_type=\"text-editor.default\">\n\t\t\t\t<div class=\"elementor-widget-container\">\n\t\t\t\t\t\t\t\t\t<p>The Trusted Platform Module 2.0 is a commercial-grade security chip installed on the motherboard that creates and stores passwords and encryption keys. It verifies that the computer has not been tampered with before booting up and protects your data against external software attacks.<p>Get added peace-of-mind with the fingerprint reader that allows you to securely log in with a touch, while a mechanical shutter on the camera protects your privacy and prevents accidental embarrassments.\t\t\t\t\t\t\t\t<\/div>\n\t\t\t\t<\/div>\n\t\t\t\t<\/div>\n\t\t<div class=\"elementor-element elementor-element-72b71ce9 e-con-full e-flex e-con e-child\" data-id=\"72b71ce9\" data-element_type=\"container\">\n\t\t\t\t<div class=\"elementor-element elementor-element-a8afffd elementor-widget elementor-widget-image\" data-id=\"a8afffd\" data-element_type=\"widget\" data-widget_type=\"image.default\">\n\t\t\t\t<div class=\"elementor-widget-container\">\n\t\t\t\t\t\t\t\t\t\t\t\t\t\t\t<img decoding=\"async\" src=\"https:\/\/biofabmed.com\/wp-content\/uploads\/2023\/10\/product-detail-3.png\" title=\"\" alt=\"\" loading=\"lazy\" \/>\t\t\t\t\t\t\t\t\t\t\t\t\t\t\t<\/div>\n\t\t\t\t<\/div>\n\t\t\t\t<\/div>\n\t\t\t\t\t<\/div>\n\t\t\t\t<\/div>\n\t\t\t\t<\/div>\n\t\t","protected":false},"excerpt":{"rendered":"<p>Le syst\u00e8me d\u2019analyse multifonctionnel automatique \u00ab BiOLiS 24i Premium \u00bb est utilis\u00e9 dans les essais cliniques pour v\u00e9rifier diff\u00e9rents tests, tels que l\u2019oxyg\u00e8ne et la graisse dans le sang du patient. le BiOLiS 24i est utilis\u00e9 dans plus de 3.000 \u00e9tablissements m\u00e9dicaux dans plus de 60 pays).<\/p>\n","protected":false},"featured_media":10411,"comment_status":"open","ping_status":"closed","template":"","meta":[],"pwb-brand":[],"product_brand":[],"product_cat":[15],"product_tag":[],"class_list":{"0":"post-6777","1":"product","2":"type-product","3":"status-publish","4":"has-post-thumbnail","6":"product_cat-non-classe","8":"first","9":"instock","10":"sale","11":"featured","12":"shipping-taxable","13":"purchasable","14":"product-type-simple","15":"add-to-wishlist-after_add_to_cart"},"brands":[],"_links":{"self":[{"href":"https:\/\/catalogue.biofabmed.com\/index.php?rest_route=\/wp\/v2\/product\/6777","targetHints":{"allow":["GET"]}}],"collection":[{"href":"https:\/\/catalogue.biofabmed.com\/index.php?rest_route=\/wp\/v2\/product"}],"about":[{"href":"https:\/\/catalogue.biofabmed.com\/index.php?rest_route=\/wp\/v2\/types\/product"}],"replies":[{"embeddable":true,"href":"https:\/\/catalogue.biofabmed.com\/index.php?rest_route=%2Fwp%2Fv2%2Fcomments&post=6777"}],"wp:featuredmedia":[{"embeddable":true,"href":"https:\/\/catalogue.biofabmed.com\/index.php?rest_route=\/wp\/v2\/media\/10411"}],"wp:attachment":[{"href":"https:\/\/catalogue.biofabmed.com\/index.php?rest_route=%2Fwp%2Fv2%2Fmedia&parent=6777"}],"wp:term":[{"taxonomy":"pwb-brand","embeddable":true,"href":"https:\/\/catalogue.biofabmed.com\/index.php?rest_route=%2Fwp%2Fv2%2Fpwb-brand&post=6777"},{"taxonomy":"product_brand","embeddable":true,"href":"https:\/\/catalogue.biofabmed.com\/index.php?rest_route=%2Fwp%2Fv2%2Fproduct_brand&post=6777"},{"taxonomy":"product_cat","embeddable":true,"href":"https:\/\/catalogue.biofabmed.com\/index.php?rest_route=%2Fwp%2Fv2%2Fproduct_cat&post=6777"},{"taxonomy":"product_tag","embeddable":true,"href":"https:\/\/catalogue.biofabmed.com\/index.php?rest_route=%2Fwp%2Fv2%2Fproduct_tag&post=6777"}],"curies":[{"name":"wp","href":"https:\/\/api.w.org\/{rel}","templated":true}]}}