{"id":11008,"date":"2025-12-12T22:50:48","date_gmt":"2025-12-12T21:50:48","guid":{"rendered":"https:\/\/catalogue.biofabmed.com\/?post_type=product&#038;p=11008"},"modified":"2025-12-20T23:20:31","modified_gmt":"2025-12-20T22:20:31","slug":"vancomycine-30%c2%b5g-1x50-disquesantibiogramme-microbiologie","status":"publish","type":"product","link":"https:\/\/catalogue.biofabmed.com\/?product=vancomycine-30%c2%b5g-1x50-disquesantibiogramme-microbiologie","title":{"rendered":"VANCOMYCINE 30\u00b5g 1&#215;50 DISQUES"},"content":{"rendered":"<p>Disques pour tester la sensibilit\u00e9 microbienne par diffusion sur milieu g\u00e9los\u00e9.<\/p>\n<p>Fiabilit\u00e9 garantie : nos lots de disques antibiotiques sont test\u00e9s r\u00e9guli\u00e8rement avec des souches de r\u00e9f\u00e9rence ATCC<\/p>\n","protected":false},"excerpt":{"rendered":"<p>Disques pour tester la sensibilit\u00e9 microbienne par diffusion sur milieu g\u00e9los\u00e9. Fiabilit\u00e9 garantie : nos lots de disques antibiotiques sont test\u00e9s r\u00e9guli\u00e8rement avec des souches de r\u00e9f\u00e9rence ATCC<\/p>\n","protected":false},"featured_media":10468,"comment_status":"open","ping_status":"closed","template":"","meta":[],"pwb-brand":[532],"product_brand":[],"product_cat":[356,361],"product_tag":[608,610,609],"class_list":{"0":"post-11008","1":"product","2":"type-product","3":"status-publish","4":"has-post-thumbnail","6":"pwb-brand-antibiogramme","7":"product_cat-laboratoire-danalyses-medicales","8":"product_cat-microbiologie","9":"product_tag-gelose","10":"product_tag-microbiologie","11":"product_tag-milieux-de-culture","12":"ts_product_brand-antibiogramme","14":"first","15":"instock","16":"shipping-taxable","17":"purchasable","18":"product-type-simple","19":"add-to-wishlist-after_add_to_cart"},"brands":[{"id":532,"name":"Antibiogramme","slug":"antibiogramme"}],"_links":{"self":[{"href":"https:\/\/catalogue.biofabmed.com\/index.php?rest_route=\/wp\/v2\/product\/11008","targetHints":{"allow":["GET"]}}],"collection":[{"href":"https:\/\/catalogue.biofabmed.com\/index.php?rest_route=\/wp\/v2\/product"}],"about":[{"href":"https:\/\/catalogue.biofabmed.com\/index.php?rest_route=\/wp\/v2\/types\/product"}],"replies":[{"embeddable":true,"href":"https:\/\/catalogue.biofabmed.com\/index.php?rest_route=%2Fwp%2Fv2%2Fcomments&post=11008"}],"wp:featuredmedia":[{"embeddable":true,"href":"https:\/\/catalogue.biofabmed.com\/index.php?rest_route=\/wp\/v2\/media\/10468"}],"wp:attachment":[{"href":"https:\/\/catalogue.biofabmed.com\/index.php?rest_route=%2Fwp%2Fv2%2Fmedia&parent=11008"}],"wp:term":[{"taxonomy":"pwb-brand","embeddable":true,"href":"https:\/\/catalogue.biofabmed.com\/index.php?rest_route=%2Fwp%2Fv2%2Fpwb-brand&post=11008"},{"taxonomy":"product_brand","embeddable":true,"href":"https:\/\/catalogue.biofabmed.com\/index.php?rest_route=%2Fwp%2Fv2%2Fproduct_brand&post=11008"},{"taxonomy":"product_cat","embeddable":true,"href":"https:\/\/catalogue.biofabmed.com\/index.php?rest_route=%2Fwp%2Fv2%2Fproduct_cat&post=11008"},{"taxonomy":"product_tag","embeddable":true,"href":"https:\/\/catalogue.biofabmed.com\/index.php?rest_route=%2Fwp%2Fv2%2Fproduct_tag&post=11008"}],"curies":[{"name":"wp","href":"https:\/\/api.w.org\/{rel}","templated":true}]}}