{"id":11002,"date":"2025-12-12T22:50:47","date_gmt":"2025-12-12T21:50:47","guid":{"rendered":"https:\/\/catalogue.biofabmed.com\/?post_type=product&#038;p=11002"},"modified":"2025-12-20T23:26:32","modified_gmt":"2025-12-20T22:26:32","slug":"ciprofloxacin-5%c2%b5g-1x50-disques","status":"publish","type":"product","link":"https:\/\/catalogue.biofabmed.com\/?product=ciprofloxacin-5%c2%b5g-1x50-disques","title":{"rendered":"CIPROFLOXACIN 5\u00b5g 1&#215;50 DISQUES"},"content":{"rendered":"<p>Disques pour tester la sensibilit\u00e9 microbienne par diffusion sur milieu g\u00e9los\u00e9.<\/p>\n<p>Fiabilit\u00e9 garantie : nos lots de disques antibiotiques sont test\u00e9s r\u00e9guli\u00e8rement avec des souches de r\u00e9f\u00e9rence ATCC<\/p>\n","protected":false},"excerpt":{"rendered":"<p>Disques pour tester la sensibilit\u00e9 microbienne par diffusion sur milieu g\u00e9los\u00e9. Fiabilit\u00e9 garantie : nos lots de disques antibiotiques sont test\u00e9s r\u00e9guli\u00e8rement avec des souches de r\u00e9f\u00e9rence ATCC<\/p>\n","protected":false},"featured_media":10468,"comment_status":"open","ping_status":"closed","template":"","meta":[],"pwb-brand":[532],"product_brand":[],"product_cat":[356,361],"product_tag":[611,610],"class_list":{"0":"post-11002","1":"product","2":"type-product","3":"status-publish","4":"has-post-thumbnail","6":"pwb-brand-antibiogramme","7":"product_cat-laboratoire-danalyses-medicales","8":"product_cat-microbiologie","9":"product_tag-antibiogramme","10":"product_tag-microbiologie","11":"ts_product_brand-antibiogramme","13":"first","14":"instock","15":"shipping-taxable","16":"purchasable","17":"product-type-simple","18":"add-to-wishlist-after_add_to_cart"},"brands":[{"id":532,"name":"Antibiogramme","slug":"antibiogramme"}],"_links":{"self":[{"href":"https:\/\/catalogue.biofabmed.com\/index.php?rest_route=\/wp\/v2\/product\/11002","targetHints":{"allow":["GET"]}}],"collection":[{"href":"https:\/\/catalogue.biofabmed.com\/index.php?rest_route=\/wp\/v2\/product"}],"about":[{"href":"https:\/\/catalogue.biofabmed.com\/index.php?rest_route=\/wp\/v2\/types\/product"}],"replies":[{"embeddable":true,"href":"https:\/\/catalogue.biofabmed.com\/index.php?rest_route=%2Fwp%2Fv2%2Fcomments&post=11002"}],"wp:featuredmedia":[{"embeddable":true,"href":"https:\/\/catalogue.biofabmed.com\/index.php?rest_route=\/wp\/v2\/media\/10468"}],"wp:attachment":[{"href":"https:\/\/catalogue.biofabmed.com\/index.php?rest_route=%2Fwp%2Fv2%2Fmedia&parent=11002"}],"wp:term":[{"taxonomy":"pwb-brand","embeddable":true,"href":"https:\/\/catalogue.biofabmed.com\/index.php?rest_route=%2Fwp%2Fv2%2Fpwb-brand&post=11002"},{"taxonomy":"product_brand","embeddable":true,"href":"https:\/\/catalogue.biofabmed.com\/index.php?rest_route=%2Fwp%2Fv2%2Fproduct_brand&post=11002"},{"taxonomy":"product_cat","embeddable":true,"href":"https:\/\/catalogue.biofabmed.com\/index.php?rest_route=%2Fwp%2Fv2%2Fproduct_cat&post=11002"},{"taxonomy":"product_tag","embeddable":true,"href":"https:\/\/catalogue.biofabmed.com\/index.php?rest_route=%2Fwp%2Fv2%2Fproduct_tag&post=11002"}],"curies":[{"name":"wp","href":"https:\/\/api.w.org\/{rel}","templated":true}]}}