{"id":10988,"date":"2025-12-12T22:50:47","date_gmt":"2025-12-12T21:50:47","guid":{"rendered":"https:\/\/catalogue.biofabmed.com\/?post_type=product&#038;p=10988"},"modified":"2025-12-20T23:42:28","modified_gmt":"2025-12-20T22:42:28","slug":"hbs-ag-trod-50t","status":"publish","type":"product","link":"https:\/\/catalogue.biofabmed.com\/?product=hbs-ag-trod-50t","title":{"rendered":"HBS AG TROD 50T"},"content":{"rendered":"<p>Le kit d&#8217;autotest HBsAg est un dispositif \u00e0 usage unique, pour la d\u00e9tection qualitative de l&#8217;antig\u00e8ne de surface du virus de l&#8217;h\u00e9patite B (HBsAg) dans le s\u00e9rum, le plasma ou le sang total humain.<\/p>\n","protected":false},"excerpt":{"rendered":"<p>Le kit d&#8217;autotest HBsAg est un dispositif \u00e0 usage unique, pour la d\u00e9tection qualitative de l&#8217;antig\u00e8ne de surface du virus de l&#8217;h\u00e9patite B (HBsAg) dans le s\u00e9rum, le plasma ou le sang total humain.<\/p>\n","protected":false},"featured_media":11013,"comment_status":"open","ping_status":"closed","template":"","meta":[],"pwb-brand":[612],"product_brand":[],"product_cat":[15,360,356],"product_tag":[],"class_list":{"0":"post-10988","1":"product","2":"type-product","3":"status-publish","4":"has-post-thumbnail","6":"pwb-brand-bandelettes-et-tests-de-diagnostic-rapide","7":"product_cat-non-classe","8":"product_cat-hormono-immunologie-serologie","9":"product_cat-laboratoire-danalyses-medicales","10":"ts_product_brand-test-serologie-immun-chromatographiques-trod","12":"first","13":"instock","14":"shipping-taxable","15":"purchasable","16":"product-type-simple","17":"add-to-wishlist-after_add_to_cart"},"brands":[{"id":612,"name":"Bandelettes et Tests de diagnostic rapide","slug":"bandelettes-et-tests-de-diagnostic-rapide"}],"_links":{"self":[{"href":"https:\/\/catalogue.biofabmed.com\/index.php?rest_route=\/wp\/v2\/product\/10988","targetHints":{"allow":["GET"]}}],"collection":[{"href":"https:\/\/catalogue.biofabmed.com\/index.php?rest_route=\/wp\/v2\/product"}],"about":[{"href":"https:\/\/catalogue.biofabmed.com\/index.php?rest_route=\/wp\/v2\/types\/product"}],"replies":[{"embeddable":true,"href":"https:\/\/catalogue.biofabmed.com\/index.php?rest_route=%2Fwp%2Fv2%2Fcomments&post=10988"}],"wp:featuredmedia":[{"embeddable":true,"href":"https:\/\/catalogue.biofabmed.com\/index.php?rest_route=\/wp\/v2\/media\/11013"}],"wp:attachment":[{"href":"https:\/\/catalogue.biofabmed.com\/index.php?rest_route=%2Fwp%2Fv2%2Fmedia&parent=10988"}],"wp:term":[{"taxonomy":"pwb-brand","embeddable":true,"href":"https:\/\/catalogue.biofabmed.com\/index.php?rest_route=%2Fwp%2Fv2%2Fpwb-brand&post=10988"},{"taxonomy":"product_brand","embeddable":true,"href":"https:\/\/catalogue.biofabmed.com\/index.php?rest_route=%2Fwp%2Fv2%2Fproduct_brand&post=10988"},{"taxonomy":"product_cat","embeddable":true,"href":"https:\/\/catalogue.biofabmed.com\/index.php?rest_route=%2Fwp%2Fv2%2Fproduct_cat&post=10988"},{"taxonomy":"product_tag","embeddable":true,"href":"https:\/\/catalogue.biofabmed.com\/index.php?rest_route=%2Fwp%2Fv2%2Fproduct_tag&post=10988"}],"curies":[{"name":"wp","href":"https:\/\/api.w.org\/{rel}","templated":true}]}}