{"id":10987,"date":"2025-12-12T22:50:47","date_gmt":"2025-12-12T21:50:47","guid":{"rendered":"https:\/\/catalogue.biofabmed.com\/?post_type=product&#038;p=10987"},"modified":"2025-12-20T23:42:28","modified_gmt":"2025-12-20T22:42:28","slug":"syphilis-tpha-trod-50t","status":"publish","type":"product","link":"https:\/\/catalogue.biofabmed.com\/?product=syphilis-tpha-trod-50t","title":{"rendered":"SYPHILIS TPHA TROD 50T"},"content":{"rendered":"<p><span dir=\"auto\">Le test rapide de d\u00e9tection des anticorps anti-Syphilis est un test immunochromatographique rapide permettant la d\u00e9tection des anticorps anti-Treponema pallidum dans le sang total, le s\u00e9rum ou le plasma humain. Ce test est utilis\u00e9 comme test de d\u00e9pistage de l&#8217;infection \u00e0 T. pallidum (\u00e9galement appel\u00e9e syphilis).<\/span><\/p>\n","protected":false},"excerpt":{"rendered":"<p>Le test rapide de d\u00e9tection des anticorps anti-Syphilis est un test immunochromatographique rapide permettant la d\u00e9tection des anticorps anti-Treponema pallidum dans le sang total, le s\u00e9rum ou le plasma humain. Ce test est utilis\u00e9 comme test de d\u00e9pistage de l&#8217;infection \u00e0 T. pallidum (\u00e9galement appel\u00e9e syphilis).<\/p>\n","protected":false},"featured_media":11013,"comment_status":"open","ping_status":"closed","template":"","meta":[],"pwb-brand":[612],"product_brand":[],"product_cat":[360,356,15],"product_tag":[],"class_list":{"0":"post-10987","1":"product","2":"type-product","3":"status-publish","4":"has-post-thumbnail","6":"pwb-brand-bandelettes-et-tests-de-diagnostic-rapide","7":"product_cat-hormono-immunologie-serologie","8":"product_cat-laboratoire-danalyses-medicales","9":"product_cat-non-classe","10":"ts_product_brand-test-serologie-immun-chromatographiques-trod","12":"first","13":"instock","14":"shipping-taxable","15":"purchasable","16":"product-type-simple","17":"add-to-wishlist-after_add_to_cart"},"brands":[{"id":612,"name":"Bandelettes et Tests de diagnostic rapide","slug":"bandelettes-et-tests-de-diagnostic-rapide"}],"_links":{"self":[{"href":"https:\/\/catalogue.biofabmed.com\/index.php?rest_route=\/wp\/v2\/product\/10987","targetHints":{"allow":["GET"]}}],"collection":[{"href":"https:\/\/catalogue.biofabmed.com\/index.php?rest_route=\/wp\/v2\/product"}],"about":[{"href":"https:\/\/catalogue.biofabmed.com\/index.php?rest_route=\/wp\/v2\/types\/product"}],"replies":[{"embeddable":true,"href":"https:\/\/catalogue.biofabmed.com\/index.php?rest_route=%2Fwp%2Fv2%2Fcomments&post=10987"}],"wp:featuredmedia":[{"embeddable":true,"href":"https:\/\/catalogue.biofabmed.com\/index.php?rest_route=\/wp\/v2\/media\/11013"}],"wp:attachment":[{"href":"https:\/\/catalogue.biofabmed.com\/index.php?rest_route=%2Fwp%2Fv2%2Fmedia&parent=10987"}],"wp:term":[{"taxonomy":"pwb-brand","embeddable":true,"href":"https:\/\/catalogue.biofabmed.com\/index.php?rest_route=%2Fwp%2Fv2%2Fpwb-brand&post=10987"},{"taxonomy":"product_brand","embeddable":true,"href":"https:\/\/catalogue.biofabmed.com\/index.php?rest_route=%2Fwp%2Fv2%2Fproduct_brand&post=10987"},{"taxonomy":"product_cat","embeddable":true,"href":"https:\/\/catalogue.biofabmed.com\/index.php?rest_route=%2Fwp%2Fv2%2Fproduct_cat&post=10987"},{"taxonomy":"product_tag","embeddable":true,"href":"https:\/\/catalogue.biofabmed.com\/index.php?rest_route=%2Fwp%2Fv2%2Fproduct_tag&post=10987"}],"curies":[{"name":"wp","href":"https:\/\/api.w.org\/{rel}","templated":true}]}}