{"id":10986,"date":"2025-12-12T22:50:47","date_gmt":"2025-12-12T21:50:47","guid":{"rendered":"https:\/\/catalogue.biofabmed.com\/?post_type=product&#038;p=10986"},"modified":"2025-12-20T23:42:27","modified_gmt":"2025-12-20T22:42:27","slug":"hiv-trod-50t","status":"publish","type":"product","link":"https:\/\/catalogue.biofabmed.com\/?product=hiv-trod-50t","title":{"rendered":"HIV TROD 50T"},"content":{"rendered":"<p>Le test rapide VIH I&amp;II est un dispositif de test rapide \u00e0 usage unique, un immuno-essai sandwich \u00e0 double antig\u00e8ne pour la d\u00e9tection qualitative des anticorps contre les virus de l&#8217;immunod\u00e9ficience humaine ou le VIH I&amp;II dans le s\u00e9rum ou le plasma.<\/p>\n","protected":false},"excerpt":{"rendered":"<p>Le test rapide VIH I&amp;II est un dispositif de test rapide \u00e0 usage unique, un immuno-essai sandwich \u00e0 double antig\u00e8ne pour la d\u00e9tection qualitative des anticorps contre les virus de l&#8217;immunod\u00e9ficience humaine ou le VIH I&amp;II dans le s\u00e9rum ou le plasma.<\/p>\n","protected":false},"featured_media":11013,"comment_status":"open","ping_status":"closed","template":"","meta":[],"pwb-brand":[612],"product_brand":[],"product_cat":[360,356],"product_tag":[],"class_list":{"0":"post-10986","1":"product","2":"type-product","3":"status-publish","4":"has-post-thumbnail","6":"pwb-brand-bandelettes-et-tests-de-diagnostic-rapide","7":"product_cat-hormono-immunologie-serologie","8":"product_cat-laboratoire-danalyses-medicales","9":"ts_product_brand-test-serologie-immun-chromatographiques-trod","11":"first","12":"instock","13":"shipping-taxable","14":"purchasable","15":"product-type-simple","16":"add-to-wishlist-after_add_to_cart"},"brands":[{"id":612,"name":"Bandelettes et Tests de diagnostic rapide","slug":"bandelettes-et-tests-de-diagnostic-rapide"}],"_links":{"self":[{"href":"https:\/\/catalogue.biofabmed.com\/index.php?rest_route=\/wp\/v2\/product\/10986","targetHints":{"allow":["GET"]}}],"collection":[{"href":"https:\/\/catalogue.biofabmed.com\/index.php?rest_route=\/wp\/v2\/product"}],"about":[{"href":"https:\/\/catalogue.biofabmed.com\/index.php?rest_route=\/wp\/v2\/types\/product"}],"replies":[{"embeddable":true,"href":"https:\/\/catalogue.biofabmed.com\/index.php?rest_route=%2Fwp%2Fv2%2Fcomments&post=10986"}],"wp:featuredmedia":[{"embeddable":true,"href":"https:\/\/catalogue.biofabmed.com\/index.php?rest_route=\/wp\/v2\/media\/11013"}],"wp:attachment":[{"href":"https:\/\/catalogue.biofabmed.com\/index.php?rest_route=%2Fwp%2Fv2%2Fmedia&parent=10986"}],"wp:term":[{"taxonomy":"pwb-brand","embeddable":true,"href":"https:\/\/catalogue.biofabmed.com\/index.php?rest_route=%2Fwp%2Fv2%2Fpwb-brand&post=10986"},{"taxonomy":"product_brand","embeddable":true,"href":"https:\/\/catalogue.biofabmed.com\/index.php?rest_route=%2Fwp%2Fv2%2Fproduct_brand&post=10986"},{"taxonomy":"product_cat","embeddable":true,"href":"https:\/\/catalogue.biofabmed.com\/index.php?rest_route=%2Fwp%2Fv2%2Fproduct_cat&post=10986"},{"taxonomy":"product_tag","embeddable":true,"href":"https:\/\/catalogue.biofabmed.com\/index.php?rest_route=%2Fwp%2Fv2%2Fproduct_tag&post=10986"}],"curies":[{"name":"wp","href":"https:\/\/api.w.org\/{rel}","templated":true}]}}