{"id":10810,"date":"2025-12-12T22:50:20","date_gmt":"2025-12-12T21:50:20","guid":{"rendered":"https:\/\/catalogue.biofabmed.com\/?post_type=product&#038;p=10810"},"modified":"2025-12-17T09:30:09","modified_gmt":"2025-12-17T08:30:09","slug":"eau-distillee-2","status":"publish","type":"product","link":"https:\/\/catalogue.biofabmed.com\/?product=eau-distillee-2","title":{"rendered":"EAU DISTILL\u00c9E&#8212;&#8212;&#8212;&#8212;&#8212;&#8212;&#8212;"},"content":{"rendered":"<ul>\n<li><strong>Pr\u00e9paration des \u00c9chantillons :<\/strong> Utilis\u00e9e pour diluer les r\u00e9actifs et pr\u00e9parer les \u00e9chantillons pour analyse.<\/li>\n<li><strong>Nettoyage des Instruments :<\/strong> Essentielle pour le rin\u00e7age et le nettoyage des \u00e9quipements de laboratoire, \u00e9vitant les d\u00e9p\u00f4ts et l&#8217;encrassement.<\/li>\n<li><strong>R\u00e9actions Chimiques :<\/strong> Fournit un milieu pur et inerte pour diverses r\u00e9actions chimiques et exp\u00e9rimentations.<\/li>\n<\/ul>\n","protected":false},"excerpt":{"rendered":"<p>Pr\u00e9paration des \u00c9chantillons : Utilis\u00e9e pour diluer les r\u00e9actifs et pr\u00e9parer les \u00e9chantillons pour analyse. Nettoyage des Instruments : Essentielle pour le rin\u00e7age et le nettoyage des \u00e9quipements de laboratoire, \u00e9vitant les d\u00e9p\u00f4ts et l&#8217;encrassement. R\u00e9actions Chimiques : Fournit un milieu pur et inerte pour diverses r\u00e9actions chimiques et exp\u00e9rimentations.<\/p>\n","protected":false},"featured_media":10465,"comment_status":"open","ping_status":"closed","template":"","meta":[],"pwb-brand":[],"product_brand":[],"product_cat":[359,356],"product_tag":[],"class_list":{"0":"post-10810","1":"product","2":"type-product","3":"status-publish","4":"has-post-thumbnail","6":"product_cat-hematologie","7":"product_cat-laboratoire-danalyses-medicales","8":"ts_product_brand-reactifs-et-solutions","10":"first","11":"instock","12":"shipping-taxable","13":"purchasable","14":"product-type-simple","15":"add-to-wishlist-after_add_to_cart"},"brands":[],"_links":{"self":[{"href":"https:\/\/catalogue.biofabmed.com\/index.php?rest_route=\/wp\/v2\/product\/10810","targetHints":{"allow":["GET"]}}],"collection":[{"href":"https:\/\/catalogue.biofabmed.com\/index.php?rest_route=\/wp\/v2\/product"}],"about":[{"href":"https:\/\/catalogue.biofabmed.com\/index.php?rest_route=\/wp\/v2\/types\/product"}],"replies":[{"embeddable":true,"href":"https:\/\/catalogue.biofabmed.com\/index.php?rest_route=%2Fwp%2Fv2%2Fcomments&post=10810"}],"wp:featuredmedia":[{"embeddable":true,"href":"https:\/\/catalogue.biofabmed.com\/index.php?rest_route=\/wp\/v2\/media\/10465"}],"wp:attachment":[{"href":"https:\/\/catalogue.biofabmed.com\/index.php?rest_route=%2Fwp%2Fv2%2Fmedia&parent=10810"}],"wp:term":[{"taxonomy":"pwb-brand","embeddable":true,"href":"https:\/\/catalogue.biofabmed.com\/index.php?rest_route=%2Fwp%2Fv2%2Fpwb-brand&post=10810"},{"taxonomy":"product_brand","embeddable":true,"href":"https:\/\/catalogue.biofabmed.com\/index.php?rest_route=%2Fwp%2Fv2%2Fproduct_brand&post=10810"},{"taxonomy":"product_cat","embeddable":true,"href":"https:\/\/catalogue.biofabmed.com\/index.php?rest_route=%2Fwp%2Fv2%2Fproduct_cat&post=10810"},{"taxonomy":"product_tag","embeddable":true,"href":"https:\/\/catalogue.biofabmed.com\/index.php?rest_route=%2Fwp%2Fv2%2Fproduct_tag&post=10810"}],"curies":[{"name":"wp","href":"https:\/\/api.w.org\/{rel}","templated":true}]}}