{"id":10808,"date":"2025-12-12T22:50:20","date_gmt":"2025-12-12T21:50:20","guid":{"rendered":"https:\/\/catalogue.biofabmed.com\/?post_type=product&#038;p=10808"},"modified":"2025-12-12T22:50:21","modified_gmt":"2025-12-12T21:50:21","slug":"bio-rad-d10-2","status":"publish","type":"product","link":"https:\/\/catalogue.biofabmed.com\/?product=bio-rad-d10-2","title":{"rendered":"BIO-RAD D10"},"content":{"rendered":"<p>Le syst\u00e8me D-10 permet des tests d&#8217;h\u00e9moglobine complets et automatis\u00e9s dans un format compact. Avec seulement 15,8 pouces (40,2 cm) de largeur sur 21 pouces (53,4 cm) de profondeur sur 19,5 pouces (49,5 cm) de hauteur, le syst\u00e8me D-10 n\u00e9cessite un minimum d&#8217;espace de laboratoire.<\/p>\n<p>Combinant les tests HbA1c et HbA2\/F\/A1c sur une seule plateforme, le syst\u00e8me offre un fonctionnement simple et efficace pour les cliniques, les cabinets de m\u00e9decins ou les laboratoires cliniques. D\u00e9velopp\u00e9 pour la flexibilit\u00e9 et la fiabilit\u00e9, le syst\u00e8me D-10 comprend une liste de contr\u00f4le de d\u00e9marrage automatique du syst\u00e8me et un fonctionnement par \u00e9cran tactile, ainsi qu&#8217;une surveillance QC int\u00e9gr\u00e9e pour garantir des r\u00e9sultats fiables. Le changement de cartouche en une \u00e9tape, la lecture automatique des codes-barres des \u00e9chantillons, l&#8217;assistance \u00e0 distance, l&#8217;interface avec le syst\u00e8me d&#8217;information du laboratoire (LIS) et la possibilit\u00e9 d&#8217;exporter les chromatogrammes contribuent \u00e0 accro\u00eetre l&#8217;efficacit\u00e9 du flux de travail.<\/p>\n","protected":false},"excerpt":{"rendered":"<p>Le syst\u00e8me D-10 permet des tests d&#8217;h\u00e9moglobine complets et automatis\u00e9s dans un format compact. Avec seulement 15,8 pouces (40,2 cm) de largeur sur 21 pouces (53,4 cm) de profondeur sur 19,5 pouces (49,5 cm) de hauteur, le syst\u00e8me D-10 n\u00e9cessite un minimum d&#8217;espace de laboratoire. Combinant les tests HbA1c et HbA2\/F\/A1c sur une seule plateforme, [&hellip;]<\/p>\n","protected":false},"featured_media":10463,"comment_status":"open","ping_status":"closed","template":"","meta":[],"pwb-brand":[],"product_brand":[],"product_cat":[15],"product_tag":[],"class_list":{"0":"post-10808","1":"product","2":"type-product","3":"status-publish","4":"has-post-thumbnail","6":"product_cat-non-classe","8":"first","9":"instock","10":"shipping-taxable","11":"purchasable","12":"product-type-simple","13":"add-to-wishlist-after_add_to_cart"},"brands":[],"_links":{"self":[{"href":"https:\/\/catalogue.biofabmed.com\/index.php?rest_route=\/wp\/v2\/product\/10808","targetHints":{"allow":["GET"]}}],"collection":[{"href":"https:\/\/catalogue.biofabmed.com\/index.php?rest_route=\/wp\/v2\/product"}],"about":[{"href":"https:\/\/catalogue.biofabmed.com\/index.php?rest_route=\/wp\/v2\/types\/product"}],"replies":[{"embeddable":true,"href":"https:\/\/catalogue.biofabmed.com\/index.php?rest_route=%2Fwp%2Fv2%2Fcomments&post=10808"}],"wp:featuredmedia":[{"embeddable":true,"href":"https:\/\/catalogue.biofabmed.com\/index.php?rest_route=\/wp\/v2\/media\/10463"}],"wp:attachment":[{"href":"https:\/\/catalogue.biofabmed.com\/index.php?rest_route=%2Fwp%2Fv2%2Fmedia&parent=10808"}],"wp:term":[{"taxonomy":"pwb-brand","embeddable":true,"href":"https:\/\/catalogue.biofabmed.com\/index.php?rest_route=%2Fwp%2Fv2%2Fpwb-brand&post=10808"},{"taxonomy":"product_brand","embeddable":true,"href":"https:\/\/catalogue.biofabmed.com\/index.php?rest_route=%2Fwp%2Fv2%2Fproduct_brand&post=10808"},{"taxonomy":"product_cat","embeddable":true,"href":"https:\/\/catalogue.biofabmed.com\/index.php?rest_route=%2Fwp%2Fv2%2Fproduct_cat&post=10808"},{"taxonomy":"product_tag","embeddable":true,"href":"https:\/\/catalogue.biofabmed.com\/index.php?rest_route=%2Fwp%2Fv2%2Fproduct_tag&post=10808"}],"curies":[{"name":"wp","href":"https:\/\/api.w.org\/{rel}","templated":true}]}}