{"id":10804,"date":"2025-12-12T22:50:19","date_gmt":"2025-12-12T21:50:19","guid":{"rendered":"https:\/\/catalogue.biofabmed.com\/?post_type=product&#038;p=10804"},"modified":"2025-12-20T23:01:22","modified_gmt":"2025-12-20T22:01:22","slug":"maglumi-nse-neurone-specifique-enolase-502-tests-2","status":"publish","type":"product","link":"https:\/\/catalogue.biofabmed.com\/?product=maglumi-nse-neurone-specifique-enolase-502-tests-2","title":{"rendered":"MAGLUMI NSE Neurone specifique enolase 50*2 TESTS"},"content":{"rendered":"<p>&#8216;<\/p>\n<p>&#8212;<\/p>\n<p>### MAGLUMI NSE Neurone specifique enolase 50*2 TESTS<\/p>\n<p>**Description du Produit**:<br \/>\nLe kit MAGLUMI NSE permet la mesure quantitative des niveaux de neurone sp\u00e9cifique enolase (NSE) dans le s\u00e9rum ou le plasma humain. La NSE est une enzyme pr\u00e9sente principalement dans les neurones, et son augmentation dans le sang peut \u00eatre associ\u00e9e \u00e0 des l\u00e9sions c\u00e9r\u00e9brales, telles que les tumeurs neuroendocrines et les l\u00e9sions c\u00e9r\u00e9brales traumatiques.<\/p>\n<p>**Contenu du Kit**:<br \/>\n&#8211; **Nombre de Tests**: 50*2 tests.<br \/>\n&#8211; **Technologie**: M\u00e9thode immunoluminom\u00e9trique \u00e0 marqueur chimiluminescent.<\/p>\n<p>**Applications**:<br \/>\n1. **Diagnostic des Tumeurs C\u00e9r\u00e9brales**:<br \/>\n   &#8211; Surveillance de l&#8217;\u00e9volution des tumeurs c\u00e9r\u00e9brales.<br \/>\n   &#8211; \u00c9valuation du traitement et de la r\u00e9ponse th\u00e9rapeutique.<\/p>\n<p>**Caract\u00e9ristiques**:<br \/>\n&#8211; **Rapidit\u00e9**: R\u00e9sultats disponibles en quelques minutes.<br \/>\n&#8211; **Pr\u00e9cision**: Sensibilit\u00e9 \u00e9lev\u00e9e pour la d\u00e9tection des niveaux de NSE.<br \/>\n&#8211; **Facilit\u00e9 d&#8217;Utilisation**: Protocole simple et automatis\u00e9 compatible avec les analyseurs MAGLUMI.<\/p>\n<p>**Sp\u00e9cifications Techniques**:<br \/>\n&#8211; **\u00c9chantillon**: S\u00e9rum ou plasma humain.<br \/>\n&#8211; **Volume d&#8217;\u00c9chantillon Requis**: Selon les sp\u00e9cifications de l&#8217;analyseur MAGLUMI.<br \/>\n&#8211; **Sensibilit\u00e9 Analytique**: Capable de d\u00e9tecter des niveaux de NSE aussi bas que X unit\u00e9s\/mL.<\/p>\n<p>**Conditions de Stockage**:<br \/>\n&#8211; **Temp\u00e9rature**: Conserver entre 2\u00b0C et 8\u00b0C.<br \/>\n&#8211; **Dur\u00e9e de Conservation**: Stabilit\u00e9 de X mois apr\u00e8s ouverture.<\/p>\n<p>**Certification et Conformit\u00e9**:<br \/>\n&#8211; **Marquage CE**: Conforme aux normes europ\u00e9ennes pour les dispositifs m\u00e9dicaux de diagnostic in vitro.<br \/>\n&#8211; **ISO 13485**: Certifi\u00e9 pour la gestion de la qualit\u00e9 dans les dispositifs m\u00e9dicaux.<\/p>\n<p>**Utilisateurs Cibles**:<br \/>\n&#8211; Laboratoires de neurologie et de neurochirurgie pour le suivi des patients atteints de tumeurs c\u00e9r\u00e9brales.<\/p>\n<p>&#8212;<\/p>\n","protected":false},"excerpt":{"rendered":"<p>&#8216; &#8212; ### MAGLUMI NSE Neurone specifique enolase 50*2 TESTS **Description du Produit**: Le kit MAGLUMI NSE permet la mesure quantitative des niveaux de neurone sp\u00e9cifique enolase (NSE) dans le s\u00e9rum ou le plasma humain. La NSE est une enzyme pr\u00e9sente principalement dans les neurones, et son augmentation dans le sang peut \u00eatre associ\u00e9e \u00e0 [&hellip;]<\/p>\n","protected":false},"featured_media":10460,"comment_status":"open","ping_status":"closed","template":"","meta":[],"pwb-brand":[528],"product_brand":[],"product_cat":[15,360,356],"product_tag":[487],"class_list":{"0":"post-10804","1":"product","2":"type-product","3":"status-publish","4":"has-post-thumbnail","6":"pwb-brand-maglumi","7":"product_cat-non-classe","8":"product_cat-hormono-immunologie-serologie","9":"product_cat-laboratoire-danalyses-medicales","10":"product_tag-maglumi","11":"ts_product_brand-maglumi","13":"first","14":"instock","15":"shipping-taxable","16":"purchasable","17":"product-type-simple","18":"add-to-wishlist-after_add_to_cart"},"brands":[{"id":528,"name":"Maglumi","slug":"maglumi"}],"_links":{"self":[{"href":"https:\/\/catalogue.biofabmed.com\/index.php?rest_route=\/wp\/v2\/product\/10804","targetHints":{"allow":["GET"]}}],"collection":[{"href":"https:\/\/catalogue.biofabmed.com\/index.php?rest_route=\/wp\/v2\/product"}],"about":[{"href":"https:\/\/catalogue.biofabmed.com\/index.php?rest_route=\/wp\/v2\/types\/product"}],"replies":[{"embeddable":true,"href":"https:\/\/catalogue.biofabmed.com\/index.php?rest_route=%2Fwp%2Fv2%2Fcomments&post=10804"}],"wp:featuredmedia":[{"embeddable":true,"href":"https:\/\/catalogue.biofabmed.com\/index.php?rest_route=\/wp\/v2\/media\/10460"}],"wp:attachment":[{"href":"https:\/\/catalogue.biofabmed.com\/index.php?rest_route=%2Fwp%2Fv2%2Fmedia&parent=10804"}],"wp:term":[{"taxonomy":"pwb-brand","embeddable":true,"href":"https:\/\/catalogue.biofabmed.com\/index.php?rest_route=%2Fwp%2Fv2%2Fpwb-brand&post=10804"},{"taxonomy":"product_brand","embeddable":true,"href":"https:\/\/catalogue.biofabmed.com\/index.php?rest_route=%2Fwp%2Fv2%2Fproduct_brand&post=10804"},{"taxonomy":"product_cat","embeddable":true,"href":"https:\/\/catalogue.biofabmed.com\/index.php?rest_route=%2Fwp%2Fv2%2Fproduct_cat&post=10804"},{"taxonomy":"product_tag","embeddable":true,"href":"https:\/\/catalogue.biofabmed.com\/index.php?rest_route=%2Fwp%2Fv2%2Fproduct_tag&post=10804"}],"curies":[{"name":"wp","href":"https:\/\/api.w.org\/{rel}","templated":true}]}}