{"id":10796,"date":"2025-12-12T22:50:17","date_gmt":"2025-12-12T21:50:17","guid":{"rendered":"https:\/\/catalogue.biofabmed.com\/?post_type=product&#038;p=10796"},"modified":"2025-12-20T23:01:23","modified_gmt":"2025-12-20T22:01:23","slug":"maglumi-hsv-1-2-igm502-tests-2","status":"publish","type":"product","link":"https:\/\/catalogue.biofabmed.com\/?product=maglumi-hsv-1-2-igm502-tests-2","title":{"rendered":"MAGLUMI HSV 1\/2 IgM50*2 TESTS"},"content":{"rendered":"<p>&#8216;<\/p>\n<p>&#8212;<\/p>\n<p>### MAGLUMI HSV 1\/2 IgM 50*2 TESTS<\/p>\n<p>**Description du Produit**:<br \/>\nLe kit MAGLUMI HSV 1\/2 IgM permet la d\u00e9tection qualitative et semi-quantitative des anticorps de classe IgM dirig\u00e9s contre le virus de l&#8217;herp\u00e8s simplex de type 1 (HSV-1) et de type 2 (HSV-2) dans le s\u00e9rum ou le plasma humain. La pr\u00e9sence d&#8217;IgM sp\u00e9cifiques peut indiquer une r\u00e9cente infection par le virus de l&#8217;herp\u00e8s.<\/p>\n<p>**Contenu du Kit**:<br \/>\n&#8211; **Nombre de Tests**: 50*2 tests (100 tests au total).<br \/>\n&#8211; **Technologie**: M\u00e9thode immunoluminom\u00e9trique \u00e0 marqueur chimiluminescent.<\/p>\n<p>**Applications**:<br \/>\n1. **Diagnostic de l&#8217;Infection Herp\u00e9tique R\u00e9cente**:<br \/>\n   &#8211; D\u00e9tection des anticorps IgM sp\u00e9cifiques du HSV-1 et du HSV-2 dans le s\u00e9rum ou le plasma.<br \/>\n   &#8211; Aide au diagnostic des infections primaires et r\u00e9currentes \u00e0 herp\u00e8s.<\/p>\n<p>**Caract\u00e9ristiques**:<br \/>\n&#8211; **Rapidit\u00e9**: R\u00e9sultats disponibles en quelques minutes.<br \/>\n&#8211; **Sensibilit\u00e9**: D\u00e9tection pr\u00e9coce des IgM anti-HSV-1 et anti-HSV-2.<br \/>\n&#8211; **Facilit\u00e9 d&#8217;Utilisation**: Protocole simple et automatis\u00e9 compatible avec les analyseurs MAGLUMI.<\/p>\n<p>**Conditions de Stockage**:<br \/>\n&#8211; **Temp\u00e9rature**: Conserver entre 2\u00b0C et 8\u00b0C.<br \/>\n&#8211; **Dur\u00e9e de Conservation**: Stabilit\u00e9 jusqu&#8217;\u00e0 la date d&#8217;expiration indiqu\u00e9e sur l&#8217;\u00e9tiquette.<\/p>\n<p>**Certification et Conformit\u00e9**:<br \/>\n&#8211; **Marquage CE**: Conforme aux normes europ\u00e9ennes pour les dispositifs m\u00e9dicaux de diagnostic in vitro.<br \/>\n&#8211; **ISO 13485**: Certifi\u00e9 pour la gestion de la qualit\u00e9 dans les dispositifs m\u00e9dicaux.<\/p>\n<p>**Utilisateurs Cibles**:<br \/>\n&#8211; Laboratoires d&#8217;analyse m\u00e9dicale et de microbiologie.<br \/>\n&#8211; Services de sant\u00e9 publique et de diagnostic des maladies infectieuses.<\/p>\n<p>&#8212; <\/p>\n","protected":false},"excerpt":{"rendered":"<p>&#8216; &#8212; ### MAGLUMI HSV 1\/2 IgM 50*2 TESTS **Description du Produit**: Le kit MAGLUMI HSV 1\/2 IgM permet la d\u00e9tection qualitative et semi-quantitative des anticorps de classe IgM dirig\u00e9s contre le virus de l&#8217;herp\u00e8s simplex de type 1 (HSV-1) et de type 2 (HSV-2) dans le s\u00e9rum ou le plasma humain. La pr\u00e9sence d&#8217;IgM [&hellip;]<\/p>\n","protected":false},"featured_media":10460,"comment_status":"open","ping_status":"closed","template":"","meta":[],"pwb-brand":[528],"product_brand":[],"product_cat":[15,360,356],"product_tag":[487],"class_list":{"0":"post-10796","1":"product","2":"type-product","3":"status-publish","4":"has-post-thumbnail","6":"pwb-brand-maglumi","7":"product_cat-non-classe","8":"product_cat-hormono-immunologie-serologie","9":"product_cat-laboratoire-danalyses-medicales","10":"product_tag-maglumi","11":"ts_product_brand-maglumi","13":"first","14":"instock","15":"shipping-taxable","16":"purchasable","17":"product-type-simple","18":"add-to-wishlist-after_add_to_cart"},"brands":[{"id":528,"name":"Maglumi","slug":"maglumi"}],"_links":{"self":[{"href":"https:\/\/catalogue.biofabmed.com\/index.php?rest_route=\/wp\/v2\/product\/10796","targetHints":{"allow":["GET"]}}],"collection":[{"href":"https:\/\/catalogue.biofabmed.com\/index.php?rest_route=\/wp\/v2\/product"}],"about":[{"href":"https:\/\/catalogue.biofabmed.com\/index.php?rest_route=\/wp\/v2\/types\/product"}],"replies":[{"embeddable":true,"href":"https:\/\/catalogue.biofabmed.com\/index.php?rest_route=%2Fwp%2Fv2%2Fcomments&post=10796"}],"wp:featuredmedia":[{"embeddable":true,"href":"https:\/\/catalogue.biofabmed.com\/index.php?rest_route=\/wp\/v2\/media\/10460"}],"wp:attachment":[{"href":"https:\/\/catalogue.biofabmed.com\/index.php?rest_route=%2Fwp%2Fv2%2Fmedia&parent=10796"}],"wp:term":[{"taxonomy":"pwb-brand","embeddable":true,"href":"https:\/\/catalogue.biofabmed.com\/index.php?rest_route=%2Fwp%2Fv2%2Fpwb-brand&post=10796"},{"taxonomy":"product_brand","embeddable":true,"href":"https:\/\/catalogue.biofabmed.com\/index.php?rest_route=%2Fwp%2Fv2%2Fproduct_brand&post=10796"},{"taxonomy":"product_cat","embeddable":true,"href":"https:\/\/catalogue.biofabmed.com\/index.php?rest_route=%2Fwp%2Fv2%2Fproduct_cat&post=10796"},{"taxonomy":"product_tag","embeddable":true,"href":"https:\/\/catalogue.biofabmed.com\/index.php?rest_route=%2Fwp%2Fv2%2Fproduct_tag&post=10796"}],"curies":[{"name":"wp","href":"https:\/\/api.w.org\/{rel}","templated":true}]}}