{"id":10795,"date":"2025-12-12T22:50:17","date_gmt":"2025-12-12T21:50:17","guid":{"rendered":"https:\/\/catalogue.biofabmed.com\/?post_type=product&#038;p=10795"},"modified":"2025-12-20T23:01:23","modified_gmt":"2025-12-20T22:01:23","slug":"maglumi-hsv-1-2-igm100-tests-2","status":"publish","type":"product","link":"https:\/\/catalogue.biofabmed.com\/?product=maglumi-hsv-1-2-igm100-tests-2","title":{"rendered":"MAGLUMI HSV 1\/2 IgM100 TESTS"},"content":{"rendered":"<p>&#8216;<\/p>\n<p>&#8212;<\/p>\n<p>### MAGLUMI HSV 1\/2 IgM100 TESTS<\/p>\n<p>**Description du Produit**:<br \/>\nLe kit MAGLUMI HSV 1\/2 IgM permet la d\u00e9tection qualitative et quantitative des anticorps de type IgM dirig\u00e9s contre les virus de l&#8217;herp\u00e8s simplex de type 1 (HSV-1) et de type 2 (HSV-2) dans le s\u00e9rum ou le plasma humain. La pr\u00e9sence d&#8217;IgM anti-HSV indique une infection r\u00e9cente par le virus.<\/p>\n<p>**Contenu du Kit**:<br \/>\n&#8211; **Nombre de Tests**: 100 tests.<br \/>\n&#8211; **Technologie**: M\u00e9thode immunoluminom\u00e9trique \u00e0 marqueur chimiluminescent.<\/p>\n<p>**Applications**:<br \/>\n1. **Diagnostic de l&#8217;Infection R\u00e9cente par l&#8217;Herp\u00e8s Simplex**:<br \/>\n   &#8211; \u00c9valuation de l&#8217;infection r\u00e9cente par le virus de l&#8217;herp\u00e8s simplex.<br \/>\n   &#8211; Identification des patients \u00e0 risque de transmission de l&#8217;infection.<\/p>\n<p>**Caract\u00e9ristiques**:<br \/>\n&#8211; **Sensibilit\u00e9**: Haute sensibilit\u00e9 pour la d\u00e9tection des anticorps IgM anti-HSV.<br \/>\n&#8211; **Sp\u00e9cificit\u00e9**: M\u00e9thode sp\u00e9cifique pour la d\u00e9tection des anticorps anti-HSV-1 et anti-HSV-2.<br \/>\n&#8211; **Facilit\u00e9 d&#8217;Utilisation**: Protocole simple et automatis\u00e9 compatible avec les analyseurs MAGLUMI.<\/p>\n<p>**Sp\u00e9cifications Techniques**:<br \/>\n&#8211; **\u00c9chantillon**: S\u00e9rum ou plasma humain.<br \/>\n&#8211; **Volume d&#8217;\u00c9chantillon Requis**: Selon les sp\u00e9cifications de l&#8217;analyseur MAGLUMI.<br \/>\n&#8211; **Sensibilit\u00e9 Analytique**: Capable de d\u00e9tecter les anticorps IgM anti-HSV dans une gamme de concentration de X \u00e0 Y unit\u00e9s.<\/p>\n<p>**Conditions de Stockage**:<br \/>\n&#8211; **Temp\u00e9rature**: Conserver entre 2\u00b0C et 8\u00b0C.<br \/>\n&#8211; **Dur\u00e9e de Conservation**: Stabilit\u00e9 de X mois apr\u00e8s ouverture.<\/p>\n<p>**Certification et Conformit\u00e9**:<br \/>\n&#8211; **Marquage CE**: Conforme aux normes europ\u00e9ennes pour les dispositifs m\u00e9dicaux de diagnostic in vitro.<br \/>\n&#8211; **ISO 13485**: Certifi\u00e9 pour la gestion de la qualit\u00e9 dans les dispositifs m\u00e9dicaux.<\/p>\n<p>**Utilisateurs Cibles**:<br \/>\n&#8211; Laboratoires d&#8217;analyses m\u00e9dicales pour le d\u00e9pistage de l&#8217;infection par l&#8217;herp\u00e8s simplex.<\/p>\n<p>&#8212;<\/p>\n","protected":false},"excerpt":{"rendered":"<p>&#8216; &#8212; ### MAGLUMI HSV 1\/2 IgM100 TESTS **Description du Produit**: Le kit MAGLUMI HSV 1\/2 IgM permet la d\u00e9tection qualitative et quantitative des anticorps de type IgM dirig\u00e9s contre les virus de l&#8217;herp\u00e8s simplex de type 1 (HSV-1) et de type 2 (HSV-2) dans le s\u00e9rum ou le plasma humain. La pr\u00e9sence d&#8217;IgM anti-HSV [&hellip;]<\/p>\n","protected":false},"featured_media":10460,"comment_status":"open","ping_status":"closed","template":"","meta":[],"pwb-brand":[528],"product_brand":[],"product_cat":[15,360,356],"product_tag":[487],"class_list":{"0":"post-10795","1":"product","2":"type-product","3":"status-publish","4":"has-post-thumbnail","6":"pwb-brand-maglumi","7":"product_cat-non-classe","8":"product_cat-hormono-immunologie-serologie","9":"product_cat-laboratoire-danalyses-medicales","10":"product_tag-maglumi","11":"ts_product_brand-maglumi","13":"first","14":"instock","15":"shipping-taxable","16":"purchasable","17":"product-type-simple","18":"add-to-wishlist-after_add_to_cart"},"brands":[{"id":528,"name":"Maglumi","slug":"maglumi"}],"_links":{"self":[{"href":"https:\/\/catalogue.biofabmed.com\/index.php?rest_route=\/wp\/v2\/product\/10795","targetHints":{"allow":["GET"]}}],"collection":[{"href":"https:\/\/catalogue.biofabmed.com\/index.php?rest_route=\/wp\/v2\/product"}],"about":[{"href":"https:\/\/catalogue.biofabmed.com\/index.php?rest_route=\/wp\/v2\/types\/product"}],"replies":[{"embeddable":true,"href":"https:\/\/catalogue.biofabmed.com\/index.php?rest_route=%2Fwp%2Fv2%2Fcomments&post=10795"}],"wp:featuredmedia":[{"embeddable":true,"href":"https:\/\/catalogue.biofabmed.com\/index.php?rest_route=\/wp\/v2\/media\/10460"}],"wp:attachment":[{"href":"https:\/\/catalogue.biofabmed.com\/index.php?rest_route=%2Fwp%2Fv2%2Fmedia&parent=10795"}],"wp:term":[{"taxonomy":"pwb-brand","embeddable":true,"href":"https:\/\/catalogue.biofabmed.com\/index.php?rest_route=%2Fwp%2Fv2%2Fpwb-brand&post=10795"},{"taxonomy":"product_brand","embeddable":true,"href":"https:\/\/catalogue.biofabmed.com\/index.php?rest_route=%2Fwp%2Fv2%2Fproduct_brand&post=10795"},{"taxonomy":"product_cat","embeddable":true,"href":"https:\/\/catalogue.biofabmed.com\/index.php?rest_route=%2Fwp%2Fv2%2Fproduct_cat&post=10795"},{"taxonomy":"product_tag","embeddable":true,"href":"https:\/\/catalogue.biofabmed.com\/index.php?rest_route=%2Fwp%2Fv2%2Fproduct_tag&post=10795"}],"curies":[{"name":"wp","href":"https:\/\/api.w.org\/{rel}","templated":true}]}}