{"id":10792,"date":"2025-12-12T22:50:16","date_gmt":"2025-12-12T21:50:16","guid":{"rendered":"https:\/\/catalogue.biofabmed.com\/?post_type=product&#038;p=10792"},"modified":"2025-12-20T23:01:32","modified_gmt":"2025-12-20T22:01:32","slug":"maglumi-hbe-ag-hepatite-b-e-antigene-502-tests-2","status":"publish","type":"product","link":"https:\/\/catalogue.biofabmed.com\/?product=maglumi-hbe-ag-hepatite-b-e-antigene-502-tests-2","title":{"rendered":"MAGLUMI HBe Ag HEPATITE B e Antigene 50*2 TESTS"},"content":{"rendered":"<p>&#8216;<\/p>\n<p>&#8212;<\/p>\n<p>### MAGLUMI HBe Ag HEPATITE B e Antigene 50*2 TESTS<\/p>\n<p>**Description du Produit**:<br \/>\nLe kit MAGLUMI HBe Ag permet la d\u00e9tection qualitative de l&#8217;antig\u00e8ne HBe (antig\u00e8ne de l&#8217;h\u00e9patite B e) dans le s\u00e9rum ou le plasma humain. La pr\u00e9sence de l&#8217;antig\u00e8ne HBe est souvent associ\u00e9e \u00e0 une r\u00e9plication active du virus de l&#8217;h\u00e9patite B (VHB).<\/p>\n<p>**Contenu du Kit**:<br \/>\n&#8211; **Nombre de Tests**: 50*2 tests (100 tests au total).<br \/>\n&#8211; **Technologie**: M\u00e9thode immunoluminom\u00e9trique \u00e0 marqueur chimiluminescent.<\/p>\n<p>**Applications**:<br \/>\n1. **Diagnostic de l&#8217;H\u00e9patite B Active**:<br \/>\n   &#8211; D\u00e9tection de l&#8217;antig\u00e8ne HBe comme marqueur de la r\u00e9plication virale active du VHB.<\/p>\n<p>**Caract\u00e9ristiques**:<br \/>\n&#8211; **Rapidit\u00e9**: R\u00e9sultats disponibles en quelques minutes.<br \/>\n&#8211; **Pr\u00e9cision**: Sensibilit\u00e9 \u00e9lev\u00e9e pour la d\u00e9tection de l&#8217;antig\u00e8ne HBe.<br \/>\n&#8211; **Facilit\u00e9 d&#8217;Utilisation**: Protocole simple et automatis\u00e9 compatible avec les analyseurs MAGLUMI.<\/p>\n<p>**Sp\u00e9cifications Techniques**:<br \/>\n&#8211; **\u00c9chantillon**: S\u00e9rum ou plasma humain.<br \/>\n&#8211; **Volume d&#8217;\u00c9chantillon Requis**: Selon les sp\u00e9cifications de l&#8217;analyseur MAGLUMI.<br \/>\n&#8211; **Sensibilit\u00e9 Analytique**: Capable de d\u00e9tecter la pr\u00e9sence de l&#8217;antig\u00e8ne HBe \u00e0 des niveaux cliniquement significatifs.<\/p>\n<p>**Conditions de Stockage**:<br \/>\n&#8211; **Temp\u00e9rature**: Conserver entre 2\u00b0C et 8\u00b0C.<br \/>\n&#8211; **Dur\u00e9e de Conservation**: Stabilit\u00e9 selon les recommandations du fabricant.<\/p>\n<p>**Certification et Conformit\u00e9**:<br \/>\n&#8211; **Marquage CE**: Conforme aux normes europ\u00e9ennes pour les dispositifs m\u00e9dicaux de diagnostic in vitro.<br \/>\n&#8211; **ISO 13485**: Certifi\u00e9 pour la gestion de la qualit\u00e9 dans les dispositifs m\u00e9dicaux.<\/p>\n","protected":false},"excerpt":{"rendered":"<p>&#8216; &#8212; ### MAGLUMI HBe Ag HEPATITE B e Antigene 50*2 TESTS **Description du Produit**: Le kit MAGLUMI HBe Ag permet la d\u00e9tection qualitative de l&#8217;antig\u00e8ne HBe (antig\u00e8ne de l&#8217;h\u00e9patite B e) dans le s\u00e9rum ou le plasma humain. La pr\u00e9sence de l&#8217;antig\u00e8ne HBe est souvent associ\u00e9e \u00e0 une r\u00e9plication active du virus de l&#8217;h\u00e9patite [&hellip;]<\/p>\n","protected":false},"featured_media":10460,"comment_status":"open","ping_status":"closed","template":"","meta":[],"pwb-brand":[528],"product_brand":[],"product_cat":[15,360,356],"product_tag":[487],"class_list":{"0":"post-10792","1":"product","2":"type-product","3":"status-publish","4":"has-post-thumbnail","6":"pwb-brand-maglumi","7":"product_cat-non-classe","8":"product_cat-hormono-immunologie-serologie","9":"product_cat-laboratoire-danalyses-medicales","10":"product_tag-maglumi","11":"ts_product_brand-maglumi","13":"first","14":"instock","15":"shipping-taxable","16":"purchasable","17":"product-type-simple","18":"add-to-wishlist-after_add_to_cart"},"brands":[{"id":528,"name":"Maglumi","slug":"maglumi"}],"_links":{"self":[{"href":"https:\/\/catalogue.biofabmed.com\/index.php?rest_route=\/wp\/v2\/product\/10792","targetHints":{"allow":["GET"]}}],"collection":[{"href":"https:\/\/catalogue.biofabmed.com\/index.php?rest_route=\/wp\/v2\/product"}],"about":[{"href":"https:\/\/catalogue.biofabmed.com\/index.php?rest_route=\/wp\/v2\/types\/product"}],"replies":[{"embeddable":true,"href":"https:\/\/catalogue.biofabmed.com\/index.php?rest_route=%2Fwp%2Fv2%2Fcomments&post=10792"}],"wp:featuredmedia":[{"embeddable":true,"href":"https:\/\/catalogue.biofabmed.com\/index.php?rest_route=\/wp\/v2\/media\/10460"}],"wp:attachment":[{"href":"https:\/\/catalogue.biofabmed.com\/index.php?rest_route=%2Fwp%2Fv2%2Fmedia&parent=10792"}],"wp:term":[{"taxonomy":"pwb-brand","embeddable":true,"href":"https:\/\/catalogue.biofabmed.com\/index.php?rest_route=%2Fwp%2Fv2%2Fpwb-brand&post=10792"},{"taxonomy":"product_brand","embeddable":true,"href":"https:\/\/catalogue.biofabmed.com\/index.php?rest_route=%2Fwp%2Fv2%2Fproduct_brand&post=10792"},{"taxonomy":"product_cat","embeddable":true,"href":"https:\/\/catalogue.biofabmed.com\/index.php?rest_route=%2Fwp%2Fv2%2Fproduct_cat&post=10792"},{"taxonomy":"product_tag","embeddable":true,"href":"https:\/\/catalogue.biofabmed.com\/index.php?rest_route=%2Fwp%2Fv2%2Fproduct_tag&post=10792"}],"curies":[{"name":"wp","href":"https:\/\/api.w.org\/{rel}","templated":true}]}}