{"id":10713,"date":"2025-12-12T22:50:07","date_gmt":"2025-12-12T21:50:07","guid":{"rendered":"https:\/\/catalogue.biofabmed.com\/?post_type=product&#038;p=10713"},"modified":"2025-12-20T23:01:59","modified_gmt":"2025-12-20T22:01:59","slug":"maglumi-f-psa-free-psa-100-tests-2","status":"publish","type":"product","link":"https:\/\/catalogue.biofabmed.com\/?product=maglumi-f-psa-free-psa-100-tests-2","title":{"rendered":"MAGLUMI  F-PSA Free PSA 100 TESTS"},"content":{"rendered":"<p>### MAGLUMI F-PSA Free PSA 100 TESTS<\/p>\n<p>**Description du Produit**:<br \/>\nLe kit MAGLUMI F-PSA Free PSA permet la mesure quantitative des niveaux de PSA libre (antig\u00e8ne prostatique sp\u00e9cifique libre) dans le plasma ou le s\u00e9rum humain. Le PSA est une prot\u00e9ine produite par la prostate, et sa mesure est utilis\u00e9e dans le d\u00e9pistage et la surveillance du cancer de la prostate.<\/p>\n<p>**Contenu du Kit**:<br \/>\n&#8211; **Nombre de Tests**: 100 tests.<br \/>\n&#8211; **Technologie**: M\u00e9thode immunoluminom\u00e9trique \u00e0 marqueur chimiluminescent.<\/p>\n<p>**Applications**:<br \/>\n1. **D\u00e9pistage et Surveillance du Cancer de la Prostate**:<br \/>\n   &#8211; \u00c9valuation des niveaux de PSA libre pour aider \u00e0 diff\u00e9rencier entre cancer de la prostate et hyperplasie b\u00e9nigne de la prostate.<br \/>\n   &#8211; Suivi de l&#8217;efficacit\u00e9 du traitement du cancer de la prostate.<\/p>\n<p>2. **\u00c9valuation des Troubles Prostatiques**:<br \/>\n   &#8211; Aide au diagnostic des maladies de la prostate.<\/p>\n<p>**Caract\u00e9ristiques**:<br \/>\n&#8211; **Rapidit\u00e9**: R\u00e9sultats disponibles en quelques minutes.<br \/>\n&#8211; **Pr\u00e9cision**: Sensibilit\u00e9 \u00e9lev\u00e9e pour la d\u00e9tection des niveaux de PSA libre.<br \/>\n&#8211; **Facilit\u00e9 d&#8217;Utilisation**: Protocole simple et automatis\u00e9 compatible avec les analyseurs MAGLUMI.<\/p>\n<p>**Sp\u00e9cifications Techniques**:<br \/>\n&#8211; **\u00c9chantillon**: Plasma ou s\u00e9rum humain.<br \/>\n&#8211; **Volume d&#8217;\u00c9chantillon Requis**: Selon les sp\u00e9cifications de l&#8217;analyseur MAGLUMI.<br \/>\n&#8211; **Sensibilit\u00e9 Analytique**: Capable de d\u00e9tecter des niveaux de PSA libre aussi bas que 0,1 ng\/mL.<\/p>\n<p>**Conditions de Stockage**:<br \/>\n&#8211; **Temp\u00e9rature**: Conserver entre 2\u00b0C et 8\u00b0C.<br \/>\n&#8211; **Dur\u00e9e de Conservation**: Stabilit\u00e9 de 4 semaines apr\u00e8s ouverture.<\/p>\n<p>**Certification et Conformit\u00e9**:<br \/>\n&#8211; **Marquage CE**: Conforme aux normes europ\u00e9ennes pour les dispositifs m\u00e9dicaux de diagnostic in vitro.<br \/>\n&#8211; **ISO 13485**: Certifi\u00e9 pour la gestion de la qualit\u00e9 dans les dispositifs m\u00e9dicaux.<\/p>\n<p>**Utilisateurs Cibles**:<br \/>\n&#8211; Laboratoires d&#8217;urologie et d&#8217;oncologie.<br \/>\n&#8211; Cliniques de d\u00e9pistage et services d&#8217;urologie.<br \/>\n&#8211; M\u00e9decins traitants et sp\u00e9cialistes en urologie et oncologie.<\/p>\n","protected":false},"excerpt":{"rendered":"<p>### MAGLUMI F-PSA Free PSA 100 TESTS **Description du Produit**: Le kit MAGLUMI F-PSA Free PSA permet la mesure quantitative des niveaux de PSA libre (antig\u00e8ne prostatique sp\u00e9cifique libre) dans le plasma ou le s\u00e9rum humain. Le PSA est une prot\u00e9ine produite par la prostate, et sa mesure est utilis\u00e9e dans le d\u00e9pistage et la [&hellip;]<\/p>\n","protected":false},"featured_media":10460,"comment_status":"open","ping_status":"closed","template":"","meta":[],"pwb-brand":[528],"product_brand":[],"product_cat":[15,360,356],"product_tag":[487],"class_list":{"0":"post-10713","1":"product","2":"type-product","3":"status-publish","4":"has-post-thumbnail","6":"pwb-brand-maglumi","7":"product_cat-non-classe","8":"product_cat-hormono-immunologie-serologie","9":"product_cat-laboratoire-danalyses-medicales","10":"product_tag-maglumi","11":"ts_product_brand-maglumi","13":"first","14":"instock","15":"shipping-taxable","16":"purchasable","17":"product-type-simple","18":"add-to-wishlist-after_add_to_cart"},"brands":[{"id":528,"name":"Maglumi","slug":"maglumi"}],"_links":{"self":[{"href":"https:\/\/catalogue.biofabmed.com\/index.php?rest_route=\/wp\/v2\/product\/10713","targetHints":{"allow":["GET"]}}],"collection":[{"href":"https:\/\/catalogue.biofabmed.com\/index.php?rest_route=\/wp\/v2\/product"}],"about":[{"href":"https:\/\/catalogue.biofabmed.com\/index.php?rest_route=\/wp\/v2\/types\/product"}],"replies":[{"embeddable":true,"href":"https:\/\/catalogue.biofabmed.com\/index.php?rest_route=%2Fwp%2Fv2%2Fcomments&post=10713"}],"wp:featuredmedia":[{"embeddable":true,"href":"https:\/\/catalogue.biofabmed.com\/index.php?rest_route=\/wp\/v2\/media\/10460"}],"wp:attachment":[{"href":"https:\/\/catalogue.biofabmed.com\/index.php?rest_route=%2Fwp%2Fv2%2Fmedia&parent=10713"}],"wp:term":[{"taxonomy":"pwb-brand","embeddable":true,"href":"https:\/\/catalogue.biofabmed.com\/index.php?rest_route=%2Fwp%2Fv2%2Fpwb-brand&post=10713"},{"taxonomy":"product_brand","embeddable":true,"href":"https:\/\/catalogue.biofabmed.com\/index.php?rest_route=%2Fwp%2Fv2%2Fproduct_brand&post=10713"},{"taxonomy":"product_cat","embeddable":true,"href":"https:\/\/catalogue.biofabmed.com\/index.php?rest_route=%2Fwp%2Fv2%2Fproduct_cat&post=10713"},{"taxonomy":"product_tag","embeddable":true,"href":"https:\/\/catalogue.biofabmed.com\/index.php?rest_route=%2Fwp%2Fv2%2Fproduct_tag&post=10713"}],"curies":[{"name":"wp","href":"https:\/\/api.w.org\/{rel}","templated":true}]}}