{"id":10699,"date":"2025-12-12T22:50:04","date_gmt":"2025-12-12T21:50:04","guid":{"rendered":"https:\/\/catalogue.biofabmed.com\/?post_type=product&#038;p=10699"},"modified":"2025-12-20T23:02:05","modified_gmt":"2025-12-20T22:02:05","slug":"maglumi-ca-19-9-cancer-antigene-502-tests-2","status":"publish","type":"product","link":"https:\/\/catalogue.biofabmed.com\/?product=maglumi-ca-19-9-cancer-antigene-502-tests-2","title":{"rendered":"MAGLUMI  CA 19-9 CANCER ANTIGENE   50*2 TESTS"},"content":{"rendered":"<p>Bien s\u00fbr ! Voici les informations sur le kit **MAGLUMI CA 19-9** :<\/p>\n<p>### MAGLUMI CA 19-9 Cancer Antig\u00e8ne 50*2 Tests<\/p>\n<p>**Description du Produit**:<br \/>\nLe kit MAGLUMI CA 19-9 est con\u00e7u pour la d\u00e9termination quantitative de l&#8217;antig\u00e8ne du cancer 19-9 (CA19-9) dans le s\u00e9rum humain. La m\u00e9thode peut \u00eatre utilis\u00e9e pour des \u00e9chantillons dans une plage de 1,0 \u00e0 1000 U\/ml. L&#8217;essai doit \u00eatre effectu\u00e9 dans l&#8217;analyseur de dosage immunologique par chimiluminescence enti\u00e8rement automatique (CLIA) MAGLUMI\u00b3. Ce marqueur tumoral est particuli\u00e8rement pertinent dans le suivi des cancers gastro-intestinaux.<\/p>\n<p>**Applications**:<br \/>\n1. **Suivi Oncologique**:<br \/>\n   &#8211; Surveillance du traitement des cancers gastro-intestinaux.<br \/>\n   &#8211; \u00c9valuation de la r\u00e9ponse au traitement et d\u00e9tection pr\u00e9coce des r\u00e9cidives\u00b9.<\/p>\n<p>2. **Diagnostic Compl\u00e9mentaire**:<br \/>\n   &#8211; Utilis\u00e9 en compl\u00e9ment d&#8217;autres examens pour le diagnostic de certains cancers gastro-intestinaux\u00b9.<\/p>\n<p>**Caract\u00e9ristiques**:<br \/>\n&#8211; **Rapidit\u00e9**: Premier r\u00e9sultat disponible en seulement 17 minutes\u00b9.<br \/>\n&#8211; **Pr\u00e9cision**: Haute pr\u00e9cision et reproductibilit\u00e9 des r\u00e9sultats.<br \/>\n&#8211; **Facilit\u00e9 d&#8217;Utilisation**: Compatible avec les analyseurs MAGLUMI.<\/p>\n<p>**Conditions de Stockage**:<br \/>\n&#8211; **Temp\u00e9rature**: Conserver entre 2\u00b0C et 8\u00b0C.<br \/>\n&#8211; **Dur\u00e9e de Conservation**: Stabilit\u00e9 de 4 semaines apr\u00e8s ouverture\u00b9.<\/p>\n<p>Le kit MAGLUMI CA 19-9 est un outil diagnostique pr\u00e9cis et fiable pour les professionnels de la sant\u00e9, offrant des r\u00e9sultats rapides et pr\u00e9cis pour le suivi oncologique et le diagnostic compl\u00e9mentaire des cancers gastro-intestinaux.<\/p>\n","protected":false},"excerpt":{"rendered":"<p>Bien s\u00fbr ! Voici les informations sur le kit **MAGLUMI CA 19-9** : ### MAGLUMI CA 19-9 Cancer Antig\u00e8ne 50*2 Tests **Description du Produit**: Le kit MAGLUMI CA 19-9 est con\u00e7u pour la d\u00e9termination quantitative de l&#8217;antig\u00e8ne du cancer 19-9 (CA19-9) dans le s\u00e9rum humain. La m\u00e9thode peut \u00eatre utilis\u00e9e pour des \u00e9chantillons dans une [&hellip;]<\/p>\n","protected":false},"featured_media":10460,"comment_status":"open","ping_status":"closed","template":"","meta":[],"pwb-brand":[528],"product_brand":[],"product_cat":[15,360,356],"product_tag":[487],"class_list":{"0":"post-10699","1":"product","2":"type-product","3":"status-publish","4":"has-post-thumbnail","6":"pwb-brand-maglumi","7":"product_cat-non-classe","8":"product_cat-hormono-immunologie-serologie","9":"product_cat-laboratoire-danalyses-medicales","10":"product_tag-maglumi","11":"ts_product_brand-maglumi","13":"first","14":"instock","15":"shipping-taxable","16":"purchasable","17":"product-type-simple","18":"add-to-wishlist-after_add_to_cart"},"brands":[{"id":528,"name":"Maglumi","slug":"maglumi"}],"_links":{"self":[{"href":"https:\/\/catalogue.biofabmed.com\/index.php?rest_route=\/wp\/v2\/product\/10699","targetHints":{"allow":["GET"]}}],"collection":[{"href":"https:\/\/catalogue.biofabmed.com\/index.php?rest_route=\/wp\/v2\/product"}],"about":[{"href":"https:\/\/catalogue.biofabmed.com\/index.php?rest_route=\/wp\/v2\/types\/product"}],"replies":[{"embeddable":true,"href":"https:\/\/catalogue.biofabmed.com\/index.php?rest_route=%2Fwp%2Fv2%2Fcomments&post=10699"}],"wp:featuredmedia":[{"embeddable":true,"href":"https:\/\/catalogue.biofabmed.com\/index.php?rest_route=\/wp\/v2\/media\/10460"}],"wp:attachment":[{"href":"https:\/\/catalogue.biofabmed.com\/index.php?rest_route=%2Fwp%2Fv2%2Fmedia&parent=10699"}],"wp:term":[{"taxonomy":"pwb-brand","embeddable":true,"href":"https:\/\/catalogue.biofabmed.com\/index.php?rest_route=%2Fwp%2Fv2%2Fpwb-brand&post=10699"},{"taxonomy":"product_brand","embeddable":true,"href":"https:\/\/catalogue.biofabmed.com\/index.php?rest_route=%2Fwp%2Fv2%2Fproduct_brand&post=10699"},{"taxonomy":"product_cat","embeddable":true,"href":"https:\/\/catalogue.biofabmed.com\/index.php?rest_route=%2Fwp%2Fv2%2Fproduct_cat&post=10699"},{"taxonomy":"product_tag","embeddable":true,"href":"https:\/\/catalogue.biofabmed.com\/index.php?rest_route=%2Fwp%2Fv2%2Fproduct_tag&post=10699"}],"curies":[{"name":"wp","href":"https:\/\/api.w.org\/{rel}","templated":true}]}}