{"id":10679,"date":"2025-12-12T22:50:00","date_gmt":"2025-12-12T21:50:00","guid":{"rendered":"https:\/\/catalogue.biofabmed.com\/?post_type=product&#038;p=10679"},"modified":"2025-12-15T19:54:44","modified_gmt":"2025-12-15T18:54:44","slug":"vidas-cmv-igg-avidity-ii-30t-2","status":"publish","type":"product","link":"https:\/\/catalogue.biofabmed.com\/?product=vidas-cmv-igg-avidity-ii-30t-2","title":{"rendered":"VIDAS CMV IGG AVIDITY II 30T"},"content":{"rendered":"<p>Le test VIDAS Cortisol est un test immunologique con\u00e7u pour mesurer les niveaux de cortisol, une hormone st\u00e9ro\u00efdienne, dans le s\u00e9rum sanguin. Le cortisol est s\u00e9cr\u00e9t\u00e9 par les glandes surr\u00e9nales en r\u00e9ponse au stress et joue un r\u00f4le essentiel dans de nombreuses fonctions corporelles, notamment la r\u00e9gulation du m\u00e9tabolisme, du syst\u00e8me immunitaire et du stress. Ce test est souvent utilis\u00e9 dans le diagnostic et le suivi des troubles endocriniens, tels que le syndrome de Cushing et l&#8217;insuffisance surr\u00e9nalienne. Il peut \u00e9galement \u00eatre utilis\u00e9 pour \u00e9valuer la fonction surr\u00e9nalienne chez les patients atteints de troubles tels que l&#8217;anxi\u00e9t\u00e9 ou la d\u00e9pression.<\/p>\n","protected":false},"excerpt":{"rendered":"<p>Le test VIDAS Cortisol est un test immunologique con\u00e7u pour mesurer les niveaux de cortisol, une hormone st\u00e9ro\u00efdienne, dans le s\u00e9rum sanguin. Le cortisol est s\u00e9cr\u00e9t\u00e9 par les glandes surr\u00e9nales en r\u00e9ponse au stress et joue un r\u00f4le essentiel dans de nombreuses fonctions corporelles, notamment la r\u00e9gulation du m\u00e9tabolisme, du syst\u00e8me immunitaire et du stress. [&hellip;]<\/p>\n","protected":false},"featured_media":10461,"comment_status":"open","ping_status":"closed","template":"","meta":[],"pwb-brand":[],"product_brand":[],"product_cat":[15,360,356],"product_tag":[],"class_list":{"0":"post-10679","1":"product","2":"type-product","3":"status-publish","4":"has-post-thumbnail","6":"product_cat-non-classe","7":"product_cat-hormono-immunologie-serologie","8":"product_cat-laboratoire-danalyses-medicales","9":"ts_product_brand-vidas-biomerieux","11":"first","12":"instock","13":"shipping-taxable","14":"purchasable","15":"product-type-simple","16":"add-to-wishlist-after_add_to_cart"},"brands":[],"_links":{"self":[{"href":"https:\/\/catalogue.biofabmed.com\/index.php?rest_route=\/wp\/v2\/product\/10679","targetHints":{"allow":["GET"]}}],"collection":[{"href":"https:\/\/catalogue.biofabmed.com\/index.php?rest_route=\/wp\/v2\/product"}],"about":[{"href":"https:\/\/catalogue.biofabmed.com\/index.php?rest_route=\/wp\/v2\/types\/product"}],"replies":[{"embeddable":true,"href":"https:\/\/catalogue.biofabmed.com\/index.php?rest_route=%2Fwp%2Fv2%2Fcomments&post=10679"}],"wp:featuredmedia":[{"embeddable":true,"href":"https:\/\/catalogue.biofabmed.com\/index.php?rest_route=\/wp\/v2\/media\/10461"}],"wp:attachment":[{"href":"https:\/\/catalogue.biofabmed.com\/index.php?rest_route=%2Fwp%2Fv2%2Fmedia&parent=10679"}],"wp:term":[{"taxonomy":"pwb-brand","embeddable":true,"href":"https:\/\/catalogue.biofabmed.com\/index.php?rest_route=%2Fwp%2Fv2%2Fpwb-brand&post=10679"},{"taxonomy":"product_brand","embeddable":true,"href":"https:\/\/catalogue.biofabmed.com\/index.php?rest_route=%2Fwp%2Fv2%2Fproduct_brand&post=10679"},{"taxonomy":"product_cat","embeddable":true,"href":"https:\/\/catalogue.biofabmed.com\/index.php?rest_route=%2Fwp%2Fv2%2Fproduct_cat&post=10679"},{"taxonomy":"product_tag","embeddable":true,"href":"https:\/\/catalogue.biofabmed.com\/index.php?rest_route=%2Fwp%2Fv2%2Fproduct_tag&post=10679"}],"curies":[{"name":"wp","href":"https:\/\/api.w.org\/{rel}","templated":true}]}}