{"id":10678,"date":"2025-12-12T22:50:00","date_gmt":"2025-12-12T21:50:00","guid":{"rendered":"https:\/\/catalogue.biofabmed.com\/?post_type=product&#038;p=10678"},"modified":"2025-12-15T19:54:44","modified_gmt":"2025-12-15T18:54:44","slug":"vidas-toxo-competition-60-t-2","status":"publish","type":"product","link":"https:\/\/catalogue.biofabmed.com\/?product=vidas-toxo-competition-60-t-2","title":{"rendered":"VIDAS TOXO COMPETITION    60 T"},"content":{"rendered":"<p>Le test VIDAS CMV IgG Avidity II est un test immunologique utilis\u00e9 pour \u00e9valuer la force de liaison des anticorps de type IgG dirig\u00e9s contre le virus de la cytom\u00e9galovirus (CMV). La mesure de l&#8217;avidit\u00e9 des anticorps peut aider \u00e0 diff\u00e9rencier les infections r\u00e9centes des infections pass\u00e9es. Ce test est utilis\u00e9 pour le diagnostic et le suivi de l&#8217;infection \u00e0 CMV chez les femmes enceintes et les patients immunod\u00e9prim\u00e9s.<\/p>\n","protected":false},"excerpt":{"rendered":"<p>Le test VIDAS CMV IgG Avidity II est un test immunologique utilis\u00e9 pour \u00e9valuer la force de liaison des anticorps de type IgG dirig\u00e9s contre le virus de la cytom\u00e9galovirus (CMV). La mesure de l&#8217;avidit\u00e9 des anticorps peut aider \u00e0 diff\u00e9rencier les infections r\u00e9centes des infections pass\u00e9es. Ce test est utilis\u00e9 pour le diagnostic et [&hellip;]<\/p>\n","protected":false},"featured_media":10461,"comment_status":"open","ping_status":"closed","template":"","meta":[],"pwb-brand":[],"product_brand":[],"product_cat":[15,360,356],"product_tag":[],"class_list":{"0":"post-10678","1":"product","2":"type-product","3":"status-publish","4":"has-post-thumbnail","6":"product_cat-non-classe","7":"product_cat-hormono-immunologie-serologie","8":"product_cat-laboratoire-danalyses-medicales","9":"ts_product_brand-vidas-biomerieux","11":"first","12":"instock","13":"shipping-taxable","14":"purchasable","15":"product-type-simple","16":"add-to-wishlist-after_add_to_cart"},"brands":[],"_links":{"self":[{"href":"https:\/\/catalogue.biofabmed.com\/index.php?rest_route=\/wp\/v2\/product\/10678","targetHints":{"allow":["GET"]}}],"collection":[{"href":"https:\/\/catalogue.biofabmed.com\/index.php?rest_route=\/wp\/v2\/product"}],"about":[{"href":"https:\/\/catalogue.biofabmed.com\/index.php?rest_route=\/wp\/v2\/types\/product"}],"replies":[{"embeddable":true,"href":"https:\/\/catalogue.biofabmed.com\/index.php?rest_route=%2Fwp%2Fv2%2Fcomments&post=10678"}],"wp:featuredmedia":[{"embeddable":true,"href":"https:\/\/catalogue.biofabmed.com\/index.php?rest_route=\/wp\/v2\/media\/10461"}],"wp:attachment":[{"href":"https:\/\/catalogue.biofabmed.com\/index.php?rest_route=%2Fwp%2Fv2%2Fmedia&parent=10678"}],"wp:term":[{"taxonomy":"pwb-brand","embeddable":true,"href":"https:\/\/catalogue.biofabmed.com\/index.php?rest_route=%2Fwp%2Fv2%2Fpwb-brand&post=10678"},{"taxonomy":"product_brand","embeddable":true,"href":"https:\/\/catalogue.biofabmed.com\/index.php?rest_route=%2Fwp%2Fv2%2Fproduct_brand&post=10678"},{"taxonomy":"product_cat","embeddable":true,"href":"https:\/\/catalogue.biofabmed.com\/index.php?rest_route=%2Fwp%2Fv2%2Fproduct_cat&post=10678"},{"taxonomy":"product_tag","embeddable":true,"href":"https:\/\/catalogue.biofabmed.com\/index.php?rest_route=%2Fwp%2Fv2%2Fproduct_tag&post=10678"}],"curies":[{"name":"wp","href":"https:\/\/api.w.org\/{rel}","templated":true}]}}