{"id":10673,"date":"2025-12-12T22:50:00","date_gmt":"2025-12-12T21:50:00","guid":{"rendered":"https:\/\/catalogue.biofabmed.com\/?post_type=product&#038;p=10673"},"modified":"2025-12-15T19:54:43","modified_gmt":"2025-12-15T18:54:43","slug":"vidas-sars-cov-2-igg-ii-60t-2","status":"publish","type":"product","link":"https:\/\/catalogue.biofabmed.com\/?product=vidas-sars-cov-2-igg-ii-60t-2","title":{"rendered":"VIDAS SARS-COV-2 IgG II 60T"},"content":{"rendered":"<p>Le test VIDAS HBsAg Ultra Confirmation est un test immunologique utilis\u00e9 pour confirmer la pr\u00e9sence de l&#8217;antig\u00e8ne de surface du virus de l&#8217;h\u00e9patite B (HBsAg) dans le s\u00e9rum sanguin. Ce test est utilis\u00e9 pour confirmer les r\u00e9sultats positifs obtenus lors du d\u00e9pistage initial de l&#8217;h\u00e9patite B et pour \u00e9valuer la chronicit\u00e9 de l&#8217;infection.<\/p>\n","protected":false},"excerpt":{"rendered":"<p>Le test VIDAS HBsAg Ultra Confirmation est un test immunologique utilis\u00e9 pour confirmer la pr\u00e9sence de l&#8217;antig\u00e8ne de surface du virus de l&#8217;h\u00e9patite B (HBsAg) dans le s\u00e9rum sanguin. Ce test est utilis\u00e9 pour confirmer les r\u00e9sultats positifs obtenus lors du d\u00e9pistage initial de l&#8217;h\u00e9patite B et pour \u00e9valuer la chronicit\u00e9 de l&#8217;infection.<\/p>\n","protected":false},"featured_media":10461,"comment_status":"open","ping_status":"closed","template":"","meta":[],"pwb-brand":[],"product_brand":[],"product_cat":[15,360,356],"product_tag":[],"class_list":{"0":"post-10673","1":"product","2":"type-product","3":"status-publish","4":"has-post-thumbnail","6":"product_cat-non-classe","7":"product_cat-hormono-immunologie-serologie","8":"product_cat-laboratoire-danalyses-medicales","9":"ts_product_brand-vidas-biomerieux","11":"first","12":"instock","13":"shipping-taxable","14":"purchasable","15":"product-type-simple","16":"add-to-wishlist-after_add_to_cart"},"brands":[],"_links":{"self":[{"href":"https:\/\/catalogue.biofabmed.com\/index.php?rest_route=\/wp\/v2\/product\/10673","targetHints":{"allow":["GET"]}}],"collection":[{"href":"https:\/\/catalogue.biofabmed.com\/index.php?rest_route=\/wp\/v2\/product"}],"about":[{"href":"https:\/\/catalogue.biofabmed.com\/index.php?rest_route=\/wp\/v2\/types\/product"}],"replies":[{"embeddable":true,"href":"https:\/\/catalogue.biofabmed.com\/index.php?rest_route=%2Fwp%2Fv2%2Fcomments&post=10673"}],"wp:featuredmedia":[{"embeddable":true,"href":"https:\/\/catalogue.biofabmed.com\/index.php?rest_route=\/wp\/v2\/media\/10461"}],"wp:attachment":[{"href":"https:\/\/catalogue.biofabmed.com\/index.php?rest_route=%2Fwp%2Fv2%2Fmedia&parent=10673"}],"wp:term":[{"taxonomy":"pwb-brand","embeddable":true,"href":"https:\/\/catalogue.biofabmed.com\/index.php?rest_route=%2Fwp%2Fv2%2Fpwb-brand&post=10673"},{"taxonomy":"product_brand","embeddable":true,"href":"https:\/\/catalogue.biofabmed.com\/index.php?rest_route=%2Fwp%2Fv2%2Fproduct_brand&post=10673"},{"taxonomy":"product_cat","embeddable":true,"href":"https:\/\/catalogue.biofabmed.com\/index.php?rest_route=%2Fwp%2Fv2%2Fproduct_cat&post=10673"},{"taxonomy":"product_tag","embeddable":true,"href":"https:\/\/catalogue.biofabmed.com\/index.php?rest_route=%2Fwp%2Fv2%2Fproduct_tag&post=10673"}],"curies":[{"name":"wp","href":"https:\/\/api.w.org\/{rel}","templated":true}]}}