{"id":10665,"date":"2025-12-12T22:49:59","date_gmt":"2025-12-12T21:49:59","guid":{"rendered":"https:\/\/catalogue.biofabmed.com\/?post_type=product&#038;p=10665"},"modified":"2025-12-15T19:54:42","modified_gmt":"2025-12-15T18:54:42","slug":"vidas-nt-probnp-2-60-tests-2","status":"publish","type":"product","link":"https:\/\/catalogue.biofabmed.com\/?product=vidas-nt-probnp-2-60-tests-2","title":{"rendered":"VIDAS NT-PROBNP 2 60 TESTS"},"content":{"rendered":"<p>Le test VIDAS NT-proBNP 2 est un test immunologique utilis\u00e9 pour mesurer la concentration de NT-proBNP (N-terminal prohormone of brain natriuretic peptide) dans le s\u00e9rum sanguin. Le NT-proBNP est un marqueur de stress cardiaque et est souvent \u00e9lev\u00e9 chez les patients atteints d&#8217;insuffisance cardiaque congestive. Ce test est utilis\u00e9 pour le diagnostic et le suivi de l&#8217;insuffisance cardiaque.<\/p>\n","protected":false},"excerpt":{"rendered":"<p>Le test VIDAS NT-proBNP 2 est un test immunologique utilis\u00e9 pour mesurer la concentration de NT-proBNP (N-terminal prohormone of brain natriuretic peptide) dans le s\u00e9rum sanguin. Le NT-proBNP est un marqueur de stress cardiaque et est souvent \u00e9lev\u00e9 chez les patients atteints d&#8217;insuffisance cardiaque congestive. Ce test est utilis\u00e9 pour le diagnostic et le suivi [&hellip;]<\/p>\n","protected":false},"featured_media":10461,"comment_status":"open","ping_status":"closed","template":"","meta":[],"pwb-brand":[],"product_brand":[],"product_cat":[15,360,356],"product_tag":[],"class_list":{"0":"post-10665","1":"product","2":"type-product","3":"status-publish","4":"has-post-thumbnail","6":"product_cat-non-classe","7":"product_cat-hormono-immunologie-serologie","8":"product_cat-laboratoire-danalyses-medicales","9":"ts_product_brand-vidas-biomerieux","11":"first","12":"instock","13":"shipping-taxable","14":"purchasable","15":"product-type-simple","16":"add-to-wishlist-after_add_to_cart"},"brands":[],"_links":{"self":[{"href":"https:\/\/catalogue.biofabmed.com\/index.php?rest_route=\/wp\/v2\/product\/10665","targetHints":{"allow":["GET"]}}],"collection":[{"href":"https:\/\/catalogue.biofabmed.com\/index.php?rest_route=\/wp\/v2\/product"}],"about":[{"href":"https:\/\/catalogue.biofabmed.com\/index.php?rest_route=\/wp\/v2\/types\/product"}],"replies":[{"embeddable":true,"href":"https:\/\/catalogue.biofabmed.com\/index.php?rest_route=%2Fwp%2Fv2%2Fcomments&post=10665"}],"wp:featuredmedia":[{"embeddable":true,"href":"https:\/\/catalogue.biofabmed.com\/index.php?rest_route=\/wp\/v2\/media\/10461"}],"wp:attachment":[{"href":"https:\/\/catalogue.biofabmed.com\/index.php?rest_route=%2Fwp%2Fv2%2Fmedia&parent=10665"}],"wp:term":[{"taxonomy":"pwb-brand","embeddable":true,"href":"https:\/\/catalogue.biofabmed.com\/index.php?rest_route=%2Fwp%2Fv2%2Fpwb-brand&post=10665"},{"taxonomy":"product_brand","embeddable":true,"href":"https:\/\/catalogue.biofabmed.com\/index.php?rest_route=%2Fwp%2Fv2%2Fproduct_brand&post=10665"},{"taxonomy":"product_cat","embeddable":true,"href":"https:\/\/catalogue.biofabmed.com\/index.php?rest_route=%2Fwp%2Fv2%2Fproduct_cat&post=10665"},{"taxonomy":"product_tag","embeddable":true,"href":"https:\/\/catalogue.biofabmed.com\/index.php?rest_route=%2Fwp%2Fv2%2Fproduct_tag&post=10665"}],"curies":[{"name":"wp","href":"https:\/\/api.w.org\/{rel}","templated":true}]}}