{"id":10652,"date":"2025-12-12T22:49:58","date_gmt":"2025-12-12T21:49:58","guid":{"rendered":"https:\/\/catalogue.biofabmed.com\/?post_type=product&#038;p=10652"},"modified":"2025-12-15T19:54:40","modified_gmt":"2025-12-15T18:54:40","slug":"vidas-total-25oh-vitamin-d-60t-2","status":"publish","type":"product","link":"https:\/\/catalogue.biofabmed.com\/?product=vidas-total-25oh-vitamin-d-60t-2","title":{"rendered":"VIDAS TOTAL 25OH VITAMIN D 60T"},"content":{"rendered":"<p>Le test VIDAS Total 25OH Vitamin D est un test immunologique utilis\u00e9 pour mesurer la concentration totale de vitamine D, y compris la vitamine D2 (ergocalcif\u00e9rol) et la vitamine D3 (chol\u00e9calcif\u00e9rol), dans le s\u00e9rum sanguin. La vitamine D joue un r\u00f4le essentiel dans la sant\u00e9 osseuse, le syst\u00e8me immunitaire et d&#8217;autres fonctions physiologiques. Ce test est utilis\u00e9 pour \u00e9valuer le statut en vitamine D et pour diagnostiquer les troubles li\u00e9s \u00e0 la vitamine D.<\/p>\n","protected":false},"excerpt":{"rendered":"<p>Le test VIDAS Total 25OH Vitamin D est un test immunologique utilis\u00e9 pour mesurer la concentration totale de vitamine D, y compris la vitamine D2 (ergocalcif\u00e9rol) et la vitamine D3 (chol\u00e9calcif\u00e9rol), dans le s\u00e9rum sanguin. La vitamine D joue un r\u00f4le essentiel dans la sant\u00e9 osseuse, le syst\u00e8me immunitaire et d&#8217;autres fonctions physiologiques. Ce test [&hellip;]<\/p>\n","protected":false},"featured_media":10461,"comment_status":"open","ping_status":"closed","template":"","meta":[],"pwb-brand":[],"product_brand":[],"product_cat":[15,360,356],"product_tag":[],"class_list":{"0":"post-10652","1":"product","2":"type-product","3":"status-publish","4":"has-post-thumbnail","6":"product_cat-non-classe","7":"product_cat-hormono-immunologie-serologie","8":"product_cat-laboratoire-danalyses-medicales","9":"ts_product_brand-vidas-biomerieux","11":"first","12":"instock","13":"shipping-taxable","14":"purchasable","15":"product-type-simple","16":"add-to-wishlist-after_add_to_cart"},"brands":[],"_links":{"self":[{"href":"https:\/\/catalogue.biofabmed.com\/index.php?rest_route=\/wp\/v2\/product\/10652","targetHints":{"allow":["GET"]}}],"collection":[{"href":"https:\/\/catalogue.biofabmed.com\/index.php?rest_route=\/wp\/v2\/product"}],"about":[{"href":"https:\/\/catalogue.biofabmed.com\/index.php?rest_route=\/wp\/v2\/types\/product"}],"replies":[{"embeddable":true,"href":"https:\/\/catalogue.biofabmed.com\/index.php?rest_route=%2Fwp%2Fv2%2Fcomments&post=10652"}],"wp:featuredmedia":[{"embeddable":true,"href":"https:\/\/catalogue.biofabmed.com\/index.php?rest_route=\/wp\/v2\/media\/10461"}],"wp:attachment":[{"href":"https:\/\/catalogue.biofabmed.com\/index.php?rest_route=%2Fwp%2Fv2%2Fmedia&parent=10652"}],"wp:term":[{"taxonomy":"pwb-brand","embeddable":true,"href":"https:\/\/catalogue.biofabmed.com\/index.php?rest_route=%2Fwp%2Fv2%2Fpwb-brand&post=10652"},{"taxonomy":"product_brand","embeddable":true,"href":"https:\/\/catalogue.biofabmed.com\/index.php?rest_route=%2Fwp%2Fv2%2Fproduct_brand&post=10652"},{"taxonomy":"product_cat","embeddable":true,"href":"https:\/\/catalogue.biofabmed.com\/index.php?rest_route=%2Fwp%2Fv2%2Fproduct_cat&post=10652"},{"taxonomy":"product_tag","embeddable":true,"href":"https:\/\/catalogue.biofabmed.com\/index.php?rest_route=%2Fwp%2Fv2%2Fproduct_tag&post=10652"}],"curies":[{"name":"wp","href":"https:\/\/api.w.org\/{rel}","templated":true}]}}