{"id":10651,"date":"2025-12-12T22:49:56","date_gmt":"2025-12-12T21:49:56","guid":{"rendered":"https:\/\/catalogue.biofabmed.com\/?post_type=product&#038;p=10651"},"modified":"2025-12-15T19:54:40","modified_gmt":"2025-12-15T18:54:40","slug":"vidas-d-dimer-exclusion-ii-30t-2","status":"publish","type":"product","link":"https:\/\/catalogue.biofabmed.com\/?product=vidas-d-dimer-exclusion-ii-30t-2","title":{"rendered":"VIDAS D-DIMER EXCLUSION II 30T"},"content":{"rendered":"<p>Le test VIDAS D-Dimer Exclusion II est un test immunologique utilis\u00e9 pour mesurer la concentration de D-dim\u00e8res dans le s\u00e9rum sanguin. Les D-dim\u00e8res sont des produits de d\u00e9gradation de la fibrine, qui sont lib\u00e9r\u00e9s dans la circulation sanguine lorsqu&#8217;il y a une formation ou une dissolution anormale de caillots sanguins. Ce test est utilis\u00e9 pour exclure la pr\u00e9sence de thromboembolie veineuse chez les patients pr\u00e9sentant des sympt\u00f4mes compatibles.<\/p>\n","protected":false},"excerpt":{"rendered":"<p>Le test VIDAS D-Dimer Exclusion II est un test immunologique utilis\u00e9 pour mesurer la concentration de D-dim\u00e8res dans le s\u00e9rum sanguin. Les D-dim\u00e8res sont des produits de d\u00e9gradation de la fibrine, qui sont lib\u00e9r\u00e9s dans la circulation sanguine lorsqu&#8217;il y a une formation ou une dissolution anormale de caillots sanguins. Ce test est utilis\u00e9 pour [&hellip;]<\/p>\n","protected":false},"featured_media":10461,"comment_status":"open","ping_status":"closed","template":"","meta":[],"pwb-brand":[],"product_brand":[],"product_cat":[15,360,356],"product_tag":[],"class_list":{"0":"post-10651","1":"product","2":"type-product","3":"status-publish","4":"has-post-thumbnail","6":"product_cat-non-classe","7":"product_cat-hormono-immunologie-serologie","8":"product_cat-laboratoire-danalyses-medicales","9":"ts_product_brand-vidas-biomerieux","11":"first","12":"instock","13":"shipping-taxable","14":"purchasable","15":"product-type-simple","16":"add-to-wishlist-after_add_to_cart"},"brands":[],"_links":{"self":[{"href":"https:\/\/catalogue.biofabmed.com\/index.php?rest_route=\/wp\/v2\/product\/10651","targetHints":{"allow":["GET"]}}],"collection":[{"href":"https:\/\/catalogue.biofabmed.com\/index.php?rest_route=\/wp\/v2\/product"}],"about":[{"href":"https:\/\/catalogue.biofabmed.com\/index.php?rest_route=\/wp\/v2\/types\/product"}],"replies":[{"embeddable":true,"href":"https:\/\/catalogue.biofabmed.com\/index.php?rest_route=%2Fwp%2Fv2%2Fcomments&post=10651"}],"wp:featuredmedia":[{"embeddable":true,"href":"https:\/\/catalogue.biofabmed.com\/index.php?rest_route=\/wp\/v2\/media\/10461"}],"wp:attachment":[{"href":"https:\/\/catalogue.biofabmed.com\/index.php?rest_route=%2Fwp%2Fv2%2Fmedia&parent=10651"}],"wp:term":[{"taxonomy":"pwb-brand","embeddable":true,"href":"https:\/\/catalogue.biofabmed.com\/index.php?rest_route=%2Fwp%2Fv2%2Fpwb-brand&post=10651"},{"taxonomy":"product_brand","embeddable":true,"href":"https:\/\/catalogue.biofabmed.com\/index.php?rest_route=%2Fwp%2Fv2%2Fproduct_brand&post=10651"},{"taxonomy":"product_cat","embeddable":true,"href":"https:\/\/catalogue.biofabmed.com\/index.php?rest_route=%2Fwp%2Fv2%2Fproduct_cat&post=10651"},{"taxonomy":"product_tag","embeddable":true,"href":"https:\/\/catalogue.biofabmed.com\/index.php?rest_route=%2Fwp%2Fv2%2Fproduct_tag&post=10651"}],"curies":[{"name":"wp","href":"https:\/\/api.w.org\/{rel}","templated":true}]}}