{"id":10650,"date":"2025-12-12T22:49:56","date_gmt":"2025-12-12T21:49:56","guid":{"rendered":"https:\/\/catalogue.biofabmed.com\/?post_type=product&#038;p=10650"},"modified":"2025-12-15T19:54:39","modified_gmt":"2025-12-15T18:54:39","slug":"vidas-3-sample-tip-x2304-2","status":"publish","type":"product","link":"https:\/\/catalogue.biofabmed.com\/?product=vidas-3-sample-tip-x2304-2","title":{"rendered":"VIDAS 3 SAMPLE TIP X2304"},"content":{"rendered":"<p>Le VIDAS 3 Sample Tip X2304 est une pointe de pr\u00e9l\u00e8vement con\u00e7ue pour \u00eatre utilis\u00e9e avec le syst\u00e8me VIDAS pour pr\u00e9lever des \u00e9chantillons biologiques, tels que le s\u00e9rum, le plasma ou l&#8217;urine, pour les tests immunologiques. Ces pointes de pr\u00e9l\u00e8vement offrent une solution pratique pour le chargement et le traitement automatis\u00e9 des \u00e9chantillons dans le syst\u00e8me VIDAS, am\u00e9liorant ainsi l&#8217;efficacit\u00e9 des tests en laboratoire.<\/p>\n","protected":false},"excerpt":{"rendered":"<p>Le VIDAS 3 Sample Tip X2304 est une pointe de pr\u00e9l\u00e8vement con\u00e7ue pour \u00eatre utilis\u00e9e avec le syst\u00e8me VIDAS pour pr\u00e9lever des \u00e9chantillons biologiques, tels que le s\u00e9rum, le plasma ou l&#8217;urine, pour les tests immunologiques. Ces pointes de pr\u00e9l\u00e8vement offrent une solution pratique pour le chargement et le traitement automatis\u00e9 des \u00e9chantillons dans le [&hellip;]<\/p>\n","protected":false},"featured_media":10461,"comment_status":"open","ping_status":"closed","template":"","meta":[],"pwb-brand":[],"product_brand":[],"product_cat":[15,360,356],"product_tag":[],"class_list":{"0":"post-10650","1":"product","2":"type-product","3":"status-publish","4":"has-post-thumbnail","6":"product_cat-non-classe","7":"product_cat-hormono-immunologie-serologie","8":"product_cat-laboratoire-danalyses-medicales","9":"ts_product_brand-vidas-biomerieux","11":"first","12":"instock","13":"shipping-taxable","14":"purchasable","15":"product-type-simple","16":"add-to-wishlist-after_add_to_cart"},"brands":[],"_links":{"self":[{"href":"https:\/\/catalogue.biofabmed.com\/index.php?rest_route=\/wp\/v2\/product\/10650","targetHints":{"allow":["GET"]}}],"collection":[{"href":"https:\/\/catalogue.biofabmed.com\/index.php?rest_route=\/wp\/v2\/product"}],"about":[{"href":"https:\/\/catalogue.biofabmed.com\/index.php?rest_route=\/wp\/v2\/types\/product"}],"replies":[{"embeddable":true,"href":"https:\/\/catalogue.biofabmed.com\/index.php?rest_route=%2Fwp%2Fv2%2Fcomments&post=10650"}],"wp:featuredmedia":[{"embeddable":true,"href":"https:\/\/catalogue.biofabmed.com\/index.php?rest_route=\/wp\/v2\/media\/10461"}],"wp:attachment":[{"href":"https:\/\/catalogue.biofabmed.com\/index.php?rest_route=%2Fwp%2Fv2%2Fmedia&parent=10650"}],"wp:term":[{"taxonomy":"pwb-brand","embeddable":true,"href":"https:\/\/catalogue.biofabmed.com\/index.php?rest_route=%2Fwp%2Fv2%2Fpwb-brand&post=10650"},{"taxonomy":"product_brand","embeddable":true,"href":"https:\/\/catalogue.biofabmed.com\/index.php?rest_route=%2Fwp%2Fv2%2Fproduct_brand&post=10650"},{"taxonomy":"product_cat","embeddable":true,"href":"https:\/\/catalogue.biofabmed.com\/index.php?rest_route=%2Fwp%2Fv2%2Fproduct_cat&post=10650"},{"taxonomy":"product_tag","embeddable":true,"href":"https:\/\/catalogue.biofabmed.com\/index.php?rest_route=%2Fwp%2Fv2%2Fproduct_tag&post=10650"}],"curies":[{"name":"wp","href":"https:\/\/api.w.org\/{rel}","templated":true}]}}