{"id":10648,"date":"2025-12-12T22:49:56","date_gmt":"2025-12-12T21:49:56","guid":{"rendered":"https:\/\/catalogue.biofabmed.com\/?post_type=product&#038;p=10648"},"modified":"2025-12-15T19:54:39","modified_gmt":"2025-12-15T18:54:39","slug":"vidas-cea-s-60-tests-2","status":"publish","type":"product","link":"https:\/\/catalogue.biofabmed.com\/?product=vidas-cea-s-60-tests-2","title":{"rendered":"VIDAS CEA (S)         60 TESTS"},"content":{"rendered":"<p>Le test VIDAS CEA (S) est un test immunologique utilis\u00e9 pour mesurer la concentration de l&#8217;antig\u00e8ne carcinoembryonnaire (CEA) dans le s\u00e9rum sanguin. Le CEA est souvent utilis\u00e9 comme marqueur tumoral pour surveiller les patients atteints de certains types de cancers, tels que le cancer colorectal et le cancer du sein. Ce test est utilis\u00e9 pour le diagnostic, le suivi et la gestion th\u00e9rapeutique de ces cancers.<\/p>\n","protected":false},"excerpt":{"rendered":"<p>Le test VIDAS CEA (S) est un test immunologique utilis\u00e9 pour mesurer la concentration de l&#8217;antig\u00e8ne carcinoembryonnaire (CEA) dans le s\u00e9rum sanguin. Le CEA est souvent utilis\u00e9 comme marqueur tumoral pour surveiller les patients atteints de certains types de cancers, tels que le cancer colorectal et le cancer du sein. Ce test est utilis\u00e9 pour [&hellip;]<\/p>\n","protected":false},"featured_media":10461,"comment_status":"open","ping_status":"closed","template":"","meta":[],"pwb-brand":[],"product_brand":[],"product_cat":[15,360,356],"product_tag":[],"class_list":{"0":"post-10648","1":"product","2":"type-product","3":"status-publish","4":"has-post-thumbnail","6":"product_cat-non-classe","7":"product_cat-hormono-immunologie-serologie","8":"product_cat-laboratoire-danalyses-medicales","9":"ts_product_brand-vidas-biomerieux","11":"first","12":"instock","13":"shipping-taxable","14":"purchasable","15":"product-type-simple","16":"add-to-wishlist-after_add_to_cart"},"brands":[],"_links":{"self":[{"href":"https:\/\/catalogue.biofabmed.com\/index.php?rest_route=\/wp\/v2\/product\/10648","targetHints":{"allow":["GET"]}}],"collection":[{"href":"https:\/\/catalogue.biofabmed.com\/index.php?rest_route=\/wp\/v2\/product"}],"about":[{"href":"https:\/\/catalogue.biofabmed.com\/index.php?rest_route=\/wp\/v2\/types\/product"}],"replies":[{"embeddable":true,"href":"https:\/\/catalogue.biofabmed.com\/index.php?rest_route=%2Fwp%2Fv2%2Fcomments&post=10648"}],"wp:featuredmedia":[{"embeddable":true,"href":"https:\/\/catalogue.biofabmed.com\/index.php?rest_route=\/wp\/v2\/media\/10461"}],"wp:attachment":[{"href":"https:\/\/catalogue.biofabmed.com\/index.php?rest_route=%2Fwp%2Fv2%2Fmedia&parent=10648"}],"wp:term":[{"taxonomy":"pwb-brand","embeddable":true,"href":"https:\/\/catalogue.biofabmed.com\/index.php?rest_route=%2Fwp%2Fv2%2Fpwb-brand&post=10648"},{"taxonomy":"product_brand","embeddable":true,"href":"https:\/\/catalogue.biofabmed.com\/index.php?rest_route=%2Fwp%2Fv2%2Fproduct_brand&post=10648"},{"taxonomy":"product_cat","embeddable":true,"href":"https:\/\/catalogue.biofabmed.com\/index.php?rest_route=%2Fwp%2Fv2%2Fproduct_cat&post=10648"},{"taxonomy":"product_tag","embeddable":true,"href":"https:\/\/catalogue.biofabmed.com\/index.php?rest_route=%2Fwp%2Fv2%2Fproduct_tag&post=10648"}],"curies":[{"name":"wp","href":"https:\/\/api.w.org\/{rel}","templated":true}]}}