{"id":10642,"date":"2025-12-12T22:49:56","date_gmt":"2025-12-12T21:49:56","guid":{"rendered":"https:\/\/catalogue.biofabmed.com\/?post_type=product&#038;p=10642"},"modified":"2025-12-15T19:54:38","modified_gmt":"2025-12-15T18:54:38","slug":"vidas-hiv-duo-quick-60-tests-2","status":"publish","type":"product","link":"https:\/\/catalogue.biofabmed.com\/?product=vidas-hiv-duo-quick-60-tests-2","title":{"rendered":"VIDAS HIV DUO QUICK   60 TESTS"},"content":{"rendered":"<p>Le test VIDAS HIV Duo Quick est un test immunologique utilis\u00e9 pour d\u00e9tecter simultan\u00e9ment les anticorps et l&#8217;antig\u00e8ne p24 du virus de l&#8217;immunod\u00e9ficience humaine (VIH) dans le sang. Ce test offre une d\u00e9tection rapide du VIH, permettant un diagnostic pr\u00e9coce de l&#8217;infection. Il est souvent utilis\u00e9 dans les programmes de d\u00e9pistage du VIH et dans les situations n\u00e9cessitant des r\u00e9sultats rapides.VIDAS ANTI-HCV 60 TESTS<\/p>\n","protected":false},"excerpt":{"rendered":"<p>Le test VIDAS HIV Duo Quick est un test immunologique utilis\u00e9 pour d\u00e9tecter simultan\u00e9ment les anticorps et l&#8217;antig\u00e8ne p24 du virus de l&#8217;immunod\u00e9ficience humaine (VIH) dans le sang. Ce test offre une d\u00e9tection rapide du VIH, permettant un diagnostic pr\u00e9coce de l&#8217;infection. Il est souvent utilis\u00e9 dans les programmes de d\u00e9pistage du VIH et dans [&hellip;]<\/p>\n","protected":false},"featured_media":10461,"comment_status":"open","ping_status":"closed","template":"","meta":[],"pwb-brand":[],"product_brand":[],"product_cat":[360,356,15],"product_tag":[],"class_list":{"0":"post-10642","1":"product","2":"type-product","3":"status-publish","4":"has-post-thumbnail","6":"product_cat-hormono-immunologie-serologie","7":"product_cat-laboratoire-danalyses-medicales","8":"product_cat-non-classe","9":"ts_product_brand-vidas-biomerieux","11":"first","12":"instock","13":"shipping-taxable","14":"purchasable","15":"product-type-simple","16":"add-to-wishlist-after_add_to_cart"},"brands":[],"_links":{"self":[{"href":"https:\/\/catalogue.biofabmed.com\/index.php?rest_route=\/wp\/v2\/product\/10642","targetHints":{"allow":["GET"]}}],"collection":[{"href":"https:\/\/catalogue.biofabmed.com\/index.php?rest_route=\/wp\/v2\/product"}],"about":[{"href":"https:\/\/catalogue.biofabmed.com\/index.php?rest_route=\/wp\/v2\/types\/product"}],"replies":[{"embeddable":true,"href":"https:\/\/catalogue.biofabmed.com\/index.php?rest_route=%2Fwp%2Fv2%2Fcomments&post=10642"}],"wp:featuredmedia":[{"embeddable":true,"href":"https:\/\/catalogue.biofabmed.com\/index.php?rest_route=\/wp\/v2\/media\/10461"}],"wp:attachment":[{"href":"https:\/\/catalogue.biofabmed.com\/index.php?rest_route=%2Fwp%2Fv2%2Fmedia&parent=10642"}],"wp:term":[{"taxonomy":"pwb-brand","embeddable":true,"href":"https:\/\/catalogue.biofabmed.com\/index.php?rest_route=%2Fwp%2Fv2%2Fpwb-brand&post=10642"},{"taxonomy":"product_brand","embeddable":true,"href":"https:\/\/catalogue.biofabmed.com\/index.php?rest_route=%2Fwp%2Fv2%2Fproduct_brand&post=10642"},{"taxonomy":"product_cat","embeddable":true,"href":"https:\/\/catalogue.biofabmed.com\/index.php?rest_route=%2Fwp%2Fv2%2Fproduct_cat&post=10642"},{"taxonomy":"product_tag","embeddable":true,"href":"https:\/\/catalogue.biofabmed.com\/index.php?rest_route=%2Fwp%2Fv2%2Fproduct_tag&post=10642"}],"curies":[{"name":"wp","href":"https:\/\/api.w.org\/{rel}","templated":true}]}}