{"id":10639,"date":"2025-12-12T22:49:55","date_gmt":"2025-12-12T21:49:55","guid":{"rendered":"https:\/\/catalogue.biofabmed.com\/?post_type=product&#038;p=10639"},"modified":"2025-12-15T19:54:38","modified_gmt":"2025-12-15T18:54:38","slug":"vidas-cmv-igm-30-tests-2","status":"publish","type":"product","link":"https:\/\/catalogue.biofabmed.com\/?product=vidas-cmv-igm-30-tests-2","title":{"rendered":"VIDAS CMV IGM         30 TESTS"},"content":{"rendered":"<p>Le test VIDAS CMV IgM est un test immunologique utilis\u00e9 pour d\u00e9tecter les anticorps de type IgM dirig\u00e9s contre le virus de la cytom\u00e9galovirus (CMV). Les anticorps IgM apparaissent g\u00e9n\u00e9ralement pendant la phase aigu\u00eb de l&#8217;infection par le CMV et sont utiles pour diagnostiquer une infection r\u00e9cente. Ce test est utilis\u00e9 pour le diagnostic de la cytomegalovirus chez les nouveau-n\u00e9s et les patients immunod\u00e9prim\u00e9s.<\/p>\n","protected":false},"excerpt":{"rendered":"<p>Le test VIDAS CMV IgM est un test immunologique utilis\u00e9 pour d\u00e9tecter les anticorps de type IgM dirig\u00e9s contre le virus de la cytom\u00e9galovirus (CMV). Les anticorps IgM apparaissent g\u00e9n\u00e9ralement pendant la phase aigu\u00eb de l&#8217;infection par le CMV et sont utiles pour diagnostiquer une infection r\u00e9cente. Ce test est utilis\u00e9 pour le diagnostic de [&hellip;]<\/p>\n","protected":false},"featured_media":10461,"comment_status":"open","ping_status":"closed","template":"","meta":[],"pwb-brand":[],"product_brand":[],"product_cat":[15,360,356],"product_tag":[],"class_list":{"0":"post-10639","1":"product","2":"type-product","3":"status-publish","4":"has-post-thumbnail","6":"product_cat-non-classe","7":"product_cat-hormono-immunologie-serologie","8":"product_cat-laboratoire-danalyses-medicales","9":"ts_product_brand-vidas-biomerieux","11":"first","12":"instock","13":"shipping-taxable","14":"purchasable","15":"product-type-simple","16":"add-to-wishlist-after_add_to_cart"},"brands":[],"_links":{"self":[{"href":"https:\/\/catalogue.biofabmed.com\/index.php?rest_route=\/wp\/v2\/product\/10639","targetHints":{"allow":["GET"]}}],"collection":[{"href":"https:\/\/catalogue.biofabmed.com\/index.php?rest_route=\/wp\/v2\/product"}],"about":[{"href":"https:\/\/catalogue.biofabmed.com\/index.php?rest_route=\/wp\/v2\/types\/product"}],"replies":[{"embeddable":true,"href":"https:\/\/catalogue.biofabmed.com\/index.php?rest_route=%2Fwp%2Fv2%2Fcomments&post=10639"}],"wp:featuredmedia":[{"embeddable":true,"href":"https:\/\/catalogue.biofabmed.com\/index.php?rest_route=\/wp\/v2\/media\/10461"}],"wp:attachment":[{"href":"https:\/\/catalogue.biofabmed.com\/index.php?rest_route=%2Fwp%2Fv2%2Fmedia&parent=10639"}],"wp:term":[{"taxonomy":"pwb-brand","embeddable":true,"href":"https:\/\/catalogue.biofabmed.com\/index.php?rest_route=%2Fwp%2Fv2%2Fpwb-brand&post=10639"},{"taxonomy":"product_brand","embeddable":true,"href":"https:\/\/catalogue.biofabmed.com\/index.php?rest_route=%2Fwp%2Fv2%2Fproduct_brand&post=10639"},{"taxonomy":"product_cat","embeddable":true,"href":"https:\/\/catalogue.biofabmed.com\/index.php?rest_route=%2Fwp%2Fv2%2Fproduct_cat&post=10639"},{"taxonomy":"product_tag","embeddable":true,"href":"https:\/\/catalogue.biofabmed.com\/index.php?rest_route=%2Fwp%2Fv2%2Fproduct_tag&post=10639"}],"curies":[{"name":"wp","href":"https:\/\/api.w.org\/{rel}","templated":true}]}}