{"id":10633,"date":"2025-12-12T22:49:55","date_gmt":"2025-12-12T21:49:55","guid":{"rendered":"https:\/\/catalogue.biofabmed.com\/?post_type=product&#038;p=10633"},"modified":"2025-12-15T19:54:37","modified_gmt":"2025-12-15T18:54:37","slug":"vidas-protein-c-30tests-2","status":"publish","type":"product","link":"https:\/\/catalogue.biofabmed.com\/?product=vidas-protein-c-30tests-2","title":{"rendered":"VIDAS PROTEIN C        30TESTS"},"content":{"rendered":"<p>Le test VIDAS Protein C est un test immunologique utilis\u00e9 pour mesurer l&#8217;activit\u00e9 de la prot\u00e9ine C dans le plasma sanguin. La prot\u00e9ine C est un anticoagulant naturel qui joue un r\u00f4le crucial dans la r\u00e9gulation de la coagulation sanguine. Ce test est utilis\u00e9 pour le diagnostic et le suivi des troubles de la coagulation, tels que la d\u00e9ficience en prot\u00e9ine C et les \u00e9tats prothrombotiques.<\/p>\n","protected":false},"excerpt":{"rendered":"<p>Le test VIDAS Protein C est un test immunologique utilis\u00e9 pour mesurer l&#8217;activit\u00e9 de la prot\u00e9ine C dans le plasma sanguin. La prot\u00e9ine C est un anticoagulant naturel qui joue un r\u00f4le crucial dans la r\u00e9gulation de la coagulation sanguine. Ce test est utilis\u00e9 pour le diagnostic et le suivi des troubles de la coagulation, [&hellip;]<\/p>\n","protected":false},"featured_media":10461,"comment_status":"open","ping_status":"closed","template":"","meta":[],"pwb-brand":[],"product_brand":[],"product_cat":[15,360,356],"product_tag":[],"class_list":{"0":"post-10633","1":"product","2":"type-product","3":"status-publish","4":"has-post-thumbnail","6":"product_cat-non-classe","7":"product_cat-hormono-immunologie-serologie","8":"product_cat-laboratoire-danalyses-medicales","9":"ts_product_brand-vidas-biomerieux","11":"first","12":"instock","13":"shipping-taxable","14":"purchasable","15":"product-type-simple","16":"add-to-wishlist-after_add_to_cart"},"brands":[],"_links":{"self":[{"href":"https:\/\/catalogue.biofabmed.com\/index.php?rest_route=\/wp\/v2\/product\/10633","targetHints":{"allow":["GET"]}}],"collection":[{"href":"https:\/\/catalogue.biofabmed.com\/index.php?rest_route=\/wp\/v2\/product"}],"about":[{"href":"https:\/\/catalogue.biofabmed.com\/index.php?rest_route=\/wp\/v2\/types\/product"}],"replies":[{"embeddable":true,"href":"https:\/\/catalogue.biofabmed.com\/index.php?rest_route=%2Fwp%2Fv2%2Fcomments&post=10633"}],"wp:featuredmedia":[{"embeddable":true,"href":"https:\/\/catalogue.biofabmed.com\/index.php?rest_route=\/wp\/v2\/media\/10461"}],"wp:attachment":[{"href":"https:\/\/catalogue.biofabmed.com\/index.php?rest_route=%2Fwp%2Fv2%2Fmedia&parent=10633"}],"wp:term":[{"taxonomy":"pwb-brand","embeddable":true,"href":"https:\/\/catalogue.biofabmed.com\/index.php?rest_route=%2Fwp%2Fv2%2Fpwb-brand&post=10633"},{"taxonomy":"product_brand","embeddable":true,"href":"https:\/\/catalogue.biofabmed.com\/index.php?rest_route=%2Fwp%2Fv2%2Fproduct_brand&post=10633"},{"taxonomy":"product_cat","embeddable":true,"href":"https:\/\/catalogue.biofabmed.com\/index.php?rest_route=%2Fwp%2Fv2%2Fproduct_cat&post=10633"},{"taxonomy":"product_tag","embeddable":true,"href":"https:\/\/catalogue.biofabmed.com\/index.php?rest_route=%2Fwp%2Fv2%2Fproduct_tag&post=10633"}],"curies":[{"name":"wp","href":"https:\/\/api.w.org\/{rel}","templated":true}]}}