{"id":10628,"date":"2025-12-12T22:49:55","date_gmt":"2025-12-12T21:49:55","guid":{"rendered":"https:\/\/catalogue.biofabmed.com\/?post_type=product&#038;p=10628"},"modified":"2025-12-15T19:54:36","modified_gmt":"2025-12-15T18:54:36","slug":"vidas-ferritin-60-tests-2","status":"publish","type":"product","link":"https:\/\/catalogue.biofabmed.com\/?product=vidas-ferritin-60-tests-2","title":{"rendered":"VIDAS FERRITIN        60 TESTS"},"content":{"rendered":"<p>Le test VIDAS Ferritin est un test immunologique utilis\u00e9 pour mesurer la concentration de la ferritine dans le s\u00e9rum sanguin. La ferritine est une prot\u00e9ine de stockage du fer et des niveaux \u00e9lev\u00e9s peuvent indiquer une surcharge en fer ou une inflammation. Ce test est utilis\u00e9 pour le diagnostic et le suivi des troubles li\u00e9s au m\u00e9tabolisme du fer, tels que l&#8217;h\u00e9mochromatose et l&#8217;an\u00e9mie ferriprive.<\/p>\n","protected":false},"excerpt":{"rendered":"<p>Le test VIDAS Ferritin est un test immunologique utilis\u00e9 pour mesurer la concentration de la ferritine dans le s\u00e9rum sanguin. La ferritine est une prot\u00e9ine de stockage du fer et des niveaux \u00e9lev\u00e9s peuvent indiquer une surcharge en fer ou une inflammation. Ce test est utilis\u00e9 pour le diagnostic et le suivi des troubles li\u00e9s [&hellip;]<\/p>\n","protected":false},"featured_media":10461,"comment_status":"open","ping_status":"closed","template":"","meta":[],"pwb-brand":[],"product_brand":[],"product_cat":[15,360,356],"product_tag":[],"class_list":{"0":"post-10628","1":"product","2":"type-product","3":"status-publish","4":"has-post-thumbnail","6":"product_cat-non-classe","7":"product_cat-hormono-immunologie-serologie","8":"product_cat-laboratoire-danalyses-medicales","9":"ts_product_brand-vidas-biomerieux","11":"first","12":"instock","13":"shipping-taxable","14":"purchasable","15":"product-type-simple","16":"add-to-wishlist-after_add_to_cart"},"brands":[],"_links":{"self":[{"href":"https:\/\/catalogue.biofabmed.com\/index.php?rest_route=\/wp\/v2\/product\/10628","targetHints":{"allow":["GET"]}}],"collection":[{"href":"https:\/\/catalogue.biofabmed.com\/index.php?rest_route=\/wp\/v2\/product"}],"about":[{"href":"https:\/\/catalogue.biofabmed.com\/index.php?rest_route=\/wp\/v2\/types\/product"}],"replies":[{"embeddable":true,"href":"https:\/\/catalogue.biofabmed.com\/index.php?rest_route=%2Fwp%2Fv2%2Fcomments&post=10628"}],"wp:featuredmedia":[{"embeddable":true,"href":"https:\/\/catalogue.biofabmed.com\/index.php?rest_route=\/wp\/v2\/media\/10461"}],"wp:attachment":[{"href":"https:\/\/catalogue.biofabmed.com\/index.php?rest_route=%2Fwp%2Fv2%2Fmedia&parent=10628"}],"wp:term":[{"taxonomy":"pwb-brand","embeddable":true,"href":"https:\/\/catalogue.biofabmed.com\/index.php?rest_route=%2Fwp%2Fv2%2Fpwb-brand&post=10628"},{"taxonomy":"product_brand","embeddable":true,"href":"https:\/\/catalogue.biofabmed.com\/index.php?rest_route=%2Fwp%2Fv2%2Fproduct_brand&post=10628"},{"taxonomy":"product_cat","embeddable":true,"href":"https:\/\/catalogue.biofabmed.com\/index.php?rest_route=%2Fwp%2Fv2%2Fproduct_cat&post=10628"},{"taxonomy":"product_tag","embeddable":true,"href":"https:\/\/catalogue.biofabmed.com\/index.php?rest_route=%2Fwp%2Fv2%2Fproduct_tag&post=10628"}],"curies":[{"name":"wp","href":"https:\/\/api.w.org\/{rel}","templated":true}]}}