{"id":10621,"date":"2025-12-12T22:49:53","date_gmt":"2025-12-12T21:49:53","guid":{"rendered":"https:\/\/catalogue.biofabmed.com\/?post_type=product&#038;p=10621"},"modified":"2025-12-15T19:54:35","modified_gmt":"2025-12-15T18:54:35","slug":"vidas-h-pylori-igg-30-tests-2","status":"publish","type":"product","link":"https:\/\/catalogue.biofabmed.com\/?product=vidas-h-pylori-igg-30-tests-2","title":{"rendered":"VIDAS H. PYLORI IGG   30 TESTS"},"content":{"rendered":"<p>Le test VIDAS H. pylori IgG est un test immunologique qui d\u00e9tecte les anticorps IgG dirig\u00e9s contre Helicobacter pylori, une bact\u00e9rie associ\u00e9e \u00e0 des maladies gastriques telles que les ulc\u00e8res gastriques et les gastrites. Ce test est utilis\u00e9 pour le diagnostic de l&#8217;infection par H. pylori et pour \u00e9valuer le succ\u00e8s du traitement antibiotique chez les patients infect\u00e9s.<\/p>\n","protected":false},"excerpt":{"rendered":"<p>Le test VIDAS H. pylori IgG est un test immunologique qui d\u00e9tecte les anticorps IgG dirig\u00e9s contre Helicobacter pylori, une bact\u00e9rie associ\u00e9e \u00e0 des maladies gastriques telles que les ulc\u00e8res gastriques et les gastrites. Ce test est utilis\u00e9 pour le diagnostic de l&#8217;infection par H. pylori et pour \u00e9valuer le succ\u00e8s du traitement antibiotique chez [&hellip;]<\/p>\n","protected":false},"featured_media":10461,"comment_status":"open","ping_status":"closed","template":"","meta":[],"pwb-brand":[],"product_brand":[],"product_cat":[360,356,15],"product_tag":[],"class_list":{"0":"post-10621","1":"product","2":"type-product","3":"status-publish","4":"has-post-thumbnail","6":"product_cat-hormono-immunologie-serologie","7":"product_cat-laboratoire-danalyses-medicales","8":"product_cat-non-classe","9":"ts_product_brand-vidas-biomerieux","11":"first","12":"instock","13":"shipping-taxable","14":"purchasable","15":"product-type-simple","16":"add-to-wishlist-after_add_to_cart"},"brands":[],"_links":{"self":[{"href":"https:\/\/catalogue.biofabmed.com\/index.php?rest_route=\/wp\/v2\/product\/10621","targetHints":{"allow":["GET"]}}],"collection":[{"href":"https:\/\/catalogue.biofabmed.com\/index.php?rest_route=\/wp\/v2\/product"}],"about":[{"href":"https:\/\/catalogue.biofabmed.com\/index.php?rest_route=\/wp\/v2\/types\/product"}],"replies":[{"embeddable":true,"href":"https:\/\/catalogue.biofabmed.com\/index.php?rest_route=%2Fwp%2Fv2%2Fcomments&post=10621"}],"wp:featuredmedia":[{"embeddable":true,"href":"https:\/\/catalogue.biofabmed.com\/index.php?rest_route=\/wp\/v2\/media\/10461"}],"wp:attachment":[{"href":"https:\/\/catalogue.biofabmed.com\/index.php?rest_route=%2Fwp%2Fv2%2Fmedia&parent=10621"}],"wp:term":[{"taxonomy":"pwb-brand","embeddable":true,"href":"https:\/\/catalogue.biofabmed.com\/index.php?rest_route=%2Fwp%2Fv2%2Fpwb-brand&post=10621"},{"taxonomy":"product_brand","embeddable":true,"href":"https:\/\/catalogue.biofabmed.com\/index.php?rest_route=%2Fwp%2Fv2%2Fproduct_brand&post=10621"},{"taxonomy":"product_cat","embeddable":true,"href":"https:\/\/catalogue.biofabmed.com\/index.php?rest_route=%2Fwp%2Fv2%2Fproduct_cat&post=10621"},{"taxonomy":"product_tag","embeddable":true,"href":"https:\/\/catalogue.biofabmed.com\/index.php?rest_route=%2Fwp%2Fv2%2Fproduct_tag&post=10621"}],"curies":[{"name":"wp","href":"https:\/\/api.w.org\/{rel}","templated":true}]}}