{"id":10620,"date":"2025-12-12T22:49:53","date_gmt":"2025-12-12T21:49:53","guid":{"rendered":"https:\/\/catalogue.biofabmed.com\/?post_type=product&#038;p=10620"},"modified":"2025-12-15T19:54:35","modified_gmt":"2025-12-15T18:54:35","slug":"vidas-hcg-60-tests-2","status":"publish","type":"product","link":"https:\/\/catalogue.biofabmed.com\/?product=vidas-hcg-60-tests-2","title":{"rendered":"VIDAS HCG             60 TESTS"},"content":{"rendered":"<p>Le test VIDAS hCG est un test immunologique qui mesure la concentration de l&#8217;hormone gonadotrophine chorionique humaine (hCG) dans l&#8217;urine ou le s\u00e9rum. L&#8217;hCG est produite en grande quantit\u00e9 pendant la grossesse et est utilis\u00e9e pour le diagnostic de la grossesse. Ce test est utilis\u00e9 pour d\u00e9tecter la grossesse pr\u00e9coce et pour surveiller la progression de la grossesse.<\/p>\n","protected":false},"excerpt":{"rendered":"<p>Le test VIDAS hCG est un test immunologique qui mesure la concentration de l&#8217;hormone gonadotrophine chorionique humaine (hCG) dans l&#8217;urine ou le s\u00e9rum. L&#8217;hCG est produite en grande quantit\u00e9 pendant la grossesse et est utilis\u00e9e pour le diagnostic de la grossesse. Ce test est utilis\u00e9 pour d\u00e9tecter la grossesse pr\u00e9coce et pour surveiller la progression [&hellip;]<\/p>\n","protected":false},"featured_media":10461,"comment_status":"open","ping_status":"closed","template":"","meta":[],"pwb-brand":[],"product_brand":[],"product_cat":[15,360,356],"product_tag":[],"class_list":{"0":"post-10620","1":"product","2":"type-product","3":"status-publish","4":"has-post-thumbnail","6":"product_cat-non-classe","7":"product_cat-hormono-immunologie-serologie","8":"product_cat-laboratoire-danalyses-medicales","9":"ts_product_brand-vidas-biomerieux","11":"first","12":"instock","13":"shipping-taxable","14":"purchasable","15":"product-type-simple","16":"add-to-wishlist-after_add_to_cart"},"brands":[],"_links":{"self":[{"href":"https:\/\/catalogue.biofabmed.com\/index.php?rest_route=\/wp\/v2\/product\/10620","targetHints":{"allow":["GET"]}}],"collection":[{"href":"https:\/\/catalogue.biofabmed.com\/index.php?rest_route=\/wp\/v2\/product"}],"about":[{"href":"https:\/\/catalogue.biofabmed.com\/index.php?rest_route=\/wp\/v2\/types\/product"}],"replies":[{"embeddable":true,"href":"https:\/\/catalogue.biofabmed.com\/index.php?rest_route=%2Fwp%2Fv2%2Fcomments&post=10620"}],"wp:featuredmedia":[{"embeddable":true,"href":"https:\/\/catalogue.biofabmed.com\/index.php?rest_route=\/wp\/v2\/media\/10461"}],"wp:attachment":[{"href":"https:\/\/catalogue.biofabmed.com\/index.php?rest_route=%2Fwp%2Fv2%2Fmedia&parent=10620"}],"wp:term":[{"taxonomy":"pwb-brand","embeddable":true,"href":"https:\/\/catalogue.biofabmed.com\/index.php?rest_route=%2Fwp%2Fv2%2Fpwb-brand&post=10620"},{"taxonomy":"product_brand","embeddable":true,"href":"https:\/\/catalogue.biofabmed.com\/index.php?rest_route=%2Fwp%2Fv2%2Fproduct_brand&post=10620"},{"taxonomy":"product_cat","embeddable":true,"href":"https:\/\/catalogue.biofabmed.com\/index.php?rest_route=%2Fwp%2Fv2%2Fproduct_cat&post=10620"},{"taxonomy":"product_tag","embeddable":true,"href":"https:\/\/catalogue.biofabmed.com\/index.php?rest_route=%2Fwp%2Fv2%2Fproduct_tag&post=10620"}],"curies":[{"name":"wp","href":"https:\/\/api.w.org\/{rel}","templated":true}]}}