{"id":10617,"date":"2025-12-12T22:49:52","date_gmt":"2025-12-12T21:49:52","guid":{"rendered":"https:\/\/catalogue.biofabmed.com\/?post_type=product&#038;p=10617"},"modified":"2025-12-15T19:54:35","modified_gmt":"2025-12-15T18:54:35","slug":"vidas-ck-mb-30tests-2","status":"publish","type":"product","link":"https:\/\/catalogue.biofabmed.com\/?product=vidas-ck-mb-30tests-2","title":{"rendered":"VIDAS CK MB            30TESTS"},"content":{"rendered":"<p>Le test VIDAS CK MB est un test immunologique con\u00e7u pour mesurer la concentration de la cr\u00e9atine kinase MB (CK-MB) dans le s\u00e9rum sanguin. La CK-MB est une enzyme trouv\u00e9e dans le muscle cardiaque, et des niveaux \u00e9lev\u00e9s peuvent indiquer des dommages au muscle cardiaque, comme lors d&#8217;une crise cardiaque. Ce test est utilis\u00e9 pour le diagnostic de l&#8217;infarctus du myocarde et pour \u00e9valuer les dommages au muscle cardiaque.<\/p>\n","protected":false},"excerpt":{"rendered":"<p>Le test VIDAS CK MB est un test immunologique con\u00e7u pour mesurer la concentration de la cr\u00e9atine kinase MB (CK-MB) dans le s\u00e9rum sanguin. La CK-MB est une enzyme trouv\u00e9e dans le muscle cardiaque, et des niveaux \u00e9lev\u00e9s peuvent indiquer des dommages au muscle cardiaque, comme lors d&#8217;une crise cardiaque. Ce test est utilis\u00e9 pour [&hellip;]<\/p>\n","protected":false},"featured_media":10461,"comment_status":"open","ping_status":"closed","template":"","meta":[],"pwb-brand":[],"product_brand":[],"product_cat":[15,360,356],"product_tag":[],"class_list":{"0":"post-10617","1":"product","2":"type-product","3":"status-publish","4":"has-post-thumbnail","6":"product_cat-non-classe","7":"product_cat-hormono-immunologie-serologie","8":"product_cat-laboratoire-danalyses-medicales","9":"ts_product_brand-vidas-biomerieux","11":"first","12":"instock","13":"shipping-taxable","14":"purchasable","15":"product-type-simple","16":"add-to-wishlist-after_add_to_cart"},"brands":[],"_links":{"self":[{"href":"https:\/\/catalogue.biofabmed.com\/index.php?rest_route=\/wp\/v2\/product\/10617","targetHints":{"allow":["GET"]}}],"collection":[{"href":"https:\/\/catalogue.biofabmed.com\/index.php?rest_route=\/wp\/v2\/product"}],"about":[{"href":"https:\/\/catalogue.biofabmed.com\/index.php?rest_route=\/wp\/v2\/types\/product"}],"replies":[{"embeddable":true,"href":"https:\/\/catalogue.biofabmed.com\/index.php?rest_route=%2Fwp%2Fv2%2Fcomments&post=10617"}],"wp:featuredmedia":[{"embeddable":true,"href":"https:\/\/catalogue.biofabmed.com\/index.php?rest_route=\/wp\/v2\/media\/10461"}],"wp:attachment":[{"href":"https:\/\/catalogue.biofabmed.com\/index.php?rest_route=%2Fwp%2Fv2%2Fmedia&parent=10617"}],"wp:term":[{"taxonomy":"pwb-brand","embeddable":true,"href":"https:\/\/catalogue.biofabmed.com\/index.php?rest_route=%2Fwp%2Fv2%2Fpwb-brand&post=10617"},{"taxonomy":"product_brand","embeddable":true,"href":"https:\/\/catalogue.biofabmed.com\/index.php?rest_route=%2Fwp%2Fv2%2Fproduct_brand&post=10617"},{"taxonomy":"product_cat","embeddable":true,"href":"https:\/\/catalogue.biofabmed.com\/index.php?rest_route=%2Fwp%2Fv2%2Fproduct_cat&post=10617"},{"taxonomy":"product_tag","embeddable":true,"href":"https:\/\/catalogue.biofabmed.com\/index.php?rest_route=%2Fwp%2Fv2%2Fproduct_tag&post=10617"}],"curies":[{"name":"wp","href":"https:\/\/api.w.org\/{rel}","templated":true}]}}