{"id":10616,"date":"2025-12-12T22:49:52","date_gmt":"2025-12-12T21:49:52","guid":{"rendered":"https:\/\/catalogue.biofabmed.com\/?post_type=product&#038;p=10616"},"modified":"2025-12-15T19:54:35","modified_gmt":"2025-12-15T18:54:35","slug":"vidas-ebv-vca-ea-igg-2","status":"publish","type":"product","link":"https:\/\/catalogue.biofabmed.com\/?product=vidas-ebv-vca-ea-igg-2","title":{"rendered":"VIDAS EBV VCA\/EA IGG"},"content":{"rendered":"<p>Le test VIDAS EBV VCA\/EA IgG est un test immunologique qui d\u00e9tecte les anticorps IgG dirig\u00e9s contre les antig\u00e8nes capside viral (VCA) et antig\u00e8ne de t\u00f4t (EA) du virus Epstein-Barr (EBV). Il est utilis\u00e9 pour diagnostiquer les infections pass\u00e9es ou actuelles par l&#8217;EBV et pour \u00e9valuer l&#8217;immunit\u00e9 contre ce virus. Ce test est particuli\u00e8rement utile dans le diagnostic de la mononucl\u00e9ose infectieuse et d&#8217;autres maladies associ\u00e9es \u00e0 l&#8217;EBV.<\/p>\n","protected":false},"excerpt":{"rendered":"<p>Le test VIDAS EBV VCA\/EA IgG est un test immunologique qui d\u00e9tecte les anticorps IgG dirig\u00e9s contre les antig\u00e8nes capside viral (VCA) et antig\u00e8ne de t\u00f4t (EA) du virus Epstein-Barr (EBV). Il est utilis\u00e9 pour diagnostiquer les infections pass\u00e9es ou actuelles par l&#8217;EBV et pour \u00e9valuer l&#8217;immunit\u00e9 contre ce virus. Ce test est particuli\u00e8rement utile [&hellip;]<\/p>\n","protected":false},"featured_media":10461,"comment_status":"open","ping_status":"closed","template":"","meta":[],"pwb-brand":[],"product_brand":[],"product_cat":[15,360,356],"product_tag":[],"class_list":{"0":"post-10616","1":"product","2":"type-product","3":"status-publish","4":"has-post-thumbnail","6":"product_cat-non-classe","7":"product_cat-hormono-immunologie-serologie","8":"product_cat-laboratoire-danalyses-medicales","9":"ts_product_brand-vidas-biomerieux","11":"first","12":"instock","13":"shipping-taxable","14":"purchasable","15":"product-type-simple","16":"add-to-wishlist-after_add_to_cart"},"brands":[],"_links":{"self":[{"href":"https:\/\/catalogue.biofabmed.com\/index.php?rest_route=\/wp\/v2\/product\/10616","targetHints":{"allow":["GET"]}}],"collection":[{"href":"https:\/\/catalogue.biofabmed.com\/index.php?rest_route=\/wp\/v2\/product"}],"about":[{"href":"https:\/\/catalogue.biofabmed.com\/index.php?rest_route=\/wp\/v2\/types\/product"}],"replies":[{"embeddable":true,"href":"https:\/\/catalogue.biofabmed.com\/index.php?rest_route=%2Fwp%2Fv2%2Fcomments&post=10616"}],"wp:featuredmedia":[{"embeddable":true,"href":"https:\/\/catalogue.biofabmed.com\/index.php?rest_route=\/wp\/v2\/media\/10461"}],"wp:attachment":[{"href":"https:\/\/catalogue.biofabmed.com\/index.php?rest_route=%2Fwp%2Fv2%2Fmedia&parent=10616"}],"wp:term":[{"taxonomy":"pwb-brand","embeddable":true,"href":"https:\/\/catalogue.biofabmed.com\/index.php?rest_route=%2Fwp%2Fv2%2Fpwb-brand&post=10616"},{"taxonomy":"product_brand","embeddable":true,"href":"https:\/\/catalogue.biofabmed.com\/index.php?rest_route=%2Fwp%2Fv2%2Fproduct_brand&post=10616"},{"taxonomy":"product_cat","embeddable":true,"href":"https:\/\/catalogue.biofabmed.com\/index.php?rest_route=%2Fwp%2Fv2%2Fproduct_cat&post=10616"},{"taxonomy":"product_tag","embeddable":true,"href":"https:\/\/catalogue.biofabmed.com\/index.php?rest_route=%2Fwp%2Fv2%2Fproduct_tag&post=10616"}],"curies":[{"name":"wp","href":"https:\/\/api.w.org\/{rel}","templated":true}]}}