{"id":10615,"date":"2025-12-12T22:49:52","date_gmt":"2025-12-12T21:49:52","guid":{"rendered":"https:\/\/catalogue.biofabmed.com\/?post_type=product&#038;p=10615"},"modified":"2025-12-15T19:54:34","modified_gmt":"2025-12-15T18:54:34","slug":"vidas-ca-15-3-30-tests-2","status":"publish","type":"product","link":"https:\/\/catalogue.biofabmed.com\/?product=vidas-ca-15-3-30-tests-2","title":{"rendered":"VIDAS CA 15-3         30 TESTS"},"content":{"rendered":"<p>Le test VIDAS CA 15-3 est un test immunologique qui mesure la concentration de l&#8217;antig\u00e8ne tumoral CA 15-3 dans le s\u00e9rum sanguin. Le CA 15-3 est souvent utilis\u00e9 comme marqueur tumoral pour surveiller les patients atteints de cancer du sein, en particulier pour \u00e9valuer la r\u00e9ponse au traitement et d\u00e9tecter les rechutes. Ce test est important pour le suivi des patients atteints de cancer du sein et pour la gestion clinique de cette maladie.<\/p>\n","protected":false},"excerpt":{"rendered":"<p>Le test VIDAS CA 15-3 est un test immunologique qui mesure la concentration de l&#8217;antig\u00e8ne tumoral CA 15-3 dans le s\u00e9rum sanguin. Le CA 15-3 est souvent utilis\u00e9 comme marqueur tumoral pour surveiller les patients atteints de cancer du sein, en particulier pour \u00e9valuer la r\u00e9ponse au traitement et d\u00e9tecter les rechutes. Ce test est [&hellip;]<\/p>\n","protected":false},"featured_media":10461,"comment_status":"open","ping_status":"closed","template":"","meta":[],"pwb-brand":[],"product_brand":[],"product_cat":[15,360,356],"product_tag":[],"class_list":{"0":"post-10615","1":"product","2":"type-product","3":"status-publish","4":"has-post-thumbnail","6":"product_cat-non-classe","7":"product_cat-hormono-immunologie-serologie","8":"product_cat-laboratoire-danalyses-medicales","9":"ts_product_brand-vidas-biomerieux","11":"first","12":"instock","13":"shipping-taxable","14":"purchasable","15":"product-type-simple","16":"add-to-wishlist-after_add_to_cart"},"brands":[],"_links":{"self":[{"href":"https:\/\/catalogue.biofabmed.com\/index.php?rest_route=\/wp\/v2\/product\/10615","targetHints":{"allow":["GET"]}}],"collection":[{"href":"https:\/\/catalogue.biofabmed.com\/index.php?rest_route=\/wp\/v2\/product"}],"about":[{"href":"https:\/\/catalogue.biofabmed.com\/index.php?rest_route=\/wp\/v2\/types\/product"}],"replies":[{"embeddable":true,"href":"https:\/\/catalogue.biofabmed.com\/index.php?rest_route=%2Fwp%2Fv2%2Fcomments&post=10615"}],"wp:featuredmedia":[{"embeddable":true,"href":"https:\/\/catalogue.biofabmed.com\/index.php?rest_route=\/wp\/v2\/media\/10461"}],"wp:attachment":[{"href":"https:\/\/catalogue.biofabmed.com\/index.php?rest_route=%2Fwp%2Fv2%2Fmedia&parent=10615"}],"wp:term":[{"taxonomy":"pwb-brand","embeddable":true,"href":"https:\/\/catalogue.biofabmed.com\/index.php?rest_route=%2Fwp%2Fv2%2Fpwb-brand&post=10615"},{"taxonomy":"product_brand","embeddable":true,"href":"https:\/\/catalogue.biofabmed.com\/index.php?rest_route=%2Fwp%2Fv2%2Fproduct_brand&post=10615"},{"taxonomy":"product_cat","embeddable":true,"href":"https:\/\/catalogue.biofabmed.com\/index.php?rest_route=%2Fwp%2Fv2%2Fproduct_cat&post=10615"},{"taxonomy":"product_tag","embeddable":true,"href":"https:\/\/catalogue.biofabmed.com\/index.php?rest_route=%2Fwp%2Fv2%2Fproduct_tag&post=10615"}],"curies":[{"name":"wp","href":"https:\/\/api.w.org\/{rel}","templated":true}]}}