{"id":10613,"date":"2025-12-12T22:49:52","date_gmt":"2025-12-12T21:49:52","guid":{"rendered":"https:\/\/catalogue.biofabmed.com\/?post_type=product&#038;p=10613"},"modified":"2025-12-15T19:54:34","modified_gmt":"2025-12-15T18:54:34","slug":"vidas-ca-125ii-30-tests-2","status":"publish","type":"product","link":"https:\/\/catalogue.biofabmed.com\/?product=vidas-ca-125ii-30-tests-2","title":{"rendered":"VIDAS CA 125II        30 TESTS"},"content":{"rendered":"<p>Le test VIDAS CA 125II est un test immunologique con\u00e7u pour mesurer la concentration de l&#8217;antig\u00e8ne tumoral CA 125 dans le s\u00e9rum sanguin. Le CA 125 est souvent utilis\u00e9 comme marqueur tumoral pour surveiller les patients atteints de cancer de l&#8217;ovaire, bien que des niveaux \u00e9lev\u00e9s puissent \u00e9galement \u00eatre associ\u00e9s \u00e0 d&#8217;autres conditions m\u00e9dicales, telles que l&#8217;endom\u00e9triose. Ce test est important pour le suivi des patients atteints de cancer de l&#8217;ovaire, ainsi que pour le diagnostic et le suivi d&#8217;autres affections.<\/p>\n","protected":false},"excerpt":{"rendered":"<p>Le test VIDAS CA 125II est un test immunologique con\u00e7u pour mesurer la concentration de l&#8217;antig\u00e8ne tumoral CA 125 dans le s\u00e9rum sanguin. Le CA 125 est souvent utilis\u00e9 comme marqueur tumoral pour surveiller les patients atteints de cancer de l&#8217;ovaire, bien que des niveaux \u00e9lev\u00e9s puissent \u00e9galement \u00eatre associ\u00e9s \u00e0 d&#8217;autres conditions m\u00e9dicales, telles [&hellip;]<\/p>\n","protected":false},"featured_media":10461,"comment_status":"open","ping_status":"closed","template":"","meta":[],"pwb-brand":[],"product_brand":[],"product_cat":[15,360,356],"product_tag":[],"class_list":{"0":"post-10613","1":"product","2":"type-product","3":"status-publish","4":"has-post-thumbnail","6":"product_cat-non-classe","7":"product_cat-hormono-immunologie-serologie","8":"product_cat-laboratoire-danalyses-medicales","9":"ts_product_brand-vidas-biomerieux","11":"first","12":"instock","13":"shipping-taxable","14":"purchasable","15":"product-type-simple","16":"add-to-wishlist-after_add_to_cart"},"brands":[],"_links":{"self":[{"href":"https:\/\/catalogue.biofabmed.com\/index.php?rest_route=\/wp\/v2\/product\/10613","targetHints":{"allow":["GET"]}}],"collection":[{"href":"https:\/\/catalogue.biofabmed.com\/index.php?rest_route=\/wp\/v2\/product"}],"about":[{"href":"https:\/\/catalogue.biofabmed.com\/index.php?rest_route=\/wp\/v2\/types\/product"}],"replies":[{"embeddable":true,"href":"https:\/\/catalogue.biofabmed.com\/index.php?rest_route=%2Fwp%2Fv2%2Fcomments&post=10613"}],"wp:featuredmedia":[{"embeddable":true,"href":"https:\/\/catalogue.biofabmed.com\/index.php?rest_route=\/wp\/v2\/media\/10461"}],"wp:attachment":[{"href":"https:\/\/catalogue.biofabmed.com\/index.php?rest_route=%2Fwp%2Fv2%2Fmedia&parent=10613"}],"wp:term":[{"taxonomy":"pwb-brand","embeddable":true,"href":"https:\/\/catalogue.biofabmed.com\/index.php?rest_route=%2Fwp%2Fv2%2Fpwb-brand&post=10613"},{"taxonomy":"product_brand","embeddable":true,"href":"https:\/\/catalogue.biofabmed.com\/index.php?rest_route=%2Fwp%2Fv2%2Fproduct_brand&post=10613"},{"taxonomy":"product_cat","embeddable":true,"href":"https:\/\/catalogue.biofabmed.com\/index.php?rest_route=%2Fwp%2Fv2%2Fproduct_cat&post=10613"},{"taxonomy":"product_tag","embeddable":true,"href":"https:\/\/catalogue.biofabmed.com\/index.php?rest_route=%2Fwp%2Fv2%2Fproduct_tag&post=10613"}],"curies":[{"name":"wp","href":"https:\/\/api.w.org\/{rel}","templated":true}]}}