{"id":10610,"date":"2025-12-12T22:49:52","date_gmt":"2025-12-12T21:49:52","guid":{"rendered":"https:\/\/catalogue.biofabmed.com\/?post_type=product&#038;p=10610"},"modified":"2025-12-15T19:54:34","modified_gmt":"2025-12-15T18:54:34","slug":"vidas-fpsa-30tests-2","status":"publish","type":"product","link":"https:\/\/catalogue.biofabmed.com\/?product=vidas-fpsa-30tests-2","title":{"rendered":"VIDAS FPSA             30TESTS"},"content":{"rendered":"<p>Le test VIDAS FPSA (Free Prostate-Specific Antigen) est un test immunologique qui mesure la concentration de l&#8217;antig\u00e8ne sp\u00e9cifique de la prostate libre (FPSA) dans le s\u00e9rum sanguin. Le FPSA est une forme de PSA (antig\u00e8ne prostatique sp\u00e9cifique) qui circule librement dans le sang. Ce test est utilis\u00e9 dans le d\u00e9pistage et la surveillance du cancer de la prostate chez les hommes, car des niveaux \u00e9lev\u00e9s de FPSA peuvent indiquer la pr\u00e9sence de cancer de la prostate.<\/p>\n","protected":false},"excerpt":{"rendered":"<p>Le test VIDAS FPSA (Free Prostate-Specific Antigen) est un test immunologique qui mesure la concentration de l&#8217;antig\u00e8ne sp\u00e9cifique de la prostate libre (FPSA) dans le s\u00e9rum sanguin. Le FPSA est une forme de PSA (antig\u00e8ne prostatique sp\u00e9cifique) qui circule librement dans le sang. Ce test est utilis\u00e9 dans le d\u00e9pistage et la surveillance du cancer [&hellip;]<\/p>\n","protected":false},"featured_media":10461,"comment_status":"open","ping_status":"closed","template":"","meta":[],"pwb-brand":[],"product_brand":[],"product_cat":[15,360,356],"product_tag":[],"class_list":{"0":"post-10610","1":"product","2":"type-product","3":"status-publish","4":"has-post-thumbnail","6":"product_cat-non-classe","7":"product_cat-hormono-immunologie-serologie","8":"product_cat-laboratoire-danalyses-medicales","9":"ts_product_brand-vidas-biomerieux","11":"first","12":"instock","13":"shipping-taxable","14":"purchasable","15":"product-type-simple","16":"add-to-wishlist-after_add_to_cart"},"brands":[],"_links":{"self":[{"href":"https:\/\/catalogue.biofabmed.com\/index.php?rest_route=\/wp\/v2\/product\/10610","targetHints":{"allow":["GET"]}}],"collection":[{"href":"https:\/\/catalogue.biofabmed.com\/index.php?rest_route=\/wp\/v2\/product"}],"about":[{"href":"https:\/\/catalogue.biofabmed.com\/index.php?rest_route=\/wp\/v2\/types\/product"}],"replies":[{"embeddable":true,"href":"https:\/\/catalogue.biofabmed.com\/index.php?rest_route=%2Fwp%2Fv2%2Fcomments&post=10610"}],"wp:featuredmedia":[{"embeddable":true,"href":"https:\/\/catalogue.biofabmed.com\/index.php?rest_route=\/wp\/v2\/media\/10461"}],"wp:attachment":[{"href":"https:\/\/catalogue.biofabmed.com\/index.php?rest_route=%2Fwp%2Fv2%2Fmedia&parent=10610"}],"wp:term":[{"taxonomy":"pwb-brand","embeddable":true,"href":"https:\/\/catalogue.biofabmed.com\/index.php?rest_route=%2Fwp%2Fv2%2Fpwb-brand&post=10610"},{"taxonomy":"product_brand","embeddable":true,"href":"https:\/\/catalogue.biofabmed.com\/index.php?rest_route=%2Fwp%2Fv2%2Fproduct_brand&post=10610"},{"taxonomy":"product_cat","embeddable":true,"href":"https:\/\/catalogue.biofabmed.com\/index.php?rest_route=%2Fwp%2Fv2%2Fproduct_cat&post=10610"},{"taxonomy":"product_tag","embeddable":true,"href":"https:\/\/catalogue.biofabmed.com\/index.php?rest_route=%2Fwp%2Fv2%2Fproduct_tag&post=10610"}],"curies":[{"name":"wp","href":"https:\/\/api.w.org\/{rel}","templated":true}]}}