{"id":10609,"date":"2025-12-12T22:49:52","date_gmt":"2025-12-12T21:49:52","guid":{"rendered":"https:\/\/catalogue.biofabmed.com\/?post_type=product&#038;p=10609"},"modified":"2025-12-15T19:54:33","modified_gmt":"2025-12-15T18:54:33","slug":"vidas-ft4-60-test-2","status":"publish","type":"product","link":"https:\/\/catalogue.biofabmed.com\/?product=vidas-ft4-60-test-2","title":{"rendered":"VIDAS FT4 60 TEST"},"content":{"rendered":"<p>Le test VIDAS FT4 est un test immunologique qui mesure la concentration de thyroxine libre (FT4) dans le s\u00e9rum sanguin. La FT4 est l&#8217;une des principales hormones thyro\u00efdiennes responsables de la r\u00e9gulation du m\u00e9tabolisme et de la croissance. Ce test est utilis\u00e9 dans le diagnostic et le suivi des troubles thyro\u00efdiens, tels que l&#8217;hypothyro\u00efdie et l&#8217;hyperthyro\u00efdie, ainsi que dans l&#8217;\u00e9valuation de la fonction thyro\u00efdienne chez les femmes enceintes.<\/p>\n","protected":false},"excerpt":{"rendered":"<p>Le test VIDAS FT4 est un test immunologique qui mesure la concentration de thyroxine libre (FT4) dans le s\u00e9rum sanguin. La FT4 est l&#8217;une des principales hormones thyro\u00efdiennes responsables de la r\u00e9gulation du m\u00e9tabolisme et de la croissance. Ce test est utilis\u00e9 dans le diagnostic et le suivi des troubles thyro\u00efdiens, tels que l&#8217;hypothyro\u00efdie et [&hellip;]<\/p>\n","protected":false},"featured_media":10461,"comment_status":"open","ping_status":"closed","template":"","meta":[],"pwb-brand":[],"product_brand":[],"product_cat":[15,360,356],"product_tag":[],"class_list":{"0":"post-10609","1":"product","2":"type-product","3":"status-publish","4":"has-post-thumbnail","6":"product_cat-non-classe","7":"product_cat-hormono-immunologie-serologie","8":"product_cat-laboratoire-danalyses-medicales","9":"ts_product_brand-vidas-biomerieux","11":"first","12":"instock","13":"shipping-taxable","14":"purchasable","15":"product-type-simple","16":"add-to-wishlist-after_add_to_cart"},"brands":[],"_links":{"self":[{"href":"https:\/\/catalogue.biofabmed.com\/index.php?rest_route=\/wp\/v2\/product\/10609","targetHints":{"allow":["GET"]}}],"collection":[{"href":"https:\/\/catalogue.biofabmed.com\/index.php?rest_route=\/wp\/v2\/product"}],"about":[{"href":"https:\/\/catalogue.biofabmed.com\/index.php?rest_route=\/wp\/v2\/types\/product"}],"replies":[{"embeddable":true,"href":"https:\/\/catalogue.biofabmed.com\/index.php?rest_route=%2Fwp%2Fv2%2Fcomments&post=10609"}],"wp:featuredmedia":[{"embeddable":true,"href":"https:\/\/catalogue.biofabmed.com\/index.php?rest_route=\/wp\/v2\/media\/10461"}],"wp:attachment":[{"href":"https:\/\/catalogue.biofabmed.com\/index.php?rest_route=%2Fwp%2Fv2%2Fmedia&parent=10609"}],"wp:term":[{"taxonomy":"pwb-brand","embeddable":true,"href":"https:\/\/catalogue.biofabmed.com\/index.php?rest_route=%2Fwp%2Fv2%2Fpwb-brand&post=10609"},{"taxonomy":"product_brand","embeddable":true,"href":"https:\/\/catalogue.biofabmed.com\/index.php?rest_route=%2Fwp%2Fv2%2Fproduct_brand&post=10609"},{"taxonomy":"product_cat","embeddable":true,"href":"https:\/\/catalogue.biofabmed.com\/index.php?rest_route=%2Fwp%2Fv2%2Fproduct_cat&post=10609"},{"taxonomy":"product_tag","embeddable":true,"href":"https:\/\/catalogue.biofabmed.com\/index.php?rest_route=%2Fwp%2Fv2%2Fproduct_tag&post=10609"}],"curies":[{"name":"wp","href":"https:\/\/api.w.org\/{rel}","templated":true}]}}