{"id":10606,"date":"2025-12-12T22:49:52","date_gmt":"2025-12-12T21:49:52","guid":{"rendered":"https:\/\/catalogue.biofabmed.com\/?post_type=product&#038;p=10606"},"modified":"2025-12-15T19:54:33","modified_gmt":"2025-12-15T18:54:33","slug":"vidas-anti-tg-30-t-2","status":"publish","type":"product","link":"https:\/\/catalogue.biofabmed.com\/?product=vidas-anti-tg-30-t-2","title":{"rendered":"VIDAS ANTI-TG             30 T"},"content":{"rendered":"<p>Le test VIDAS Anti-TG est con\u00e7u pour d\u00e9tecter les anticorps dirig\u00e9s contre la thyroglobuline (TG), une prot\u00e9ine produite par la thyro\u00efde. La pr\u00e9sence d&#8217;anticorps anti-TG est souvent observ\u00e9e dans les maladies auto-immunes thyro\u00efdiennes et peut \u00e9galement \u00eatre associ\u00e9e \u00e0 des cancers de la thyro\u00efde. Ce test est utilis\u00e9 pour le suivi des patients atteints de ces conditions, ainsi que dans le diagnostic diff\u00e9rentiel des troubles thyro\u00efdiens.<\/p>\n","protected":false},"excerpt":{"rendered":"<p>Le test VIDAS Anti-TG est con\u00e7u pour d\u00e9tecter les anticorps dirig\u00e9s contre la thyroglobuline (TG), une prot\u00e9ine produite par la thyro\u00efde. La pr\u00e9sence d&#8217;anticorps anti-TG est souvent observ\u00e9e dans les maladies auto-immunes thyro\u00efdiennes et peut \u00e9galement \u00eatre associ\u00e9e \u00e0 des cancers de la thyro\u00efde. Ce test est utilis\u00e9 pour le suivi des patients atteints de [&hellip;]<\/p>\n","protected":false},"featured_media":10461,"comment_status":"open","ping_status":"closed","template":"","meta":[],"pwb-brand":[],"product_brand":[],"product_cat":[15,360,356],"product_tag":[],"class_list":{"0":"post-10606","1":"product","2":"type-product","3":"status-publish","4":"has-post-thumbnail","6":"product_cat-non-classe","7":"product_cat-hormono-immunologie-serologie","8":"product_cat-laboratoire-danalyses-medicales","9":"ts_product_brand-vidas-biomerieux","11":"first","12":"instock","13":"shipping-taxable","14":"purchasable","15":"product-type-simple","16":"add-to-wishlist-after_add_to_cart"},"brands":[],"_links":{"self":[{"href":"https:\/\/catalogue.biofabmed.com\/index.php?rest_route=\/wp\/v2\/product\/10606","targetHints":{"allow":["GET"]}}],"collection":[{"href":"https:\/\/catalogue.biofabmed.com\/index.php?rest_route=\/wp\/v2\/product"}],"about":[{"href":"https:\/\/catalogue.biofabmed.com\/index.php?rest_route=\/wp\/v2\/types\/product"}],"replies":[{"embeddable":true,"href":"https:\/\/catalogue.biofabmed.com\/index.php?rest_route=%2Fwp%2Fv2%2Fcomments&post=10606"}],"wp:featuredmedia":[{"embeddable":true,"href":"https:\/\/catalogue.biofabmed.com\/index.php?rest_route=\/wp\/v2\/media\/10461"}],"wp:attachment":[{"href":"https:\/\/catalogue.biofabmed.com\/index.php?rest_route=%2Fwp%2Fv2%2Fmedia&parent=10606"}],"wp:term":[{"taxonomy":"pwb-brand","embeddable":true,"href":"https:\/\/catalogue.biofabmed.com\/index.php?rest_route=%2Fwp%2Fv2%2Fpwb-brand&post=10606"},{"taxonomy":"product_brand","embeddable":true,"href":"https:\/\/catalogue.biofabmed.com\/index.php?rest_route=%2Fwp%2Fv2%2Fproduct_brand&post=10606"},{"taxonomy":"product_cat","embeddable":true,"href":"https:\/\/catalogue.biofabmed.com\/index.php?rest_route=%2Fwp%2Fv2%2Fproduct_cat&post=10606"},{"taxonomy":"product_tag","embeddable":true,"href":"https:\/\/catalogue.biofabmed.com\/index.php?rest_route=%2Fwp%2Fv2%2Fproduct_tag&post=10606"}],"curies":[{"name":"wp","href":"https:\/\/api.w.org\/{rel}","templated":true}]}}