{"id":10533,"date":"2025-12-12T22:49:44","date_gmt":"2025-12-12T21:49:44","guid":{"rendered":"https:\/\/catalogue.biofabmed.com\/?post_type=product&#038;p=10533"},"modified":"2025-12-20T20:45:52","modified_gmt":"2025-12-20T19:45:52","slug":"gants-en-nitrile-100","status":"publish","type":"product","link":"https:\/\/catalogue.biofabmed.com\/?product=gants-en-nitrile-100","title":{"rendered":"GANTS  EN NITRILE 100"},"content":{"rendered":"<p>D\u00e9couvrez nos gants en nitrile de haute qualit\u00e9, con\u00e7us pour r\u00e9pondre aux exigences des professionnels de la science. Gr\u00e2ce \u00e0 leur fabrication de haute qualit\u00e9, ces gants assurent une protection maximale, minimisant les risques de contamination et maximisant la s\u00e9curit\u00e9 et la qualit\u00e9 des r\u00e9sultats. Id\u00e9aux pour les environnements de recherche, de diagnostic et d\u2019enseignement.<\/p>\n<h3>Caract\u00e9ristiques Principales :<\/h3>\n<ul>\n<li><strong>Mat\u00e9riau<\/strong> : Nitrile<\/li>\n<li><strong>Taille<\/strong> : Disponible en diff\u00e9rentes tailles pour un ajustement parfait<\/li>\n<li><strong>St\u00e9rilisation<\/strong> : Pr\u00eats \u00e0 l\u2019emploi<\/li>\n<li><strong>Utilisation<\/strong> : Compatibles avec une large gamme de produits chimiques<\/li>\n<li><strong>Packaging<\/strong> : Disponible en bo\u00eete de 100 unit\u00e9s<\/li>\n<\/ul>\n<h3>Avantages :<\/h3>\n<ul>\n<li><strong>Hygi\u00e8ne<\/strong> : St\u00e9rilisation garantie pour \u00e9viter toute contamination.<\/li>\n<li><strong>Praticit\u00e9<\/strong> : Faciles \u00e0 enfiler et \u00e0 enlever, id\u00e9aux pour un espace de travail organis\u00e9.<\/li>\n<\/ul>\n<h3>Applications :<\/h3>\n<ul>\n<li>Recherche en microbiologie<\/li>\n<li>Tests cliniques<\/li>\n<li>Contr\u00f4le qualit\u00e9 dans les industries pharmaceutiques et alimentaires<\/li>\n<\/ul>\n<h3>Prix :<\/h3>\n<ul>\n<li><strong>1500 DA par bo\u00eete<\/strong><\/li>\n<\/ul>\n<h3>Pourquoi Choisir Nos Gants en Nitrile ?<\/h3>\n<p>Avec nos gants en nitrile, vous b\u00e9n\u00e9ficiez d\u2019un produit fiable et performant, con\u00e7u pour optimiser vos travaux de laboratoire. Leur conception minutieuse et leurs mat\u00e9riaux de qualit\u00e9 sup\u00e9rieure font de ces gants un choix de confiance pour les scientifiques et les chercheurs exigeants.<\/p>\n","protected":false},"excerpt":{"rendered":"<p>D\u00e9couvrez nos gants en nitrile de haute qualit\u00e9, con\u00e7us pour r\u00e9pondre aux exigences des professionnels de la science. Gr\u00e2ce \u00e0 leur fabrication de haute qualit\u00e9, ces gants assurent une protection maximale, minimisant les risques de contamination et maximisant la s\u00e9curit\u00e9 et la qualit\u00e9 des r\u00e9sultats. Id\u00e9aux pour les environnements de recherche, de diagnostic et d\u2019enseignement. [&hellip;]<\/p>\n","protected":false},"featured_media":10447,"comment_status":"open","ping_status":"closed","template":"","meta":[],"pwb-brand":[505],"product_brand":[],"product_cat":[357,352,356,344,337],"product_tag":[],"class_list":{"0":"post-10533","1":"product","2":"type-product","3":"status-publish","4":"has-post-thumbnail","6":"pwb-brand-gants-nitrile-vinyle-latex","7":"product_cat-consommables-de-laboratoire","8":"product_cat-hygiene-et-protection","9":"product_cat-laboratoire-danalyses-medicales","10":"product_cat-materiel-chirurgical","11":"product_cat-materiel-medical","12":"ts_product_brand-gants-nitrile-vinyle-latex","14":"first","15":"instock","16":"shipping-taxable","17":"purchasable","18":"product-type-simple","19":"add-to-wishlist-after_add_to_cart"},"brands":[{"id":505,"name":"Gants nitrile \/ vinyle \/ latex","slug":"gants-nitrile-vinyle-latex"}],"_links":{"self":[{"href":"https:\/\/catalogue.biofabmed.com\/index.php?rest_route=\/wp\/v2\/product\/10533","targetHints":{"allow":["GET"]}}],"collection":[{"href":"https:\/\/catalogue.biofabmed.com\/index.php?rest_route=\/wp\/v2\/product"}],"about":[{"href":"https:\/\/catalogue.biofabmed.com\/index.php?rest_route=\/wp\/v2\/types\/product"}],"replies":[{"embeddable":true,"href":"https:\/\/catalogue.biofabmed.com\/index.php?rest_route=%2Fwp%2Fv2%2Fcomments&post=10533"}],"wp:featuredmedia":[{"embeddable":true,"href":"https:\/\/catalogue.biofabmed.com\/index.php?rest_route=\/wp\/v2\/media\/10447"}],"wp:attachment":[{"href":"https:\/\/catalogue.biofabmed.com\/index.php?rest_route=%2Fwp%2Fv2%2Fmedia&parent=10533"}],"wp:term":[{"taxonomy":"pwb-brand","embeddable":true,"href":"https:\/\/catalogue.biofabmed.com\/index.php?rest_route=%2Fwp%2Fv2%2Fpwb-brand&post=10533"},{"taxonomy":"product_brand","embeddable":true,"href":"https:\/\/catalogue.biofabmed.com\/index.php?rest_route=%2Fwp%2Fv2%2Fproduct_brand&post=10533"},{"taxonomy":"product_cat","embeddable":true,"href":"https:\/\/catalogue.biofabmed.com\/index.php?rest_route=%2Fwp%2Fv2%2Fproduct_cat&post=10533"},{"taxonomy":"product_tag","embeddable":true,"href":"https:\/\/catalogue.biofabmed.com\/index.php?rest_route=%2Fwp%2Fv2%2Fproduct_tag&post=10533"}],"curies":[{"name":"wp","href":"https:\/\/api.w.org\/{rel}","templated":true}]}}