{"id":10506,"date":"2025-12-12T22:49:37","date_gmt":"2025-12-12T21:49:37","guid":{"rendered":"https:\/\/catalogue.biofabmed.com\/?post_type=product&#038;p=10506"},"modified":"2025-12-20T22:45:36","modified_gmt":"2025-12-20T21:45:36","slug":"calcium-arsenazo-iii-2125-ml-biolabo-2","status":"publish","type":"product","link":"https:\/\/catalogue.biofabmed.com\/?product=calcium-arsenazo-iii-2125-ml-biolabo-2","title":{"rendered":"CALCIUM ARSENAZO III 2*125 ML Biolabo"},"content":{"rendered":"<p>M\u00e9thode \u00e0 un flacon. Stabilit\u00e9 remarquable. Tous les r\u00e9actifs sont pr\u00eats \u00e0 l&#8217;emploi. Standard inclus dans le kit. Lin\u00e9arit\u00e9 : jusqu&#8217;\u00e0 15 mg\/dL (3,75 mmol\/L). Stabilit\u00e9 et stockage : 2,5 ans \u00e0 18-25\u00b0C.<\/p>\n<p>Cat\u00e9gorie : Biochimie Mod\u00e8le &#8211; Code de r\u00e9f\u00e9rence 90004 &#8211; 2 x 125 ml<\/p>\n","protected":false},"excerpt":{"rendered":"<p>M\u00e9thode \u00e0 un flacon. Stabilit\u00e9 remarquable. Tous les r\u00e9actifs sont pr\u00eats \u00e0 l&#8217;emploi. Standard inclus dans le kit. Lin\u00e9arit\u00e9 : jusqu&#8217;\u00e0 15 mg\/dL (3,75 mmol\/L). Stabilit\u00e9 et stockage : 2,5 ans \u00e0 18-25\u00b0C. Cat\u00e9gorie : Biochimie Mod\u00e8le &#8211; Code de r\u00e9f\u00e9rence 90004 &#8211; 2 x 125 ml<\/p>\n","protected":false},"featured_media":10426,"comment_status":"open","ping_status":"closed","template":"","meta":[],"pwb-brand":[606],"product_brand":[],"product_cat":[15,358,356],"product_tag":[],"class_list":{"0":"post-10506","1":"product","2":"type-product","3":"status-publish","4":"has-post-thumbnail","6":"pwb-brand-biolabo","7":"product_cat-non-classe","8":"product_cat-biochimie","9":"product_cat-laboratoire-danalyses-medicales","10":"ts_product_brand-biolabo","12":"first","13":"instock","14":"shipping-taxable","15":"purchasable","16":"product-type-simple","17":"add-to-wishlist-after_add_to_cart"},"brands":[{"id":606,"name":"Biolabo","slug":"biolabo"}],"_links":{"self":[{"href":"https:\/\/catalogue.biofabmed.com\/index.php?rest_route=\/wp\/v2\/product\/10506","targetHints":{"allow":["GET"]}}],"collection":[{"href":"https:\/\/catalogue.biofabmed.com\/index.php?rest_route=\/wp\/v2\/product"}],"about":[{"href":"https:\/\/catalogue.biofabmed.com\/index.php?rest_route=\/wp\/v2\/types\/product"}],"replies":[{"embeddable":true,"href":"https:\/\/catalogue.biofabmed.com\/index.php?rest_route=%2Fwp%2Fv2%2Fcomments&post=10506"}],"wp:featuredmedia":[{"embeddable":true,"href":"https:\/\/catalogue.biofabmed.com\/index.php?rest_route=\/wp\/v2\/media\/10426"}],"wp:attachment":[{"href":"https:\/\/catalogue.biofabmed.com\/index.php?rest_route=%2Fwp%2Fv2%2Fmedia&parent=10506"}],"wp:term":[{"taxonomy":"pwb-brand","embeddable":true,"href":"https:\/\/catalogue.biofabmed.com\/index.php?rest_route=%2Fwp%2Fv2%2Fpwb-brand&post=10506"},{"taxonomy":"product_brand","embeddable":true,"href":"https:\/\/catalogue.biofabmed.com\/index.php?rest_route=%2Fwp%2Fv2%2Fproduct_brand&post=10506"},{"taxonomy":"product_cat","embeddable":true,"href":"https:\/\/catalogue.biofabmed.com\/index.php?rest_route=%2Fwp%2Fv2%2Fproduct_cat&post=10506"},{"taxonomy":"product_tag","embeddable":true,"href":"https:\/\/catalogue.biofabmed.com\/index.php?rest_route=%2Fwp%2Fv2%2Fproduct_tag&post=10506"}],"curies":[{"name":"wp","href":"https:\/\/api.w.org\/{rel}","templated":true}]}}