{"id":10500,"date":"2025-12-12T22:49:34","date_gmt":"2025-12-12T21:49:34","guid":{"rendered":"https:\/\/catalogue.biofabmed.com\/?post_type=product&#038;p=10500"},"modified":"2025-12-20T22:45:34","modified_gmt":"2025-12-20T21:45:34","slug":"ck-nac-203-ml-biolabo","status":"publish","type":"product","link":"https:\/\/catalogue.biofabmed.com\/?product=ck-nac-203-ml-biolabo","title":{"rendered":"CK-NAC  20*3 ML Biolabo"},"content":{"rendered":"<p>M\u00e9thode \u00e0 un flacon. Poudre s\u00e8che (Tampon inclus). Reconstitution facile et rapide (2 minutes). Lin\u00e9arit\u00e9 : jusqu&#8217;\u00e0 1000 UI\/L (17 \u00b5Kat\/L). Stabilit\u00e9 et stockage \u00e0 2-8\u00b0C : Non ouvert : 3 ans. R\u00e9actif en cours d&#8217;utilisation : 30 jours.<\/p>\n","protected":false},"excerpt":{"rendered":"<p>M\u00e9thode \u00e0 un flacon. Poudre s\u00e8che (Tampon inclus). Reconstitution facile et rapide (2 minutes). Lin\u00e9arit\u00e9 : jusqu&#8217;\u00e0 1000 UI\/L (17 \u00b5Kat\/L). Stabilit\u00e9 et stockage \u00e0 2-8\u00b0C : Non ouvert : 3 ans. R\u00e9actif en cours d&#8217;utilisation : 30 jours.<\/p>\n","protected":false},"featured_media":10429,"comment_status":"open","ping_status":"closed","template":"","meta":[],"pwb-brand":[606],"product_brand":[],"product_cat":[15,358,356],"product_tag":[],"class_list":{"0":"post-10500","1":"product","2":"type-product","3":"status-publish","4":"has-post-thumbnail","6":"pwb-brand-biolabo","7":"product_cat-non-classe","8":"product_cat-biochimie","9":"product_cat-laboratoire-danalyses-medicales","10":"ts_product_brand-biolabo","12":"first","13":"instock","14":"shipping-taxable","15":"purchasable","16":"product-type-simple","17":"add-to-wishlist-after_add_to_cart"},"brands":[{"id":606,"name":"Biolabo","slug":"biolabo"}],"_links":{"self":[{"href":"https:\/\/catalogue.biofabmed.com\/index.php?rest_route=\/wp\/v2\/product\/10500","targetHints":{"allow":["GET"]}}],"collection":[{"href":"https:\/\/catalogue.biofabmed.com\/index.php?rest_route=\/wp\/v2\/product"}],"about":[{"href":"https:\/\/catalogue.biofabmed.com\/index.php?rest_route=\/wp\/v2\/types\/product"}],"replies":[{"embeddable":true,"href":"https:\/\/catalogue.biofabmed.com\/index.php?rest_route=%2Fwp%2Fv2%2Fcomments&post=10500"}],"wp:featuredmedia":[{"embeddable":true,"href":"https:\/\/catalogue.biofabmed.com\/index.php?rest_route=\/wp\/v2\/media\/10429"}],"wp:attachment":[{"href":"https:\/\/catalogue.biofabmed.com\/index.php?rest_route=%2Fwp%2Fv2%2Fmedia&parent=10500"}],"wp:term":[{"taxonomy":"pwb-brand","embeddable":true,"href":"https:\/\/catalogue.biofabmed.com\/index.php?rest_route=%2Fwp%2Fv2%2Fpwb-brand&post=10500"},{"taxonomy":"product_brand","embeddable":true,"href":"https:\/\/catalogue.biofabmed.com\/index.php?rest_route=%2Fwp%2Fv2%2Fproduct_brand&post=10500"},{"taxonomy":"product_cat","embeddable":true,"href":"https:\/\/catalogue.biofabmed.com\/index.php?rest_route=%2Fwp%2Fv2%2Fproduct_cat&post=10500"},{"taxonomy":"product_tag","embeddable":true,"href":"https:\/\/catalogue.biofabmed.com\/index.php?rest_route=%2Fwp%2Fv2%2Fproduct_tag&post=10500"}],"curies":[{"name":"wp","href":"https:\/\/api.w.org\/{rel}","templated":true}]}}