{"id":10483,"date":"2025-12-12T22:49:33","date_gmt":"2025-12-12T21:49:33","guid":{"rendered":"https:\/\/catalogue.biofabmed.com\/?post_type=product&#038;p=10483"},"modified":"2025-12-12T22:49:35","modified_gmt":"2025-12-12T21:49:35","slug":"analyseur-de-chimie-clinique-automatique-bs-360e-2","status":"publish","type":"product","link":"https:\/\/catalogue.biofabmed.com\/?product=analyseur-de-chimie-clinique-automatique-bs-360e-2","title":{"rendered":"Analyseur de chimie clinique automatique BS-360E"},"content":{"rendered":"<p>Le BS-360E est un analyseur chimique de paillasse phare, avec un encombrement r\u00e9duit, une fonctionnalit\u00e9 robuste, des conceptions conviviales et une longue dur\u00e9e de vie. Conception r\u00e9fl\u00e9chie Chargement et d\u00e9chargement faciles des \u00e9chantillons Importation d&#8217;un calibrateur \u00e0 cl\u00e9 unique Fonction d&#8217;\u00e9chantillonnage intelligent de l&#8217;HbA1c H\u00e9molyse embarqu\u00e9e Caract\u00e9ristiques Sonde intelligente avec d\u00e9tection de colmatage en option. Station de lavage optimis\u00e9e Module ISE optionnel facile d&#8217;acc\u00e8s<\/p>\n","protected":false},"excerpt":{"rendered":"<p>Le BS-360E est un analyseur chimique de paillasse phare, avec un encombrement r\u00e9duit, une fonctionnalit\u00e9 robuste, des conceptions conviviales et une longue dur\u00e9e de vie. Conception r\u00e9fl\u00e9chie Chargement et d\u00e9chargement faciles des \u00e9chantillons Importation d&#8217;un calibrateur \u00e0 cl\u00e9 unique Fonction d&#8217;\u00e9chantillonnage intelligent de l&#8217;HbA1c H\u00e9molyse embarqu\u00e9e Caract\u00e9ristiques Sonde intelligente avec d\u00e9tection de colmatage en option. [&hellip;]<\/p>\n","protected":false},"featured_media":10420,"comment_status":"open","ping_status":"closed","template":"","meta":[],"pwb-brand":[],"product_brand":[],"product_cat":[15],"product_tag":[],"class_list":{"0":"post-10483","1":"product","2":"type-product","3":"status-publish","4":"has-post-thumbnail","6":"product_cat-non-classe","8":"first","9":"instock","10":"shipping-taxable","11":"purchasable","12":"product-type-simple","13":"add-to-wishlist-after_add_to_cart"},"brands":[],"_links":{"self":[{"href":"https:\/\/catalogue.biofabmed.com\/index.php?rest_route=\/wp\/v2\/product\/10483","targetHints":{"allow":["GET"]}}],"collection":[{"href":"https:\/\/catalogue.biofabmed.com\/index.php?rest_route=\/wp\/v2\/product"}],"about":[{"href":"https:\/\/catalogue.biofabmed.com\/index.php?rest_route=\/wp\/v2\/types\/product"}],"replies":[{"embeddable":true,"href":"https:\/\/catalogue.biofabmed.com\/index.php?rest_route=%2Fwp%2Fv2%2Fcomments&post=10483"}],"wp:featuredmedia":[{"embeddable":true,"href":"https:\/\/catalogue.biofabmed.com\/index.php?rest_route=\/wp\/v2\/media\/10420"}],"wp:attachment":[{"href":"https:\/\/catalogue.biofabmed.com\/index.php?rest_route=%2Fwp%2Fv2%2Fmedia&parent=10483"}],"wp:term":[{"taxonomy":"pwb-brand","embeddable":true,"href":"https:\/\/catalogue.biofabmed.com\/index.php?rest_route=%2Fwp%2Fv2%2Fpwb-brand&post=10483"},{"taxonomy":"product_brand","embeddable":true,"href":"https:\/\/catalogue.biofabmed.com\/index.php?rest_route=%2Fwp%2Fv2%2Fproduct_brand&post=10483"},{"taxonomy":"product_cat","embeddable":true,"href":"https:\/\/catalogue.biofabmed.com\/index.php?rest_route=%2Fwp%2Fv2%2Fproduct_cat&post=10483"},{"taxonomy":"product_tag","embeddable":true,"href":"https:\/\/catalogue.biofabmed.com\/index.php?rest_route=%2Fwp%2Fv2%2Fproduct_tag&post=10483"}],"curies":[{"name":"wp","href":"https:\/\/api.w.org\/{rel}","templated":true}]}}