{"id":10479,"date":"2025-12-12T22:49:33","date_gmt":"2025-12-12T21:49:33","guid":{"rendered":"https:\/\/catalogue.biofabmed.com\/?post_type=product&#038;p=10479"},"modified":"2025-12-12T22:49:35","modified_gmt":"2025-12-12T21:49:35","slug":"ldh-203-ml","status":"publish","type":"product","link":"https:\/\/catalogue.biofabmed.com\/?product=ldh-203-ml","title":{"rendered":"LDH 20*3 ML"},"content":{"rendered":"<p>L\u2019activit\u00e9 Lactate Deshydrog\u00e9nase (LDH) est pr\u00e9sente dans toutes les cellules de l\u2019organisme. Comparativement au s\u00e9rum, cette activit\u00e9 est<br \/>\nparticuli\u00e8rement \u00e9lev\u00e9e dans le foie, le c\u0153ur, le rein, les muscles squelettiques et les \u00e9rythrocytes. En plus de leur activit\u00e9 LDH, la<br \/>\nplupart de ces tissus ont une composition isoenzymatique diff\u00e9rente (s\u00e9parable par \u00e9lectrophor\u00e8se).<br \/>\nSuite \u00e0 un infarctus du myocarde, l\u2019activit\u00e9 LDH totale dans le s\u00e9rum augmente 12 \u00e0 18 h apr\u00e8s les premiers sympt\u00f4mes, atteint son maximum apr\u00e8s 48 \u00e0 72 h et revient \u00e0 des valeurs proches de la normale apr\u00e8s 6 \u00e0 10 jours. Une \u00e9l\u00e9vation de l\u2019activit\u00e9 LDH est aussi observ\u00e9e en cas de l\u00e9sion r\u00e9nale, d\u2019h\u00e9patites, d\u2019an\u00e9mies, d\u2019embolie pulmonaire, de cancers, de l\u00e9sions ou maladies musculaires.<\/p>\n<p><strong>Caract\u00e9ristiques<\/strong><br \/>\nPoudre lyophilis\u00e9e<br \/>\nTampon de dilution inclus<br \/>\nReconstitution rapide et facile (2 minutes)<br \/>\nLin\u00e9arit\u00e9 jusqu\u2019\u00e0 1500 UI\/L (25,5 \u00b5Kat\/L)<br \/>\nStabilit\u00e9 et conservation \u00e0 2-8\u00b0C<br \/>\nAvant ouverture : 2 ans<br \/>\nR\u00e9actif de travail : 30 jours<\/p>\n<p><strong>Principe<\/strong><br \/>\nM\u00e9thode SFBC modifi\u00e9e (Henry et al).<br \/>\nR\u00e9actif pour le dosage quantitatif de l\u2019activit\u00e9 Lactate D\u00e9shydrog\u00e9nase dans le s\u00e9rum ou le plasma humain.<br \/>\nLecture cin\u00e9tique \u00e0 340 nm.<\/p>\n","protected":false},"excerpt":{"rendered":"<p>L\u2019activit\u00e9 Lactate Deshydrog\u00e9nase (LDH) est pr\u00e9sente dans toutes les cellules de l\u2019organisme. Comparativement au s\u00e9rum, cette activit\u00e9 est particuli\u00e8rement \u00e9lev\u00e9e dans le foie, le c\u0153ur, le rein, les muscles squelettiques et les \u00e9rythrocytes. En plus de leur activit\u00e9 LDH, la plupart de ces tissus ont une composition isoenzymatique diff\u00e9rente (s\u00e9parable par \u00e9lectrophor\u00e8se). Suite \u00e0 un [&hellip;]<\/p>\n","protected":false},"featured_media":10416,"comment_status":"open","ping_status":"closed","template":"","meta":[],"pwb-brand":[],"product_brand":[],"product_cat":[15],"product_tag":[],"class_list":{"0":"post-10479","1":"product","2":"type-product","3":"status-publish","4":"has-post-thumbnail","6":"product_cat-non-classe","8":"first","9":"outofstock","10":"shipping-taxable","11":"purchasable","12":"product-type-simple","13":"add-to-wishlist-after_add_to_cart"},"brands":[],"_links":{"self":[{"href":"https:\/\/catalogue.biofabmed.com\/index.php?rest_route=\/wp\/v2\/product\/10479","targetHints":{"allow":["GET"]}}],"collection":[{"href":"https:\/\/catalogue.biofabmed.com\/index.php?rest_route=\/wp\/v2\/product"}],"about":[{"href":"https:\/\/catalogue.biofabmed.com\/index.php?rest_route=\/wp\/v2\/types\/product"}],"replies":[{"embeddable":true,"href":"https:\/\/catalogue.biofabmed.com\/index.php?rest_route=%2Fwp%2Fv2%2Fcomments&post=10479"}],"wp:featuredmedia":[{"embeddable":true,"href":"https:\/\/catalogue.biofabmed.com\/index.php?rest_route=\/wp\/v2\/media\/10416"}],"wp:attachment":[{"href":"https:\/\/catalogue.biofabmed.com\/index.php?rest_route=%2Fwp%2Fv2%2Fmedia&parent=10479"}],"wp:term":[{"taxonomy":"pwb-brand","embeddable":true,"href":"https:\/\/catalogue.biofabmed.com\/index.php?rest_route=%2Fwp%2Fv2%2Fpwb-brand&post=10479"},{"taxonomy":"product_brand","embeddable":true,"href":"https:\/\/catalogue.biofabmed.com\/index.php?rest_route=%2Fwp%2Fv2%2Fproduct_brand&post=10479"},{"taxonomy":"product_cat","embeddable":true,"href":"https:\/\/catalogue.biofabmed.com\/index.php?rest_route=%2Fwp%2Fv2%2Fproduct_cat&post=10479"},{"taxonomy":"product_tag","embeddable":true,"href":"https:\/\/catalogue.biofabmed.com\/index.php?rest_route=%2Fwp%2Fv2%2Fproduct_tag&post=10479"}],"curies":[{"name":"wp","href":"https:\/\/api.w.org\/{rel}","templated":true}]}}