{"id":10478,"date":"2025-12-12T22:49:33","date_gmt":"2025-12-12T21:49:33","guid":{"rendered":"https:\/\/catalogue.biofabmed.com\/?post_type=product&#038;p=10478"},"modified":"2025-12-17T09:31:48","modified_gmt":"2025-12-17T08:31:48","slug":"bilirubine-td-2200-ml","status":"publish","type":"product","link":"https:\/\/catalogue.biofabmed.com\/?product=bilirubine-td-2200-ml","title":{"rendered":"BILIRUBINE T&#038;D 2*200 ML"},"content":{"rendered":"<p><strong>Pr\u00e9sentation<\/strong><br \/>\nR1 : 2 x 200 mL<br \/>\nR2 : 1 x 10 mL<\/p>\n<p><strong>Pr\u00e9sentation<\/strong><br \/>\nR\u00e9actifs pr\u00eats \u00e0 l\u2019emploi.<br \/>\nLin\u00e9arit\u00e9 : jusqu\u2019\u00e0 1000 mg\/L (1710 \u00b5mol\/L) sur sp\u00e9cimens p\u00e9diatriques.<br \/>\nStabilit\u00e9 et conservation : 2 ans \u00e0 2-8\u00b0C.<\/p>\n<p><strong>Principe<\/strong><br \/>\nM\u00e9thode \u00e0 la dichloroaniline (principe de Rand et Di Pasqua automatis\u00e9e par Golub et al)<br \/>\nR\u00e9action en 1 \u00e0 2 minutes \u00e0 37\u00b0C.<br \/>\nLecture en point final \u00e0 550 nm (540-560)<br \/>\nR\u00e9action en 5 minutes \u00e0 37\u00b0C.<\/p>\n","protected":false},"excerpt":{"rendered":"<p>Pr\u00e9sentation R1 : 2 x 200 mL R2 : 1 x 10 mL Pr\u00e9sentation R\u00e9actifs pr\u00eats \u00e0 l\u2019emploi. Lin\u00e9arit\u00e9 : jusqu\u2019\u00e0 1000 mg\/L (1710 \u00b5mol\/L) sur sp\u00e9cimens p\u00e9diatriques. Stabilit\u00e9 et conservation : 2 ans \u00e0 2-8\u00b0C. Principe M\u00e9thode \u00e0 la dichloroaniline (principe de Rand et Di Pasqua automatis\u00e9e par Golub et al) R\u00e9action en 1 [&hellip;]<\/p>\n","protected":false},"featured_media":10414,"comment_status":"open","ping_status":"closed","template":"","meta":[],"pwb-brand":[],"product_brand":[],"product_cat":[359,356],"product_tag":[],"class_list":{"0":"post-10478","1":"product","2":"type-product","3":"status-publish","4":"has-post-thumbnail","6":"product_cat-hematologie","7":"product_cat-laboratoire-danalyses-medicales","8":"ts_product_brand-reactifs-et-solutions","10":"first","11":"instock","12":"shipping-taxable","13":"purchasable","14":"product-type-simple","15":"add-to-wishlist-after_add_to_cart"},"brands":[],"_links":{"self":[{"href":"https:\/\/catalogue.biofabmed.com\/index.php?rest_route=\/wp\/v2\/product\/10478","targetHints":{"allow":["GET"]}}],"collection":[{"href":"https:\/\/catalogue.biofabmed.com\/index.php?rest_route=\/wp\/v2\/product"}],"about":[{"href":"https:\/\/catalogue.biofabmed.com\/index.php?rest_route=\/wp\/v2\/types\/product"}],"replies":[{"embeddable":true,"href":"https:\/\/catalogue.biofabmed.com\/index.php?rest_route=%2Fwp%2Fv2%2Fcomments&post=10478"}],"wp:featuredmedia":[{"embeddable":true,"href":"https:\/\/catalogue.biofabmed.com\/index.php?rest_route=\/wp\/v2\/media\/10414"}],"wp:attachment":[{"href":"https:\/\/catalogue.biofabmed.com\/index.php?rest_route=%2Fwp%2Fv2%2Fmedia&parent=10478"}],"wp:term":[{"taxonomy":"pwb-brand","embeddable":true,"href":"https:\/\/catalogue.biofabmed.com\/index.php?rest_route=%2Fwp%2Fv2%2Fpwb-brand&post=10478"},{"taxonomy":"product_brand","embeddable":true,"href":"https:\/\/catalogue.biofabmed.com\/index.php?rest_route=%2Fwp%2Fv2%2Fproduct_brand&post=10478"},{"taxonomy":"product_cat","embeddable":true,"href":"https:\/\/catalogue.biofabmed.com\/index.php?rest_route=%2Fwp%2Fv2%2Fproduct_cat&post=10478"},{"taxonomy":"product_tag","embeddable":true,"href":"https:\/\/catalogue.biofabmed.com\/index.php?rest_route=%2Fwp%2Fv2%2Fproduct_tag&post=10478"}],"curies":[{"name":"wp","href":"https:\/\/api.w.org\/{rel}","templated":true}]}}